{"id":32477,"date":"2025-11-01T15:03:01","date_gmt":"2025-11-01T15:03:01","guid":{"rendered":"https:\/\/siulubangos.lt\/?post_type=product&#038;p=32477"},"modified":"2026-01-28T13:07:32","modified_gmt":"2026-01-28T11:07:32","slug":"pilienu-pogas-dzeltenas-15-mm","status":"publish","type":"product","link":"https:\/\/siulubangos.lt\/lv\/parduotuve\/drops-sagos-gelytes-15-mm\/","title":{"rendered":"Punkti\u0146i ziedi (15 mm)"},"content":{"rendered":"<h2>Punkti\u0146i ziedi (15 mm)<\/h2>\n<p data-start=\"183\" data-end=\"475\">DROPS pogas Ziedi ir stil\u012bga un praktiska izv\u0113le b\u0113rnu ap\u0123\u0113rbiem, d\u017eemperiem, aksesu\u0101riem vai ar rok\u0101m darin\u0101tiem rot\u0101jumiem. Ziedu formas dizains pie\u0161\u0137ir projektiem maigu, rota\u013c\u012bgu un izteiksm\u012bgu piesk\u0101rienu, padarot t\u0101s par lielisku veidu, k\u0101 pie\u0161\u0137irt dekorat\u012bvu piesk\u0101rienu darbiem.<\/p>\n<p data-start=\"477\" data-end=\"715\">Sagas <strong data-start=\"483\" data-end=\"499\">Izm\u0113rs 15 mm<\/strong>, t\u0101p\u0113c tas ir ide\u0101li piem\u0113rots maz\u0101kiem projektiem, piem\u0113ram, mazu b\u0113rnu un z\u012bdai\u0146u ap\u0123\u0113rbiem, \u0161all\u0113m, cepur\u0113m vai aksesu\u0101riem. Augstas kvalit\u0101tes ra\u017eo\u0161ana nodro\u0161ina, ka pogas ir iztur\u012bgas, vieglas un \u0113rtas ikdienas lieto\u0161anai.<\/p>","protected":false},"excerpt":{"rendered":"<p>\u0160\u012bs Drops koka pogas ir smalka dabiskuma un meistar\u012bbas kombin\u0101cija. Katrai pogai ir unik\u0101la koka tekst\u016bra un smalki iegrav\u0113ti ziedu raksti, kas pie\u0161\u0137ir j\u016bsu darbiem m\u0101j\u012bgu un unik\u0101lu piesk\u0101rienu. Pogas ir iztur\u012bgas, iztur\u012bgas un daudzpus\u012bgas - ide\u0101li piem\u0113rotas gan ad\u012btiem, gan \u0161\u016btiem darbiem. Mazg\u0101jamas l\u012bdz 40 \u00b0C temperat\u016br\u0101.<\/p>","protected":false},"featured_media":32467,"comment_status":"open","ping_status":"closed","template":"","meta":{"_acf_changed":false},"product_brand":[559],"product_cat":[310,1115,529,528,539],"product_tag":[594],"class_list":{"0":"post-32477","1":"product","2":"type-product","3":"status-publish","4":"has-post-thumbnail","6":"product_brand-drops","7":"product_cat-mezgimo-priemones","8":"product_cat-drops-kitos-priemones","9":"product_cat-gamintojas-kitos-priemones","10":"product_cat-priemones-tipas","11":"product_cat-sagos","12":"product_tag-drops","14":"first","15":"instock","16":"taxable","17":"shipping-taxable","18":"purchasable","19":"product-type-simple"},"acf":[],"_links":{"self":[{"href":"https:\/\/siulubangos.lt\/lv\/wp-json\/wp\/v2\/product\/32477","targetHints":{"allow":["GET"]}}],"collection":[{"href":"https:\/\/siulubangos.lt\/lv\/wp-json\/wp\/v2\/product"}],"about":[{"href":"https:\/\/siulubangos.lt\/lv\/wp-json\/wp\/v2\/types\/product"}],"replies":[{"embeddable":true,"href":"https:\/\/siulubangos.lt\/lv\/wp-json\/wp\/v2\/comments?post=32477"}],"version-history":[{"count":0,"href":"https:\/\/siulubangos.lt\/lv\/wp-json\/wp\/v2\/product\/32477\/revisions"}],"wp:featuredmedia":[{"embeddable":true,"href":"https:\/\/siulubangos.lt\/lv\/wp-json\/wp\/v2\/media\/32467"}],"wp:attachment":[{"href":"https:\/\/siulubangos.lt\/lv\/wp-json\/wp\/v2\/media?parent=32477"}],"wp:term":[{"taxonomy":"product_brand","embeddable":true,"href":"https:\/\/siulubangos.lt\/lv\/wp-json\/wp\/v2\/product_brand?post=32477"},{"taxonomy":"product_cat","embeddable":true,"href":"https:\/\/siulubangos.lt\/lv\/wp-json\/wp\/v2\/product_cat?post=32477"},{"taxonomy":"product_tag","embeddable":true,"href":"https:\/\/siulubangos.lt\/lv\/wp-json\/wp\/v2\/product_tag?post=32477"}],"curies":[{"name":"wp","href":"https:\/\/api.w.org\/{rel}","templated":true}]}}