{"id":32504,"date":"2025-11-01T15:31:15","date_gmt":"2025-11-01T15:31:15","guid":{"rendered":"https:\/\/siulubangos.lt\/?post_type=product&#038;p=32504"},"modified":"2026-01-12T14:30:36","modified_gmt":"2026-01-12T12:30:36","slug":"dizskabarza-pogas-20-25-mm","status":"publish","type":"product","link":"https:\/\/siulubangos.lt\/lv\/parduotuve\/drops-buko-medienos-sagos-20-25-mm\/","title":{"rendered":"Pilieni di\u017esk\u0101bar\u017ea pogas ( 20 - 25 mm )"},"content":{"rendered":"<h2>Pilieni di\u017esk\u0101bar\u017ea pogas ( 20 - 25 mm )<\/h2>\n<p data-start=\"197\" data-end=\"516\">DROPS buka koka pogas ir praktiska un est\u0113tiska izv\u0113le d\u017eemperiem, kardig\u0101niem, vest\u0113m, aksesu\u0101riem un citiem ar rok\u0101m darin\u0101tiem izstr\u0101d\u0101jumiem. \u0160\u012bs pogas ir izgatavotas no dab\u012bga di\u017esk\u0101bar\u017ea, t\u0101m ir gai\u0161s, silts tonis un smalka, gluda tekst\u016bra, kas viegli sapl\u016bst ar visu kr\u0101su dzij\u0101m.<\/p>\n<p data-start=\"518\" data-end=\"757\">Pieejamie izm\u0113ri <strong data-start=\"533\" data-end=\"551\">20 mm un 25 mm<\/strong>, t\u0101p\u0113c pogas ir piem\u0113rotas gan vid\u0113ja izm\u0113ra, gan liel\u0101kiem projektiem. Di\u017esk\u0101bardis ir stiprs un iztur\u012bgs, notur\u012bgs pret nodilumu, un r\u016bp\u012bgi apstr\u0101d\u0101t\u0101 virsma nodro\u0161ina \u0113rtu lieto\u0161anu un iztur\u012bbu.<\/p>","protected":false},"excerpt":{"rendered":"<p>Katra Drops poga ir neliels gabali\u0146\u0161 dab\u012bga di\u017esk\u0101bar\u017ea koka, kas piepilda ar siltumu un vienk\u0101r\u0161\u012bbu. T\u0101s ir iztur\u012bgas, bet vienlaikus smalkas, un pie\u0161\u0137ir j\u016bsu izstr\u0101d\u0101jumiem dabisku eleganci. Viegli kopjamas - mazg\u0101jamas l\u012bdz 40 \u00b0C temperat\u016br\u0101.<\/p>","protected":false},"featured_media":32509,"comment_status":"open","ping_status":"closed","template":"","meta":{"_acf_changed":false},"product_brand":[559],"product_cat":[310,1115,529,528,539],"product_tag":[594],"class_list":{"0":"post-32504","1":"product","2":"type-product","3":"status-publish","4":"has-post-thumbnail","6":"product_brand-drops","7":"product_cat-mezgimo-priemones","8":"product_cat-drops-kitos-priemones","9":"product_cat-gamintojas-kitos-priemones","10":"product_cat-priemones-tipas","11":"product_cat-sagos","12":"product_tag-drops","13":"pa_dydis-20-mm","14":"pa_dydis-25-mm","16":"first","17":"instock","18":"taxable","19":"shipping-taxable","20":"purchasable","21":"product-type-variable"},"acf":[],"_links":{"self":[{"href":"https:\/\/siulubangos.lt\/lv\/wp-json\/wp\/v2\/product\/32504","targetHints":{"allow":["GET"]}}],"collection":[{"href":"https:\/\/siulubangos.lt\/lv\/wp-json\/wp\/v2\/product"}],"about":[{"href":"https:\/\/siulubangos.lt\/lv\/wp-json\/wp\/v2\/types\/product"}],"replies":[{"embeddable":true,"href":"https:\/\/siulubangos.lt\/lv\/wp-json\/wp\/v2\/comments?post=32504"}],"version-history":[{"count":0,"href":"https:\/\/siulubangos.lt\/lv\/wp-json\/wp\/v2\/product\/32504\/revisions"}],"wp:featuredmedia":[{"embeddable":true,"href":"https:\/\/siulubangos.lt\/lv\/wp-json\/wp\/v2\/media\/32509"}],"wp:attachment":[{"href":"https:\/\/siulubangos.lt\/lv\/wp-json\/wp\/v2\/media?parent=32504"}],"wp:term":[{"taxonomy":"product_brand","embeddable":true,"href":"https:\/\/siulubangos.lt\/lv\/wp-json\/wp\/v2\/product_brand?post=32504"},{"taxonomy":"product_cat","embeddable":true,"href":"https:\/\/siulubangos.lt\/lv\/wp-json\/wp\/v2\/product_cat?post=32504"},{"taxonomy":"product_tag","embeddable":true,"href":"https:\/\/siulubangos.lt\/lv\/wp-json\/wp\/v2\/product_tag?post=32504"}],"curies":[{"name":"wp","href":"https:\/\/api.w.org\/{rel}","templated":true}]}}