{"id":32550,"date":"2025-11-01T16:27:10","date_gmt":"2025-11-01T16:27:10","guid":{"rendered":"https:\/\/siulubangos.lt\/?post_type=product&#038;p=32550"},"modified":"2026-01-12T14:04:08","modified_gmt":"2026-01-12T12:04:08","slug":"perlu-pogas-20-mm","status":"publish","type":"product","link":"https:\/\/siulubangos.lt\/lv\/parduotuve\/drops-perlamutrines-sagos-20-mm\/","title":{"rendered":"P\u0113r\u013cpumpuru pogas ( 20 mm )"},"content":{"rendered":"<h2>P\u0113r\u013cpumpuru pogas ( 20 mm )<\/h2>\n<p data-start=\"177\" data-end=\"517\">DROPS p\u0113r\u013cu pogas ir stil\u012bga un praktiska izv\u0113le d\u017eemperiem, \u017eaket\u0113m, aksesu\u0101riem vai citiem rokdarbu projektiem. Dab\u012bgais perlamutrs pie\u0161\u0137ir pog\u0101m smalku sp\u012bdumu un eleganci, bet dab\u012bgais perlamutrs <strong data-start=\"395\" data-end=\"410\">Izm\u0113rs 20 mm<\/strong> Ide\u0101li piem\u0113rots gan ap\u0123\u0113rbiem, gan aksesu\u0101riem, kuriem nepiecie\u0161ama uzticama un est\u0113tiska aizdare.<\/p>\n<p data-start=\"519\" data-end=\"759\">Augstas kvalit\u0101tes izgatavo\u0161ana nodro\u0161ina, ka pogas ir iztur\u012bgas, notur\u012bgas pret ikdienas lieto\u0161anu un saglab\u0101 savu \u0161armu un kr\u0101su pat p\u0113c daudz\u0101m mazg\u0101\u0161anas reiz\u0113m. Dab\u012bgais perlamutrs pie\u0161\u0137ir rokdarbu projektiem profesionalit\u0101ti un izsmalcin\u0101t\u012bbu.<\/p>","protected":false},"excerpt":{"rendered":"<p>\u0160\u012bs Drops perlamutra pogas ir izgatavotas no dabiskas \u010daumalu masas, t\u0101p\u0113c katra no t\u0101m ir unik\u0101la un vienreiz\u0113ja. T\u0101s valdzina ar savu smalko perlamutra sp\u012bdumu, iztur\u012bbu un izsmalcin\u0101to apdari, pie\u0161\u0137irot greznuma piesk\u0101rienu j\u016bsu ar rok\u0101m darin\u0101tajiem izstr\u0101d\u0101jumiem. T\u0101s ir viegli kopjamas - mazg\u0101jamas l\u012bdz 40 \u00b0C temperat\u016br\u0101 - un saglab\u0101 savu skaistumu un iztur\u012bbu pat ikdienas lieto\u0161anas laik\u0101.<\/p>","protected":false},"featured_media":32555,"comment_status":"open","ping_status":"closed","template":"","meta":{"_acf_changed":false},"product_brand":[559],"product_cat":[310,1115,529,528,539],"product_tag":[594],"class_list":{"0":"post-32550","1":"product","2":"type-product","3":"status-publish","4":"has-post-thumbnail","6":"product_brand-drops","7":"product_cat-mezgimo-priemones","8":"product_cat-drops-kitos-priemones","9":"product_cat-gamintojas-kitos-priemones","10":"product_cat-priemones-tipas","11":"product_cat-sagos","12":"product_tag-drops","14":"first","15":"instock","16":"taxable","17":"shipping-taxable","18":"purchasable","19":"product-type-simple"},"acf":[],"_links":{"self":[{"href":"https:\/\/siulubangos.lt\/lv\/wp-json\/wp\/v2\/product\/32550","targetHints":{"allow":["GET"]}}],"collection":[{"href":"https:\/\/siulubangos.lt\/lv\/wp-json\/wp\/v2\/product"}],"about":[{"href":"https:\/\/siulubangos.lt\/lv\/wp-json\/wp\/v2\/types\/product"}],"replies":[{"embeddable":true,"href":"https:\/\/siulubangos.lt\/lv\/wp-json\/wp\/v2\/comments?post=32550"}],"version-history":[{"count":0,"href":"https:\/\/siulubangos.lt\/lv\/wp-json\/wp\/v2\/product\/32550\/revisions"}],"wp:featuredmedia":[{"embeddable":true,"href":"https:\/\/siulubangos.lt\/lv\/wp-json\/wp\/v2\/media\/32555"}],"wp:attachment":[{"href":"https:\/\/siulubangos.lt\/lv\/wp-json\/wp\/v2\/media?parent=32550"}],"wp:term":[{"taxonomy":"product_brand","embeddable":true,"href":"https:\/\/siulubangos.lt\/lv\/wp-json\/wp\/v2\/product_brand?post=32550"},{"taxonomy":"product_cat","embeddable":true,"href":"https:\/\/siulubangos.lt\/lv\/wp-json\/wp\/v2\/product_cat?post=32550"},{"taxonomy":"product_tag","embeddable":true,"href":"https:\/\/siulubangos.lt\/lv\/wp-json\/wp\/v2\/product_tag?post=32550"}],"curies":[{"name":"wp","href":"https:\/\/api.w.org\/{rel}","templated":true}]}}