{"id":32560,"date":"2025-11-01T18:38:50","date_gmt":"2025-11-01T16:38:50","guid":{"rendered":"https:\/\/siulubangos.lt\/?post_type=product&#038;p=32560"},"modified":"2026-02-20T00:37:37","modified_gmt":"2026-02-19T22:37:37","slug":"drops-perlamutrines-sagos-15-20-mm","status":"publish","type":"product","link":"https:\/\/siulubangos.lt\/lv\/parduotuve\/drops-perlamutrines-sagos-15-20-mm\/","title":{"rendered":"P\u0113r\u013cp\u0113r\u013cu pogas (15-20 mm)"},"content":{"rendered":"<h2>Drops perlamutrin\u0117s sagos (15-20 mm)<\/h2>\n<p data-start=\"196\" data-end=\"501\">DROPS perlamutrin\u0117s sagos &#8211; tai stilingas pasirinkimas megztiniams, \u0161varkeliams, aksesuarams ar kitiems rank\u0173 darbo k\u016briniams. Nat\u016bralus perlamutras suteikia sagoms subtil\u0173 blizges\u012f ir elegancij\u0105, o \u012fvair\u016bs dyd\u017eiai &#8211; <strong data-start=\"417\" data-end=\"435\">15 mm ir 20 mm<\/strong> &#8211; leid\u017eia pasirinkti tinkamiausi\u0105 variant\u0105 pagal j\u016bs\u0173 projekt\u0105.<\/p>\n<p data-start=\"503\" data-end=\"769\">Sagos yra patvarios ir ilgaam\u017e\u0117s, atsparios kasdieniam naudojimui, o j\u0173 esteti\u0161kas dizainas u\u017etikrina, kad rank\u0173 darbo k\u016brinys atrodyt\u0173 profesionaliai ir stilingai. Puikiai tinka tiek smulkiems drabu\u017eiams ir aksesuarams, tiek didesniems megztiniams ar \u0161varkeliams.<\/p>","protected":false},"excerpt":{"rendered":"<p>\u0160ios \u201eDrops\u201c perlamutrin\u0117s sagos sukurtos i\u0161 nat\u016bralios kriaukl\u0117s mas\u0117s, tod\u0117l kiekviena j\u0173 yra vienetin\u0117 ir unikali. Jos \u017eavi subtiliu perlamutriniu \u017evilgesiu, tvirtumu ir i\u0161skirtiniu puo\u0161numu, suteikian\u010diu j\u016bs\u0173 rank\u0173 darbo gaminiams rafinuotumo akcent\u0105. Lengvai pri\u017ei\u016brimos \u2013 galima skalbti iki 40 \u00b0C, i\u0161laikant gro\u017e\u012f ir ilgaam\u017ei\u0161kum\u0105 net kasdienio naudojimo metu<\/p>","protected":false},"featured_media":32564,"comment_status":"open","ping_status":"closed","template":"","meta":{"_acf_changed":false},"product_brand":[559],"product_cat":[310,1115,529,528,539],"product_tag":[594],"class_list":{"0":"post-32560","1":"product","2":"type-product","3":"status-publish","4":"has-post-thumbnail","6":"product_brand-drops","7":"product_cat-mezgimo-priemones","8":"product_cat-drops-kitos-priemones","9":"product_cat-gamintojas-kitos-priemones","10":"product_cat-priemones-tipas","11":"product_cat-sagos","12":"product_tag-drops","13":"pa_dydis-15-mm","14":"pa_dydis-20-mm","16":"first","17":"instock","18":"taxable","19":"shipping-taxable","20":"purchasable","21":"product-type-variable"},"acf":[],"_links":{"self":[{"href":"https:\/\/siulubangos.lt\/lv\/wp-json\/wp\/v2\/product\/32560","targetHints":{"allow":["GET"]}}],"collection":[{"href":"https:\/\/siulubangos.lt\/lv\/wp-json\/wp\/v2\/product"}],"about":[{"href":"https:\/\/siulubangos.lt\/lv\/wp-json\/wp\/v2\/types\/product"}],"replies":[{"embeddable":true,"href":"https:\/\/siulubangos.lt\/lv\/wp-json\/wp\/v2\/comments?post=32560"}],"version-history":[{"count":0,"href":"https:\/\/siulubangos.lt\/lv\/wp-json\/wp\/v2\/product\/32560\/revisions"}],"wp:featuredmedia":[{"embeddable":true,"href":"https:\/\/siulubangos.lt\/lv\/wp-json\/wp\/v2\/media\/32564"}],"wp:attachment":[{"href":"https:\/\/siulubangos.lt\/lv\/wp-json\/wp\/v2\/media?parent=32560"}],"wp:term":[{"taxonomy":"product_brand","embeddable":true,"href":"https:\/\/siulubangos.lt\/lv\/wp-json\/wp\/v2\/product_brand?post=32560"},{"taxonomy":"product_cat","embeddable":true,"href":"https:\/\/siulubangos.lt\/lv\/wp-json\/wp\/v2\/product_cat?post=32560"},{"taxonomy":"product_tag","embeddable":true,"href":"https:\/\/siulubangos.lt\/lv\/wp-json\/wp\/v2\/product_tag?post=32560"}],"curies":[{"name":"wp","href":"https:\/\/api.w.org\/{rel}","templated":true}]}}