{"id":32578,"date":"2025-11-01T18:47:18","date_gmt":"2025-11-01T16:47:18","guid":{"rendered":"https:\/\/siulubangos.lt\/?post_type=product&#038;p=32578"},"modified":"2026-01-28T12:57:20","modified_gmt":"2026-01-28T10:57:20","slug":"pilieni-perlamutra-pogas-zala-zeleja-20-mm","status":"publish","type":"product","link":"https:\/\/siulubangos.lt\/lv\/parduotuve\/drops-perlamutrines-sagos-zalia-gelyte-20-mm\/","title":{"rendered":"P\u0113r\u013cu pogas GREEN FLOWER (20 mm)"},"content":{"rendered":"<h2>P\u0113r\u013cu pogas GREEN FLOWER (20 mm)<\/h2>\n<p data-start=\"220\" data-end=\"493\">DROPS P\u0113r\u013cu pogas Za\u013c\u0161 zieds - stil\u012bgs un unik\u0101ls risin\u0101jums d\u017eemperiem, jak\u0101m, aksesu\u0101riem vai citiem ar rok\u0101m darin\u0101tiem izstr\u0101d\u0101jumiem. Dab\u012bgais perlamutrs pie\u0161\u0137ir pog\u0101m smalku sp\u012bdumu, bet za\u013c\u0101 zieda deta\u013ca pie\u0161\u0137ir t\u0101m rota\u013c\u012bguma un dz\u012bv\u012bguma saj\u016btu.<\/p>\n<p data-start=\"495\" data-end=\"765\">Sagas <strong data-start=\"501\" data-end=\"517\">Izm\u0113rs 20 mm<\/strong>, tas ir ide\u0101li piem\u0113rots gan b\u0113rnu, gan pieaugu\u0161o ap\u0123\u0113rbiem, pie\u0161\u0137irot j\u016bsu dizainam izteiksm\u012bgu un drosm\u012bgu izskatu. Augstas kvalit\u0101tes izgatavo\u0161ana nodro\u0161ina, ka pogas ir iztur\u012bgas ilgu laiku, t\u0101s iztur ikdienas lieto\u0161anu un nezaud\u0113 savu sp\u012bdumu.<\/p>","protected":false},"excerpt":{"rendered":"<p>\u0160\u012bs Drops perlamutra pogas, kas izgatavotas no dabiskas \u010daumalu masas, ir unik\u0101las un vienreiz\u0113jas. T\u0101s valdzina ar savu smalko perlamutra sp\u012bdumu, iztur\u012bbu un izsmalcin\u0101to apdari, pie\u0161\u0137irot j\u016bsu ar rok\u0101m darin\u0101tajiem izstr\u0101d\u0101jumiem izsmalcin\u0101tu eleganci. Viegli kopjami - mazg\u0101jami l\u012bdz 40 \u00b0C temperat\u016br\u0101, saglab\u0101jot savu skaistumu un iztur\u012bbu pat ikdienas lieto\u0161an\u0101.<\/p>","protected":false},"featured_media":32580,"comment_status":"open","ping_status":"closed","template":"","meta":{"_acf_changed":false},"product_brand":[559],"product_cat":[310,1115,529,528,539],"product_tag":[594],"class_list":{"0":"post-32578","1":"product","2":"type-product","3":"status-publish","4":"has-post-thumbnail","6":"product_brand-drops","7":"product_cat-mezgimo-priemones","8":"product_cat-drops-kitos-priemones","9":"product_cat-gamintojas-kitos-priemones","10":"product_cat-priemones-tipas","11":"product_cat-sagos","12":"product_tag-drops","14":"first","15":"instock","16":"taxable","17":"shipping-taxable","18":"purchasable","19":"product-type-simple"},"acf":[],"_links":{"self":[{"href":"https:\/\/siulubangos.lt\/lv\/wp-json\/wp\/v2\/product\/32578","targetHints":{"allow":["GET"]}}],"collection":[{"href":"https:\/\/siulubangos.lt\/lv\/wp-json\/wp\/v2\/product"}],"about":[{"href":"https:\/\/siulubangos.lt\/lv\/wp-json\/wp\/v2\/types\/product"}],"replies":[{"embeddable":true,"href":"https:\/\/siulubangos.lt\/lv\/wp-json\/wp\/v2\/comments?post=32578"}],"version-history":[{"count":0,"href":"https:\/\/siulubangos.lt\/lv\/wp-json\/wp\/v2\/product\/32578\/revisions"}],"wp:featuredmedia":[{"embeddable":true,"href":"https:\/\/siulubangos.lt\/lv\/wp-json\/wp\/v2\/media\/32580"}],"wp:attachment":[{"href":"https:\/\/siulubangos.lt\/lv\/wp-json\/wp\/v2\/media?parent=32578"}],"wp:term":[{"taxonomy":"product_brand","embeddable":true,"href":"https:\/\/siulubangos.lt\/lv\/wp-json\/wp\/v2\/product_brand?post=32578"},{"taxonomy":"product_cat","embeddable":true,"href":"https:\/\/siulubangos.lt\/lv\/wp-json\/wp\/v2\/product_cat?post=32578"},{"taxonomy":"product_tag","embeddable":true,"href":"https:\/\/siulubangos.lt\/lv\/wp-json\/wp\/v2\/product_tag?post=32578"}],"curies":[{"name":"wp","href":"https:\/\/api.w.org\/{rel}","templated":true}]}}