{"id":32584,"date":"2025-11-01T18:55:50","date_gmt":"2025-11-01T16:55:50","guid":{"rendered":"https:\/\/siulubangos.lt\/?post_type=product&#038;p=32584"},"modified":"2026-01-28T12:56:50","modified_gmt":"2026-01-28T10:56:50","slug":"pilieni-perlamutra-tumsi-brunas-pogas-18-mm","status":"publish","type":"product","link":"https:\/\/siulubangos.lt\/lv\/parduotuve\/drops-perlamutrines-tamsiai-rudos-sagos-18-mm\/","title":{"rendered":"P\u0113r\u013cu p\u0113r\u013cu tum\u0161i br\u016bnas pogas (18 mm)"},"content":{"rendered":"<h2>P\u0113r\u013cu p\u0113r\u013cu tum\u0161i br\u016bnas pogas (18 mm)<\/h2>\n<p data-start=\"216\" data-end=\"507\">DROPS p\u0113r\u013cu tum\u0161i br\u016bn\u0101s pogas ir elegants risin\u0101jums ap\u0123\u0113rbiem, aksesu\u0101riem un rokdarbu projektiem. Dab\u012bg\u0101 p\u0113rle pie\u0161\u0137ir pog\u0101m smalku sp\u012bdumu, savuk\u0101rt tum\u0161i br\u016bn\u0101 kr\u0101sa pie\u0161\u0137ir t\u0101m siltu, dabisku un daudzpus\u012bgu izskatu, kas viegli sader ar da\u017e\u0101diem diegu to\u0146iem.<\/p>\n<p data-start=\"509\" data-end=\"813\">Sagas <strong data-start=\"515\" data-end=\"531\">Izm\u0113rs 18 mm<\/strong>, t\u0101p\u0113c t\u0101 ir ide\u0101li piem\u0113rota d\u017eemperiem, jak\u0101m, vest\u0113m vai aksesu\u0101riem, kuriem nepiecie\u0161ama iztur\u012bga, uzticama un est\u0113tiski pievilc\u012bga aizdare. Augstas kvalit\u0101tes ra\u017eo\u0161ana nodro\u0161ina, ka pogas ir iztur\u012bgas, notur\u012bgas pret ikdienas lieto\u0161anu un saglab\u0101 savu sp\u012bdumu un formu daudzus gadus.<\/p>","protected":false},"excerpt":{"rendered":"<p>\u0160\u012bs Drops perlamutra pogas, kas izgatavotas no dabiskas \u010daumalu masas, ir unik\u0101las un at\u0161\u0137ir\u012bgas no cit\u0101m. T\u0101s mirdz ar smalku perlamutra sp\u012bdumu, sp\u0113ku un izsmalcin\u0101tu rot\u0101jumu, pie\u0161\u0137irot j\u016bsu ar rok\u0101m darin\u0101tajiem izstr\u0101d\u0101jumiem izsmalcin\u0101tu eleganci. Viegli kopjami - mazg\u0101jami l\u012bdz 30 \u00b0C temperat\u016br\u0101, saglab\u0101jot savu skaistumu un iztur\u012bbu pat ikdienas lieto\u0161anas laik\u0101.<\/p>","protected":false},"featured_media":32586,"comment_status":"open","ping_status":"closed","template":"","meta":{"_acf_changed":false},"product_brand":[559],"product_cat":[310,1115,529,528,539],"product_tag":[594],"class_list":{"0":"post-32584","1":"product","2":"type-product","3":"status-publish","4":"has-post-thumbnail","6":"product_brand-drops","7":"product_cat-mezgimo-priemones","8":"product_cat-drops-kitos-priemones","9":"product_cat-gamintojas-kitos-priemones","10":"product_cat-priemones-tipas","11":"product_cat-sagos","12":"product_tag-drops","14":"first","15":"instock","16":"taxable","17":"shipping-taxable","18":"purchasable","19":"product-type-simple"},"acf":[],"_links":{"self":[{"href":"https:\/\/siulubangos.lt\/lv\/wp-json\/wp\/v2\/product\/32584","targetHints":{"allow":["GET"]}}],"collection":[{"href":"https:\/\/siulubangos.lt\/lv\/wp-json\/wp\/v2\/product"}],"about":[{"href":"https:\/\/siulubangos.lt\/lv\/wp-json\/wp\/v2\/types\/product"}],"replies":[{"embeddable":true,"href":"https:\/\/siulubangos.lt\/lv\/wp-json\/wp\/v2\/comments?post=32584"}],"version-history":[{"count":0,"href":"https:\/\/siulubangos.lt\/lv\/wp-json\/wp\/v2\/product\/32584\/revisions"}],"wp:featuredmedia":[{"embeddable":true,"href":"https:\/\/siulubangos.lt\/lv\/wp-json\/wp\/v2\/media\/32586"}],"wp:attachment":[{"href":"https:\/\/siulubangos.lt\/lv\/wp-json\/wp\/v2\/media?parent=32584"}],"wp:term":[{"taxonomy":"product_brand","embeddable":true,"href":"https:\/\/siulubangos.lt\/lv\/wp-json\/wp\/v2\/product_brand?post=32584"},{"taxonomy":"product_cat","embeddable":true,"href":"https:\/\/siulubangos.lt\/lv\/wp-json\/wp\/v2\/product_cat?post=32584"},{"taxonomy":"product_tag","embeddable":true,"href":"https:\/\/siulubangos.lt\/lv\/wp-json\/wp\/v2\/product_tag?post=32584"}],"curies":[{"name":"wp","href":"https:\/\/api.w.org\/{rel}","templated":true}]}}