{"id":32585,"date":"2025-11-01T20:29:38","date_gmt":"2025-11-01T18:29:38","guid":{"rendered":"https:\/\/siulubangos.lt\/?post_type=product&#038;p=32585"},"modified":"2026-04-14T17:26:18","modified_gmt":"2026-04-14T14:26:18","slug":"kremke-alpaca-boucle-alpaku-vilna-poliamidas","status":"publish","type":"product","link":"https:\/\/siulubangos.lt\/lv\/parduotuve\/kremke-alpaca-boucle-alpaku-vilna-poliamidas\/","title":{"rendered":"SOUL ALPACA BOUCL\u00c9 (alpakas vilna)"},"content":{"rendered":"<h2 class=\"page-header-title clr\">Kremke SOUL WOOL ALPACA BOUCLE (89% alpak\u0173 vilna, 11% poliamidas)<\/h2>\n<p><a href=\"https:\/\/siulubangos.lt\/wp-content\/uploads\/2025\/11\/kremke-alpaca-boucle-FOTO-4.jpg\"><img loading=\"lazy\" decoding=\"async\" class=\"alignnone size-medium wp-image-32601\" src=\"https:\/\/siulubangos.lt\/wp-content\/uploads\/2025\/11\/kremke-alpaca-boucle-FOTO-4-300x300.jpg\" alt=\"\" width=\"300\" height=\"300\" title=\"\" srcset=\"https:\/\/siulubangos.lt\/wp-content\/uploads\/2025\/11\/kremke-alpaca-boucle-FOTO-4-300x300.jpg 300w, https:\/\/siulubangos.lt\/wp-content\/uploads\/2025\/11\/kremke-alpaca-boucle-FOTO-4-150x150.jpg 150w, https:\/\/siulubangos.lt\/wp-content\/uploads\/2025\/11\/kremke-alpaca-boucle-FOTO-4.jpg 540w\" sizes=\"auto, (max-width: 300px) 100vw, 300px\" \/><\/a><\/p>\n<p data-start=\"118\" data-end=\"580\">Leiskite sau patirti mezgimo malonum\u0105 naujai. Kremke Soul Alpaca Boucl\u00e9 &#8211; tai ne paprastas si\u016blas, o tikras prabangos, jaukumo ir nat\u016bralaus komforto susiliejimas. Jo i\u0161skirtin\u0117 boucl\u00e9 strukt\u016bra, sudaryta i\u0161 smulki\u0173 kilpeli\u0173, sukuria subtiliai pur\u0173, \u0161velniai banguojant\u012f pavir\u0161i\u0173, kuris mezginiams suteikia gyvumo, gylio ir i\u0161skirtinio charakterio. Audinys atrodo mink\u0161tas lyg debesis ir tuo pa\u010diu vizualiai turtingas net be sud\u0117ting\u0173 ra\u0161t\u0173.<\/p>\n<p data-start=\"582\" data-end=\"994\">Si\u016bluose naudojama auk\u0161tos kokyb\u0117s alpaka u\u017etikrina nat\u016brali\u0105 \u0161ilum\u0105, lengvum\u0105 ir ypating\u0105 \u0161velnum\u0105 prie odos. D\u0117l savo savybi\u0173 \u0161is si\u016blas puikiai tinka mezginiams, kurie lie\u010diasi su k\u016bnu &#8211; jis neerzina, nekanda ir maloniai apgaubia. Boucl\u00e9 strukt\u016bra nat\u016braliai maskuoja nelygumus, tod\u0117l si\u016blas ypa\u010d draugi\u0161kas ir pradedantiesiems, o patyrusiems mezg\u0117jams leid\u017eia greitai i\u0161gauti \u012fsp\u016bding\u0105 rezultat\u0105.<\/p>\n<h3>K\u0101p\u0113c ir v\u0113rts izv\u0113l\u0113ties?<\/h3>\n<ul>\n<li data-start=\"1050\" data-end=\"1097\">Si\u016blas sujungia prabang\u0105 ir prakti\u0161kum\u0105 &#8211; alpaka suteikia \u0161ilum\u0105 ir komfort\u0105, o poliamidas u\u017etikrina ilgaam\u017ei\u0161kum\u0105.<\/li>\n<li data-start=\"1050\" data-end=\"1097\">Itin geras ilgio ir svorio santykis: 250 m i\u0161 50 g &#8211; leid\u017eia sukurti lengvus, oro prisotintus gaminius.<\/li>\n<li data-start=\"1050\" data-end=\"1097\">I\u0161rai\u0161kinga tekst\u016bra leid\u017eia sukurti vizualiai patrauklius mezginius be sud\u0117ting\u0173 ra\u0161t\u0173.<\/li>\n<li data-start=\"1050\" data-end=\"1097\">Universalus pasirinkimas &#8211; tinka tiek klasikiniams, tiek modernesniems dizainams.<\/li>\n<li data-start=\"1050\" data-end=\"1097\">Puikiai dera su kitu si\u016bl\u0173, pavyzd\u017eiui plona merino vilna ar baby alpakos si\u016blais.<\/li>\n<\/ul>","protected":false},"excerpt":{"rendered":"<p>Atraskite tikr\u0105 \u0161velnumo ir prabangos harmonij\u0105 &#8211; Kremke Soul Alpaca Boucle si\u016bl\u0105. Tai i\u0161skirtin\u0117s kokyb\u0117s mezgimo si\u016blas, sukurtas i\u0161 89% superfine alpakos ir 11% poliamido su subtilia boucl\u00e9 strukt\u016bra, kuri suteikia mezginiams ypating\u0105 tekst\u016brin\u012f \u017eaves\u012f ir \u0161velni\u0105, debes\u0117lio lengvumo i\u0161vaizd\u0105.<\/p>","protected":false},"featured_media":32544,"comment_status":"open","ping_status":"closed","template":"","meta":{"_acf_changed":false},"product_brand":[1079],"product_cat":[58,417,428,496,1133,1110],"product_tag":[1132],"class_list":{"0":"post-32585","1":"product","2":"type-product","3":"status-publish","4":"has-post-thumbnail","6":"product_brand-kremke","7":"product_cat-siulai-mezgimui","8":"product_cat-alpakos-siulai","9":"product_cat-gamintojas","10":"product_cat-isskirtiniai-teksturiniai-siulai","11":"product_cat-kremke-siulai","12":"product_cat-poliamidas","13":"product_tag-kremke","14":"pa_pluostas-vilna","15":"pa_spalva-kremke-alpaca-boucle-natural-whit-0001","16":"pa_spalva-kremke-alpaca-boucle-black-0005","17":"pa_spalva-kremke-alpaca-boucle-natural-light-grey-0025","18":"pa_spalva-kremke-alpaca-boucle-mid-brown-0091","19":"pa_spalva-kremke-alpaca-boucle-navy-b426","20":"pa_spalva-kremke-alpaca-boucle-mauve-melange-c970","21":"pa_spalva-kremke-alpaca-boucle-rot-zq04","22":"pa_spalva-kremke-alpaca-boucle-wiesengrun-zt38","23":"pa_svoris-ilgis-50-g-250-m","25":"first","26":"instock","27":"sale","28":"taxable","29":"shipping-taxable","30":"purchasable","31":"product-type-variable"},"acf":[],"_links":{"self":[{"href":"https:\/\/siulubangos.lt\/lv\/wp-json\/wp\/v2\/product\/32585","targetHints":{"allow":["GET"]}}],"collection":[{"href":"https:\/\/siulubangos.lt\/lv\/wp-json\/wp\/v2\/product"}],"about":[{"href":"https:\/\/siulubangos.lt\/lv\/wp-json\/wp\/v2\/types\/product"}],"replies":[{"embeddable":true,"href":"https:\/\/siulubangos.lt\/lv\/wp-json\/wp\/v2\/comments?post=32585"}],"version-history":[{"count":0,"href":"https:\/\/siulubangos.lt\/lv\/wp-json\/wp\/v2\/product\/32585\/revisions"}],"wp:featuredmedia":[{"embeddable":true,"href":"https:\/\/siulubangos.lt\/lv\/wp-json\/wp\/v2\/media\/32544"}],"wp:attachment":[{"href":"https:\/\/siulubangos.lt\/lv\/wp-json\/wp\/v2\/media?parent=32585"}],"wp:term":[{"taxonomy":"product_brand","embeddable":true,"href":"https:\/\/siulubangos.lt\/lv\/wp-json\/wp\/v2\/product_brand?post=32585"},{"taxonomy":"product_cat","embeddable":true,"href":"https:\/\/siulubangos.lt\/lv\/wp-json\/wp\/v2\/product_cat?post=32585"},{"taxonomy":"product_tag","embeddable":true,"href":"https:\/\/siulubangos.lt\/lv\/wp-json\/wp\/v2\/product_tag?post=32585"}],"curies":[{"name":"wp","href":"https:\/\/api.w.org\/{rel}","templated":true}]}}