{"id":32590,"date":"2025-11-01T19:02:47","date_gmt":"2025-11-01T17:02:47","guid":{"rendered":"https:\/\/siulubangos.lt\/?post_type=product&#038;p=32590"},"modified":"2026-01-28T12:56:15","modified_gmt":"2026-01-28T10:56:15","slug":"drops-perlamutrines-rozines-sagos-15-20-mm","status":"publish","type":"product","link":"https:\/\/siulubangos.lt\/lv\/parduotuve\/drops-perlamutrines-rozines-sagos-15-20-mm\/","title":{"rendered":"P\u0113r\u013cu roz\u0101 pogas (15-20 mm)"},"content":{"rendered":"<h2 data-start=\"208\" data-end=\"452\">P\u0113r\u013cu roz\u0101 pogas (15-20 mm)<\/h2>\n<p data-start=\"208\" data-end=\"452\">DROPS perlamutrin\u0117s ro\u017ein\u0117s sagos &#8211; tai stilingas ir prakti\u0161kas akcentas megztiniams, \u0161alikams, drabu\u017eiams ar aksesuarams. Nat\u016bralus perlamutras suteikia sagoms \u0161veln\u0173 blizges\u012f ir subtili\u0105 ro\u017ein\u0119 spalv\u0105, kuri dera su \u012fvairi\u0173 ton\u0173 si\u016blais.<\/p>\n<p data-start=\"454\" data-end=\"717\">Sagos yra \u012fvairi\u0173 dyd\u017ei\u0173 &#8211; <strong data-start=\"481\" data-end=\"499\">15 mm ir 20 mm<\/strong>, tod\u0117l galite pasirinkti tinkamiausi\u0105 variant\u0105 pagal savo projekt\u0105. Auk\u0161tos kokyb\u0117s gamyba u\u017etikrina, kad sagos i\u0161likt\u0173 ilgaam\u017e\u0117s, atsparios kasdieniam naudojimui ir neprarast\u0173 savo \u017eavesio net po daugelio skalbim\u0173.<\/p>","protected":false},"excerpt":{"rendered":"<p>\u201eDrops\u201c perlamutrin\u0117s sagos, pagamintos i\u0161 nat\u016bralios kriaukl\u0117s mas\u0117s, kiekviena yra vienetin\u0117 ir nepakartojama. Jos spindi subtiliu perlamutriniu \u017evilgesiu, pasi\u017eymi tvirtumu ir eleganti\u0161ku puo\u0161numu, suteikdamos j\u016bs\u0173 rank\u0173 darbo gaminiams rafinuot\u0105 akcent\u0105. Lengvai pri\u017ei\u016brimos \u2013 galima skalbti iki 40\u202f\u00b0C, i\u0161laikant gro\u017e\u012f ir ilgaam\u017ei\u0161kum\u0105 net kasdienio naudojimo metu.<\/p>\n<p>&nbsp;<\/p>","protected":false},"featured_media":32591,"comment_status":"open","ping_status":"closed","template":"","meta":{"_acf_changed":false},"product_brand":[559],"product_cat":[310,1115,529,528,539],"product_tag":[594],"class_list":{"0":"post-32590","1":"product","2":"type-product","3":"status-publish","4":"has-post-thumbnail","6":"product_brand-drops","7":"product_cat-mezgimo-priemones","8":"product_cat-drops-kitos-priemones","9":"product_cat-gamintojas-kitos-priemones","10":"product_cat-priemones-tipas","11":"product_cat-sagos","12":"product_tag-drops","13":"pa_dydis-15-mm","14":"pa_dydis-20-mm","16":"first","17":"instock","18":"taxable","19":"shipping-taxable","20":"purchasable","21":"product-type-variable"},"acf":[],"_links":{"self":[{"href":"https:\/\/siulubangos.lt\/lv\/wp-json\/wp\/v2\/product\/32590","targetHints":{"allow":["GET"]}}],"collection":[{"href":"https:\/\/siulubangos.lt\/lv\/wp-json\/wp\/v2\/product"}],"about":[{"href":"https:\/\/siulubangos.lt\/lv\/wp-json\/wp\/v2\/types\/product"}],"replies":[{"embeddable":true,"href":"https:\/\/siulubangos.lt\/lv\/wp-json\/wp\/v2\/comments?post=32590"}],"version-history":[{"count":0,"href":"https:\/\/siulubangos.lt\/lv\/wp-json\/wp\/v2\/product\/32590\/revisions"}],"wp:featuredmedia":[{"embeddable":true,"href":"https:\/\/siulubangos.lt\/lv\/wp-json\/wp\/v2\/media\/32591"}],"wp:attachment":[{"href":"https:\/\/siulubangos.lt\/lv\/wp-json\/wp\/v2\/media?parent=32590"}],"wp:term":[{"taxonomy":"product_brand","embeddable":true,"href":"https:\/\/siulubangos.lt\/lv\/wp-json\/wp\/v2\/product_brand?post=32590"},{"taxonomy":"product_cat","embeddable":true,"href":"https:\/\/siulubangos.lt\/lv\/wp-json\/wp\/v2\/product_cat?post=32590"},{"taxonomy":"product_tag","embeddable":true,"href":"https:\/\/siulubangos.lt\/lv\/wp-json\/wp\/v2\/product_tag?post=32590"}],"curies":[{"name":"wp","href":"https:\/\/api.w.org\/{rel}","templated":true}]}}