{"id":32612,"date":"2025-11-01T21:20:01","date_gmt":"2025-11-01T21:20:01","guid":{"rendered":"https:\/\/siulubangos.lt\/?post_type=product&#038;p=32612"},"modified":"2026-04-14T17:26:18","modified_gmt":"2026-04-14T14:26:18","slug":"kremke-baby-alpaca-lace-100-alpaku-vilna","status":"publish","type":"product","link":"https:\/\/siulubangos.lt\/lv\/parduotuve\/kremke-baby-alpaca-lace-100-alpaku-vilna\/","title":{"rendered":"B\u0112RNU ALPAKAS \u0160\u0136IEDRA (100% alpakas vilna)"},"content":{"rendered":"<h2>B\u0112RNU ALPAKAS \u0160\u0136IEDRA (100% alpakas vilna)<\/h2>\n<p>Atraskite tikr\u0105 mezgimo men\u0105 &#8211; su si\u016blu, kuris ne tik \u017eavi tekst\u016bra, bet ir pasakoja istorij\u0105 apie <strong>auk\u0161\u010diausios klas\u0117s pluo\u0161tus<\/strong>, meistri\u0161kum\u0105 ir stiling\u0105 k\u016bryb\u0105. Baby Alpaca Lace &#8211; tai 100% superfine alpakos pluo\u0161tas, kurio skersmuo siekia tik 22-24 mikronus, suteikiantis <strong>nepakartojam\u0105 \u0161velnum\u0105<\/strong> bei lengv\u0105, eterin\u012f jausm\u0105.<\/p>\n<h3>Kod\u0117l verta rinktis Kremke BABY ALPACA LACE?<\/h3>\n<ul>\n<li>Ne\u012ftik\u0117tinas \u0161velnumas &#8211; Baby Alpaca klas\u0117 rei\u0161kia itin smulk\u0173 pluo\u0161t\u0105 &#8211; da\u017enai apie 22 mikronai arba ma\u017eiau. Tai leid\u017eia si\u016blui b\u016bti labai mink\u0161tam, lygiam ir \u0161velniam net jautriai odai.<\/li>\n<li>Hipoalergin\u0117s savyb\u0117s &#8211; Alpakos pluo\u0161tas neturi lanolino (arba turi labai nedaug), kuris da\u017enai sukelia dirginim\u0105 avi\u0173 vilnai. D\u0117l to Baby Alpaca puikiai tinka \u017emon\u0117ms su jautria oda ar alergijomis.<\/li>\n<li>Puikus \u0161ilumos ir lengvumo santykis &#8211; Baby Alpaca si\u016blai pasi\u017eymi savybe \u201elaikyti \u0161ilum\u0105, bet nesunkinti drabu\u017eio\u201c. Pluo\u0161te yra mikro oro tarpai, kurie veikia kaip nat\u016brali izoliacija &#8211; \u0161ildo, bet leid\u017eia k\u016bnui kv\u0117puoti. Vadinasi &#8211; tokie megztiniai, \u0161alikai ar kardiganai gaunasi \u0161ilti, bet ne sunk\u016bs.<\/li>\n<li>I\u0161tvermingumas, ma\u017eesn\u0117 p\u016bkavimo rizika &#8211; Nors pluo\u0161tas yra labai \u0161velnus, jis vis tiek i\u0161laiko ger\u0105 atspari\u0105 strukt\u016br\u0105. Tokie si\u016blai ma\u017eiau p\u016bkuojasi, nes pluo\u0161to strukt\u016bra b\u016bna ilgesn\u0117, lyginant su pigesne vilna.<\/li>\n<li>Tinkamai pri\u017ei\u016brint &#8211; gaminys tarnaus ilgai, form\u0105 i\u0161laikys ir atrodys eleganti\u0161kai net po keli\u0173 ne\u0161iojim\u0173.<\/li>\n<li>Universalumas ir k\u016brybin\u0117 laisv\u0117 &#8211; Baby Alpaca si\u016blai puikiai pasiduoda tiek mezgimui, tiek n\u0117rimui, taip pat naudojami \u012fvairiems modeliams: nuo plon\u0173 n\u0117rini\u0173 iki lengv\u0173 megztini\u0173. Tinka tiek subtiliems aksesuarams, tiek drabu\u017eiams, kuriuose svarbu ir dizainas, ir komfortas.<\/li>\n<\/ul>\n<div class=\"simg-pop-btn\" style=\"top: 87.5104px; left: 14px; display: none;\"><\/div>\n<div class=\"simg-pop-btn\" style=\"top: 87.5104px; left: 14px; display: none;\"><\/div>\n<div class=\"simg-pop-btn\" style=\"top: 87.5104px; left: 317.865px; display: none;\"><\/div>\n<div class=\"simg-pop-btn\" style=\"top: 87.5104px; left: 14px; display: none;\"><\/div>\n<div class=\"simg-pop-btn\" style=\"top: 121.104px; left: 14px; display: none;\"><\/div>\n<div class=\"simg-pop-btn\" style=\"top: 121.104px; left: 17.8646px; display: none;\"><\/div>\n<div class=\"simg-pop-btn\" style=\"top: 121.104px; left: 21.7292px; display: none;\"><\/div>\n<div class=\"simg-pop-btn\" style=\"top: 121.104px; left: 325.594px; display: none;\"><\/div>\n<div class=\"simg-pop-btn\" style=\"top: 427.771px; left: 14px; display: none;\"><\/div>\n<div class=\"simg-pop-btn\" style=\"top: 121.104px; left: 21.7292px; display: none;\"><\/div>\n<div class=\"simg-pop-btn\" style=\"top: 121.104px; left: 17.8646px; display: none;\"><\/div>\n<div class=\"simg-pop-btn\" style=\"top: 121.104px; left: 21.7292px; display: none;\"><\/div>\n<div class=\"simg-pop-btn\" style=\"top: 121.104px; left: 14px; display: none;\"><\/div>\n<div class=\"simg-pop-btn\" style=\"top: 121.104px; left: 325.594px; display: none;\"><\/div>\n<div class=\"simg-pop-btn\" style=\"top: 121.104px; left: 317.865px; display: none;\"><\/div>\n<div class=\"simg-pop-btn\" style=\"top: 121.104px; left: 14px; display: none;\"><\/div>\n<div class=\"simg-pop-btn\" style=\"top: 121.104px; left: 17.8646px; display: none;\"><\/div>\n<div class=\"simg-pop-btn\" style=\"top: 121.104px; left: 314px; display: none;\"><\/div>\n<div class=\"simg-pop-btn\" style=\"top: 121.104px; left: 314px; display: none;\"><\/div>\n<div class=\"simg-pop-btn\" style=\"top: 121.104px; left: 14px; display: none;\"><\/div>\n<div class=\"simg-pop-btn\" style=\"top: 121.104px; left: 314px; display: none;\"><\/div>","protected":false},"excerpt":{"rendered":"<p>Nepaprastai mink\u0161tas ir lengvas si\u016blas, pagamintas i\u0161 100\u202f% auk\u0161\u010diausios kokyb\u0117s ekstrafin\u0117s alpak\u0173 vilnos. Jo plonumas ir \u0161velnumas leid\u017eia kurti subtilius, n\u0117rinius primenan\u010dius mezginius, kurie ne tik \u0161ildo, bet ir eleganti\u0161kai krenta. Lace tipo konstrukcija suteikia galimyb\u0119 ry\u0161kiai pabr\u0117\u017eti ra\u0161tus, o nat\u016brali vilna u\u017etikrina malon\u0173 prisilietim\u0105 prie odos, kv\u0117pavim\u0105 ir hipoalergi\u0161kum\u0105. <strong>Kremke Baby Alpaca Lace<\/strong> &#8211; tai derinys tarp subtilumo, komforto ir prabangos, kuris pavers kiekvien\u0105 mezgin\u012f ypatingu k\u016briniu.<\/p>","protected":false},"featured_media":32618,"comment_status":"open","ping_status":"closed","template":"","meta":{"_acf_changed":false},"product_brand":[1079],"product_cat":[58,417,428,493,1133,492],"product_tag":[1132],"class_list":{"0":"post-32612","1":"product","2":"type-product","3":"status-publish","4":"has-post-thumbnail","6":"product_brand-kremke","7":"product_cat-siulai-mezgimui","8":"product_cat-alpakos-siulai","9":"product_cat-gamintojas","10":"product_cat-itin-ploni-siulai","11":"product_cat-kremke-siulai","12":"product_cat-prabangus-siulai","13":"product_tag-kremke","14":"pa_pluostas-vilna","15":"pa_spalva-kremke-baby-alpaca-lace-natural-001","16":"pa_spalva-kremke-baby-alpaca-lace-light-beige-002","17":"pa_spalva-kremke-baby-alpaca-lace-camel-003","18":"pa_spalva-kremke-baby-alpaca-lace-light-apple-005","19":"pa_spalva-kremke-baby-alpaca-lace-cherry-009","20":"pa_spalva-kremke-baby-alpaca-lace-bordeaux-010","21":"pa_spalva-kremke-baby-alpaca-lace-baby-blue-014","22":"pa_spalva-kremke-baby-alpaca-lace-light-grey-017","23":"pa_spalva-kremke-baby-alpaca-lace-baby-black-020","24":"pa_svoris-ilgis-50-g-400-g","26":"first","27":"instock","28":"taxable","29":"shipping-taxable","30":"purchasable","31":"product-type-variable"},"acf":[],"_links":{"self":[{"href":"https:\/\/siulubangos.lt\/lv\/wp-json\/wp\/v2\/product\/32612","targetHints":{"allow":["GET"]}}],"collection":[{"href":"https:\/\/siulubangos.lt\/lv\/wp-json\/wp\/v2\/product"}],"about":[{"href":"https:\/\/siulubangos.lt\/lv\/wp-json\/wp\/v2\/types\/product"}],"replies":[{"embeddable":true,"href":"https:\/\/siulubangos.lt\/lv\/wp-json\/wp\/v2\/comments?post=32612"}],"version-history":[{"count":0,"href":"https:\/\/siulubangos.lt\/lv\/wp-json\/wp\/v2\/product\/32612\/revisions"}],"wp:featuredmedia":[{"embeddable":true,"href":"https:\/\/siulubangos.lt\/lv\/wp-json\/wp\/v2\/media\/32618"}],"wp:attachment":[{"href":"https:\/\/siulubangos.lt\/lv\/wp-json\/wp\/v2\/media?parent=32612"}],"wp:term":[{"taxonomy":"product_brand","embeddable":true,"href":"https:\/\/siulubangos.lt\/lv\/wp-json\/wp\/v2\/product_brand?post=32612"},{"taxonomy":"product_cat","embeddable":true,"href":"https:\/\/siulubangos.lt\/lv\/wp-json\/wp\/v2\/product_cat?post=32612"},{"taxonomy":"product_tag","embeddable":true,"href":"https:\/\/siulubangos.lt\/lv\/wp-json\/wp\/v2\/product_tag?post=32612"}],"curies":[{"name":"wp","href":"https:\/\/api.w.org\/{rel}","templated":true}]}}