{"id":32684,"date":"2025-11-01T23:50:33","date_gmt":"2025-11-01T23:50:33","guid":{"rendered":"https:\/\/siulubangos.lt\/?post_type=product&#038;p=32684"},"modified":"2026-02-09T20:17:35","modified_gmt":"2026-02-09T18:17:35","slug":"kremkrasas-mirdzums-viskoze-poliesteris","status":"publish","type":"product","link":"https:\/\/siulubangos.lt\/lv\/parduotuve\/kremke-twinkle-viskoze-poliesteris\/","title":{"rendered":"Kr\u0113mkr\u0101sainais TWINKLE (viskoze)"},"content":{"rendered":"<h2 data-start=\"151\" data-end=\"210\"><strong data-start=\"151\" data-end=\"210\">Kremke Twinkle (51% viskoze, 49% poliesters)<\/strong><\/h2>\n<p data-start=\"212\" data-end=\"480\">Kremke Twinkle ir dekorat\u012bva, \u012bpa\u0161i smalka dzija ar... <strong>ar smalku sp\u012bdumu<\/strong>, izstr\u0101d\u0101ts, lai j\u016bsu ad\u012bjumiem pie\u0161\u0137irtu vieglu mirdzumu un izteiksm\u012bgu akcentu. \u0160\u012b dzija ir ide\u0101li piem\u0113rota gan moderniem, gan klasiskiem projektiem, kuros v\u0113laties elegantu, bet neuzkr\u012bto\u0161u sp\u012bdumu.<\/p>\n<p data-start=\"482\" data-end=\"788\">Pateicoties \u013coti smalkajai strukt\u016brai, Kremke Twinkle visbie\u017e\u0101k tiek ad\u012bts. <strong data-start=\"545\" data-end=\"580\">kop\u0101 ar citu galveno pavedienu<\/strong> - vilnas, alpakas, moh\u0113ras, kokvilnas vai jaukt\u0101s dzijas. Tie ir viegli ieau\u017eami trikot\u0101\u017eas audum\u0101, <strong data-start=\"669\" data-end=\"692\">nepieslogo audumu.<\/strong>, nemaina pamatdzijas \u012bpa\u0161\u012bbas un \u013cauj ieg\u016bt smalku met\u0101lisku vai perlamutra efektu.<\/p>\n<h3 data-start=\"790\" data-end=\"801\">Funkcijas:<\/h3>\n<ul data-start=\"802\" data-end=\"968\">\n<li data-start=\"802\" data-end=\"831\">\u012apa\u0161i smalki, viegli pavedieni<\/li>\n<li data-start=\"832\" data-end=\"866\">Smalks, izsmalcin\u0101ts sp\u012bdums<\/li>\n<li data-start=\"867\" data-end=\"898\">Nenodro\u0161ina papildu biezumu<\/li>\n<li data-start=\"899\" data-end=\"928\">Piem\u0113rots ad\u012b\u0161anai un tambor\u0113\u0161anai<\/li>\n<li data-start=\"929\" data-end=\"968\">Lieliska sader\u012bba ar pla\u0161u \u0161\u0137iedru kl\u0101stu<\/li>\n<\/ul>\n<p>T\u0101 k\u0101 vien\u0101 25 g bumbi\u0146\u0101 ir aptuveni 300 m dzijas, t\u0101 ir ide\u0101li piem\u0113rota gan atsevi\u0161\u0137iem projektiem, gan kombin\u0113\u0161anai ar cit\u0101m dzij\u0101m, lai rad\u012btu unik\u0101lus, mirdzo\u0161us ad\u012bjumus. Ide\u0101li piem\u0113rots vakart\u0113rpiem, viegl\u0101m \u0161all\u0113m, aksesu\u0101riem vai dekorat\u012bviem akcentiem, kuriem nepiecie\u0161ams smalks grezn\u012bbas piesk\u0101riens.<\/p>","protected":false},"excerpt":{"rendered":"<p>Pie\u0161\u0137iriet saviem darbiem unik\u0101lu \u0161armu ar <strong>Kremke Twinkle<\/strong> - \u012bpa\u0161i smalka, smalka un sp\u012bd\u012bga dzija, kas rad\u012bta, lai ad\u012bjumiem pie\u0161\u0137irtu eleganci un \u012bpa\u0161u efektu. \u0160\u012bs grezn\u0101s dzijas vieglums un maigums \u013cauj rad\u012bt gais\u012bgus, izsmalcin\u0101tus projektus, savuk\u0101rt smalkais mirdzums pie\u0161\u0137ir katram izstr\u0101d\u0101jumam \u012bpa\u0161u izskatu.<\/p>","protected":false},"featured_media":32669,"comment_status":"open","ping_status":"closed","template":"","meta":{"_acf_changed":false},"product_brand":[1079],"product_cat":[58,487,428,493,1133,1111,444],"product_tag":[1132],"class_list":{"0":"post-32684","1":"product","2":"type-product","3":"status-publish","4":"has-post-thumbnail","6":"product_brand-kremke","7":"product_cat-siulai-mezgimui","8":"product_cat-blizgus-siulai","9":"product_cat-gamintojas","10":"product_cat-itin-ploni-siulai","11":"product_cat-kremke-siulai","12":"product_cat-poliesteris","13":"product_cat-viskozes-siulai","14":"product_tag-kremke","15":"pa_pluostas-vilna","16":"pa_spalva-kremke-twinkle-green-rose-4510","17":"pa_spalva-kremke-twinkle-green-gold-4521","18":"pa_spalva-kremke-twinkle-white-gold-701","19":"pa_spalva-kremke-twinkle-rose-gold-703","20":"pa_spalva-kremke-twinkle-lightblue-gold-707","21":"pa_spalva-kremke-twinkle-red-gold-710","22":"pa_spalva-kremke-twinkle-yellow-gold-729","23":"pa_spalva-kremke-twinkle-deep-black-835","24":"pa_svoris-ilgis-25-g-300-m","26":"first","27":"instock","28":"taxable","29":"shipping-taxable","30":"purchasable","31":"product-type-variable"},"acf":[],"_links":{"self":[{"href":"https:\/\/siulubangos.lt\/lv\/wp-json\/wp\/v2\/product\/32684","targetHints":{"allow":["GET"]}}],"collection":[{"href":"https:\/\/siulubangos.lt\/lv\/wp-json\/wp\/v2\/product"}],"about":[{"href":"https:\/\/siulubangos.lt\/lv\/wp-json\/wp\/v2\/types\/product"}],"replies":[{"embeddable":true,"href":"https:\/\/siulubangos.lt\/lv\/wp-json\/wp\/v2\/comments?post=32684"}],"version-history":[{"count":0,"href":"https:\/\/siulubangos.lt\/lv\/wp-json\/wp\/v2\/product\/32684\/revisions"}],"wp:featuredmedia":[{"embeddable":true,"href":"https:\/\/siulubangos.lt\/lv\/wp-json\/wp\/v2\/media\/32669"}],"wp:attachment":[{"href":"https:\/\/siulubangos.lt\/lv\/wp-json\/wp\/v2\/media?parent=32684"}],"wp:term":[{"taxonomy":"product_brand","embeddable":true,"href":"https:\/\/siulubangos.lt\/lv\/wp-json\/wp\/v2\/product_brand?post=32684"},{"taxonomy":"product_cat","embeddable":true,"href":"https:\/\/siulubangos.lt\/lv\/wp-json\/wp\/v2\/product_cat?post=32684"},{"taxonomy":"product_tag","embeddable":true,"href":"https:\/\/siulubangos.lt\/lv\/wp-json\/wp\/v2\/product_tag?post=32684"}],"curies":[{"name":"wp","href":"https:\/\/api.w.org\/{rel}","templated":true}]}}