{"id":32765,"date":"2025-11-02T20:01:58","date_gmt":"2025-11-02T20:01:58","guid":{"rendered":"https:\/\/siulubangos.lt\/?post_type=product&#038;p=32765"},"modified":"2026-02-14T19:37:41","modified_gmt":"2026-02-14T17:37:41","slug":"rauma-garn-babygarn-merino-vilna","status":"publish","type":"product","link":"https:\/\/siulubangos.lt\/lv\/parduotuve\/rauma-garn-babygarn-merino-vilna\/","title":{"rendered":"Rauma Garn BABYGARN (100% merino vilnas)"},"content":{"rendered":"<h2><span dir=\"auto\" style=\"vertical-align: inherit;\"><span dir=\"auto\" style=\"vertical-align: inherit;\">Rauma Garn BABYGARN (100% merino vilnas)<\/span><\/span><\/h2>\n<p>Rauma Garn BABYGARN - maigums, komforts un kvalit\u0101te vien\u0101. T\u0101 ir merino vilnas dzija, kas ar m\u012blest\u012bbu darin\u0101ta mazajiem un kam uzticas vis\u0101 pasaul\u0113. Rauma Babygarn ir <strong data-start=\"125\" data-end=\"200\">\u012bpa\u0161i m\u012bksta, \u0101dai draudz\u012bga un augstas kvalit\u0101tes merino vilnas dzija.<\/strong>, \u012bpa\u0161i izstr\u0101d\u0101ts maziem b\u0113rniem. Katra bumbi\u0146a ir darin\u0101ta ar m\u012blest\u012bbu un r\u016bp\u012bbu, t\u0101p\u0113c \u0161\u012b dzija ir piem\u0113rota b\u0113rnu ap\u0123\u0113rbiem, m\u012bkstaj\u0101m rota\u013cliet\u0101m, seg\u0101m un aksesu\u0101riem.<\/p>\n<p data-start=\"395\" data-end=\"620\">Par dabisko <strong data-start=\"410\" data-end=\"435\">merino vilnas \u0161\u0137iedra<\/strong>, Babygarn pavediens ir <strong data-start=\"457\" data-end=\"501\">\u012bpa\u0161i silts, elpojo\u0161s un m\u012bksts<\/strong>, nealer\u0123iska \u0101dai. Tie lieliski sl\u012bd pa spol\u012bti vai audu \u0161\u0137eteri, padarot ad\u012b\u0161anas procesu vieglu un pat\u012bkamu.<\/p>\n<h3 data-start=\"622\" data-end=\"651\">Kam paredz\u0113ts Rauma BABYGARN?<\/h3>\n<ul data-start=\"653\" data-end=\"882\">\n<li data-start=\"653\" data-end=\"725\">B\u0113rnu ap\u0123\u0113rbiem - d\u017eemperi, cepures, \u0161alles, ze\u0137es.<\/li>\n<li data-start=\"726\" data-end=\"771\">Plediem un maigiem interjera akcentiem<\/li>\n<li data-start=\"772\" data-end=\"817\">M\u012bksto rota\u013clietu, amigurumi projektiem<\/li>\n<li data-start=\"818\" data-end=\"882\">Projekti, kur nepiecie\u0161ams \u012bpa\u0161s m\u012bkstums un komforts<\/li>\n<\/ul>\n<h3>K\u0101p\u0113c ir v\u0113rts izv\u0113l\u0113ties?<\/h3>\n<ul>\n<li>Pateicoties Superwash apstr\u0101dei, Babygarn dzija ir ne tikai m\u012bksta, bet ar\u012b \u013coti praktiska - to var mazg\u0101t ve\u013casma\u0161\u012bn\u0101 l\u012bdz 40 gr\u0101diem, t\u0101p\u0113c mazu\u013cu dr\u0113b\u012btes paliek t\u012bras un k\u0101rt\u012bgas bez papildu r\u016bp\u0113m.<\/li>\n<li>Dzijas nesavelkas, ne\u0137epurojas un saglab\u0101 formu pat p\u0113c daudz\u0101m mazg\u0101\u0161anas reiz\u0113m.<\/li>\n<li>Tie ir lieliski piem\u0113roti d\u017eemperiem, cepur\u0113m, ze\u0137\u0113m, seg\u0101m vai citiem m\u012bkstiem b\u0113rnu ad\u012bjumiem.<\/li>\n<\/ul>\n<div class=\"simg-pop-btn\" style=\"top: 87.5104px; left: 14px; display: none;\"><\/div>\n<div class=\"simg-pop-btn\" style=\"top: 87.5104px; left: 14px; display: none;\"><\/div>\n<div class=\"simg-pop-btn\" style=\"top: 87.5104px; left: 317.865px; display: none;\"><\/div>\n<div class=\"simg-pop-btn\" style=\"top: 87.5104px; left: 14px; display: none;\"><\/div>\n<div class=\"simg-pop-btn\" style=\"top: 121.104px; left: 14px; display: none;\"><\/div>\n<div class=\"simg-pop-btn\" style=\"top: 121.104px; left: 17.8646px; display: none;\"><\/div>\n<div class=\"simg-pop-btn\" style=\"top: 121.104px; left: 21.7292px; display: none;\"><\/div>\n<div class=\"simg-pop-btn\" style=\"top: 121.104px; left: 325.594px; display: none;\"><\/div>\n<div class=\"simg-pop-btn\" style=\"top: 427.771px; left: 14px; display: none;\"><\/div>\n<div class=\"simg-pop-btn\" style=\"top: 121.104px; left: 21.7292px; display: none;\"><\/div>\n<div class=\"simg-pop-btn\" style=\"top: 121.104px; left: 17.8646px; display: none;\"><\/div>\n<div class=\"simg-pop-btn\" style=\"top: 121.104px; left: 21.7292px; display: none;\"><\/div>\n<div class=\"simg-pop-btn\" style=\"top: 121.104px; left: 14px; display: none;\"><\/div>\n<div class=\"simg-pop-btn\" style=\"top: 121.104px; left: 325.594px; display: none;\"><\/div>\n<div class=\"simg-pop-btn\" style=\"top: 121.104px; left: 317.865px; display: none;\"><\/div>\n<div class=\"simg-pop-btn\" style=\"top: 121.104px; left: 14px; display: none;\"><\/div>\n<div class=\"simg-pop-btn\" style=\"top: 121.104px; left: 17.8646px; display: none;\"><\/div>\n<div class=\"simg-pop-btn\" style=\"top: 121.104px; left: 314px; display: none;\"><\/div>\n<div class=\"simg-pop-btn\" style=\"top: 121.104px; left: 314px; display: none;\"><\/div>\n<div class=\"simg-pop-btn\" style=\"top: 121.104px; left: 14px; display: none;\"><\/div>\n<div class=\"simg-pop-btn\" style=\"top: 121.104px; left: 314px; display: none;\"><\/div>","protected":false},"excerpt":{"rendered":"<p><strong>Rauma Garn Babygarn<\/strong> - \u0160\u012b ir augst\u0101k\u0101s kvalit\u0101tes 100% merino vilnas dzija, kas \u012bpa\u0161i izstr\u0101d\u0101ta b\u0113rnu ap\u0123\u0113rbiem un ad\u012bjumiem. \u010cetru pavedienu \u0137emm\u0113ta dzija ir \u013coti m\u012bksta, smalka un saudz\u012bga pret \u0101du - ide\u0101li piem\u0113rota mazu\u013ca jut\u012bgai \u0101dai jau no pirmaj\u0101m dien\u0101m.<\/p>","protected":false},"featured_media":32757,"comment_status":"open","ping_status":"closed","template":"","meta":{"_acf_changed":false},"product_brand":[764],"product_cat":[58,428,419,1180,490,494],"product_tag":[1179],"class_list":{"0":"post-32765","1":"product","2":"type-product","3":"status-publish","4":"has-post-thumbnail","6":"product_brand-rauma","7":"product_cat-siulai-mezgimui","8":"product_cat-gamintojas","9":"product_cat-merino-vilnos-siulai","10":"product_cat-rauma-garn-siulai","11":"product_cat-siulai-kudikiams","12":"product_cat-skalbiama-vilna","13":"product_tag-rauma","14":"pa_pluostas-merino-vilna","15":"pa_spalva-00-grietineles-balta-rauma-babygarn-2","16":"pa_spalva-101-pudrine-rauma-babygarn-2","17":"pa_spalva-105-sviesiai-rusva-babygarn-2","18":"pa_spalva-109-pilkai-melyna-rauma-babygarn-2","19":"pa_spalva-11-naturali-rauma-babygarn-2","20":"pa_spalva-52-kremine-geltona-rauma-babygarn-2","21":"pa_spalva-62-pudros-rozine-rauma-babygarn-2","22":"pa_spalva-66-sviesiai-zalia-rauma-babygarn-2","23":"pa_spalva-73-sviesiai-melyna-rauma-babygarn-2","24":"pa_spalva-99-sendinta-rozine-rauma-babygarn-2","25":"pa_svoris-ilgis-50-g-175-m","27":"first","28":"instock","29":"taxable","30":"shipping-taxable","31":"purchasable","32":"product-type-variable"},"acf":[],"_links":{"self":[{"href":"https:\/\/siulubangos.lt\/lv\/wp-json\/wp\/v2\/product\/32765","targetHints":{"allow":["GET"]}}],"collection":[{"href":"https:\/\/siulubangos.lt\/lv\/wp-json\/wp\/v2\/product"}],"about":[{"href":"https:\/\/siulubangos.lt\/lv\/wp-json\/wp\/v2\/types\/product"}],"replies":[{"embeddable":true,"href":"https:\/\/siulubangos.lt\/lv\/wp-json\/wp\/v2\/comments?post=32765"}],"version-history":[{"count":0,"href":"https:\/\/siulubangos.lt\/lv\/wp-json\/wp\/v2\/product\/32765\/revisions"}],"wp:featuredmedia":[{"embeddable":true,"href":"https:\/\/siulubangos.lt\/lv\/wp-json\/wp\/v2\/media\/32757"}],"wp:attachment":[{"href":"https:\/\/siulubangos.lt\/lv\/wp-json\/wp\/v2\/media?parent=32765"}],"wp:term":[{"taxonomy":"product_brand","embeddable":true,"href":"https:\/\/siulubangos.lt\/lv\/wp-json\/wp\/v2\/product_brand?post=32765"},{"taxonomy":"product_cat","embeddable":true,"href":"https:\/\/siulubangos.lt\/lv\/wp-json\/wp\/v2\/product_cat?post=32765"},{"taxonomy":"product_tag","embeddable":true,"href":"https:\/\/siulubangos.lt\/lv\/wp-json\/wp\/v2\/product_tag?post=32765"}],"curies":[{"name":"wp","href":"https:\/\/api.w.org\/{rel}","templated":true}]}}