{"id":32911,"date":"2025-11-03T15:32:44","date_gmt":"2025-11-03T15:32:44","guid":{"rendered":"https:\/\/siulubangos.lt\/?post_type=product&#038;p=32911"},"modified":"2026-03-15T21:24:25","modified_gmt":"2026-03-15T19:24:25","slug":"knitpro-karbonz-elan-virbalu-rinkinys","status":"publish","type":"product","link":"https:\/\/siulubangos.lt\/lv\/parduotuve\/knitpro-karbonz-elan-virbalu-rinkinys\/","title":{"rendered":"KARBONZ \u00c9LAN Premium skr\u016bv\u0113jamo virvju komplekts (13 cm, 3-8 mm)"},"content":{"rendered":"<h2><strong>Dabar megzkite sumaniau. Grei\u010diau. Glotniau su Karbonz Elan.<\/strong><\/h2>\n<ul>\n<li>Ra\u0161tuotas pavir\u0161ius: aptakus, modernus dizainas su vizualiai patraukliu ra\u0161tu.<\/li>\n<li>Tvirtesnis: sustiprintas anglies pluo\u0161to pagrindas suteikia i\u0161skirtin\u012f tvirtum\u0105 ir ilgaam\u017ei\u0161kum\u0105.<\/li>\n<li>Glotnesnis: itin lygi danga leid\u017eia si\u016blams lengvai slysti, kad mezgimas b\u016bt\u0173 greitesnis ir be u\u017esikabinim\u0173.<\/li>\n<li>Greitesnis: lengvas ir idealiai subalansuotas, kad b\u016bt\u0173 u\u017etikrintas maksimalus greitis ir kontrol\u0117.<\/li>\n<\/ul>\n<h3><strong>Komplekt\u0101 ietilpst:<\/strong><\/h3>\n<p>10 por\u0173 prisukam\u0173 13 cm KnitPro Karbonz virbal\u0173 (anglies pluo\u0161to) 3.0, 3.25, 3.50, 3.75, 4.0, 4.50, 5.0, 5.50, 6.0 ir 8.0 mm storio;<br \/>\n4 prisukami valai &#8211; plieniniai dengti nailonu ir besisukantys\u00a0 360 laipsni\u0173 (1 x 60 cm, 2 x 80 cm, 1 x 100 cm),\u00a0 val\u0173 ilgis nurodytas prisukus virbalus;<br \/>\n6 antgaliai;<br \/>\n4 u\u017ever\u017eimo rakteliai;<br \/>\n2 adatos;<br \/>\n\u017eirkl\u0117s;<br \/>\n5 metaliniai \u017eymekliai;<br \/>\n1 valo jung\u010di\u0173 rinkinys.<br \/>\nSupakuota \u012f raudonos eko odos d\u0117kl\u0105.<\/p>","protected":false},"excerpt":{"rendered":"<p>Did\u017eiuojam\u0117s pristatydami Karbonz \u00c9lan &#8211; prabangi\u0105 dovan\u0173 rinkinio versij\u0105, kuri puikiai dera tarp inovacij\u0173, stiliaus ir auk\u0161\u010diausio mezgimo na\u0161umo, kaip tik laiku \u0161ventiniam sezonui. Pagaminta i\u0161 pa\u017eangios anglies pluo\u0161to med\u017eiagos su precizi\u0161kais metaliniais galiukais &#8211; tai ta pati auk\u0161tos kokyb\u0117s med\u017eiaga, naudojama aviacijos ir dron\u0173 technologijose, u\u017etikrinanti neprilygstam\u0105 tvirtum\u0105, greit\u012f ir glotnum\u0105.<\/p>","protected":false},"featured_media":32912,"comment_status":"open","ping_status":"closed","template":"","meta":{"_acf_changed":false},"product_brand":[557],"product_cat":[61,483,455,524,468,505,499,507],"product_tag":[306],"class_list":{"0":"post-32911","1":"product","2":"type-product","3":"status-publish","4":"has-post-thumbnail","6":"product_brand-knitpro","7":"product_cat-virbalai-vaseliai","8":"product_cat-dovanos","9":"product_cat-gamintojas-virbalai-vaseliai","10":"product_cat-karboniniai","11":"product_cat-knitpro-virbalai-vaseliai","12":"product_cat-rinkiniai","13":"product_cat-rusis","14":"product_cat-virbalu-rinkiniai","15":"product_tag-knitpro","16":"pa_dydis-4-mm","17":"pa_dydis-4-50-mm","18":"pa_dydis-5-mm","19":"pa_dydis-5-50-mm","20":"pa_dydis-6-mm","21":"pa_dydis-7-mm","22":"pa_dydis-8-mm","24":"first","25":"outofstock","26":"taxable","27":"shipping-taxable","28":"purchasable","29":"product-type-simple"},"acf":[],"_links":{"self":[{"href":"https:\/\/siulubangos.lt\/lv\/wp-json\/wp\/v2\/product\/32911","targetHints":{"allow":["GET"]}}],"collection":[{"href":"https:\/\/siulubangos.lt\/lv\/wp-json\/wp\/v2\/product"}],"about":[{"href":"https:\/\/siulubangos.lt\/lv\/wp-json\/wp\/v2\/types\/product"}],"replies":[{"embeddable":true,"href":"https:\/\/siulubangos.lt\/lv\/wp-json\/wp\/v2\/comments?post=32911"}],"version-history":[{"count":0,"href":"https:\/\/siulubangos.lt\/lv\/wp-json\/wp\/v2\/product\/32911\/revisions"}],"wp:featuredmedia":[{"embeddable":true,"href":"https:\/\/siulubangos.lt\/lv\/wp-json\/wp\/v2\/media\/32912"}],"wp:attachment":[{"href":"https:\/\/siulubangos.lt\/lv\/wp-json\/wp\/v2\/media?parent=32911"}],"wp:term":[{"taxonomy":"product_brand","embeddable":true,"href":"https:\/\/siulubangos.lt\/lv\/wp-json\/wp\/v2\/product_brand?post=32911"},{"taxonomy":"product_cat","embeddable":true,"href":"https:\/\/siulubangos.lt\/lv\/wp-json\/wp\/v2\/product_cat?post=32911"},{"taxonomy":"product_tag","embeddable":true,"href":"https:\/\/siulubangos.lt\/lv\/wp-json\/wp\/v2\/product_tag?post=32911"}],"curies":[{"name":"wp","href":"https:\/\/api.w.org\/{rel}","templated":true}]}}