{"id":32924,"date":"2025-11-03T16:02:11","date_gmt":"2025-11-03T16:02:11","guid":{"rendered":"https:\/\/siulubangos.lt\/?post_type=product&#038;p=32924"},"modified":"2026-02-16T00:01:45","modified_gmt":"2026-02-15T22:01:45","slug":"knitpro-karbonz-midi-virvju-komplekts-10-cm","status":"publish","type":"product","link":"https:\/\/siulubangos.lt\/lv\/parduotuve\/knitpro-karbonz-midi-prisukamu-virbalu-rinkinys-10-cm\/","title":{"rendered":"KnitPro KARBONZ MIDI skr\u016bv\u0113jamo auklu komplekts (10 cm, 3-6 mm)"},"content":{"rendered":"<h2><strong>KnitPro Karbonz Midi<\/strong><\/h2>\n<p>Main\u0101mo (skr\u016bv\u0113jamo) auklu komplekts ar 10 cm gar\u0101m aukl\u0101m ir meistar\u012bgs tehnolo\u0123iju, funkcionalit\u0101tes un stila apvienojums. \u0160is komplekts ir paredz\u0113ts ad\u012bt\u0101j\u0101m, kuras augstu v\u0113rt\u0113 komfortu un v\u0113las, lai katrs projekts b\u016btu raits un pat\u012bkams.<\/p>\n<p>Izgatavotas no augstas kvalit\u0101tes oglek\u013ca \u0161\u0137iedras, spol\u012btes ir \u013coti vieglas, iztur\u012bgas un iztur\u012bgas, t\u0101p\u0113c t\u0101s ir ide\u0101li piem\u0113rotas gan smalkiem, gan vid\u0113ji smalkiem diegiem. Misi\u0146a uzga\u013ci (ar ni\u0137e\u013ca p\u0101rkl\u0101jumu) \u013cauj pavedienam gludi sl\u012bd\u0113t, nodro\u0161inot prec\u012bzus un vienm\u0113r\u012bgus d\u016brienus bez aiz\u0137er\u0161an\u0101s.<\/p>\n<p>360\u00b0 rot\u0113jo\u0161\u0101s auklas, kas izgatavotas no ner\u016bs\u0113jo\u0161\u0101 t\u0113rauda un p\u0101rkl\u0101tas ar melnu neilonu, ir elast\u012bgas un nevainojamas. Tas nevainojami savienojas ar virv\u0113m, lai t\u012bkla p\u0101reja paliktu vienm\u0113r\u012bga.<\/p>\n<p>Komplekts, kas ievietots pel\u0113k\u0101, r\u0101v\u0113jsl\u0113dz\u0113ja aizdares auduma futr\u0101l\u012b, ir ne tikai praktiska, bet ar\u012b est\u0113tiska d\u0101vana ikvienai ad\u012bt\u0101jai.<\/p>\n<h3><strong>KnitPro Karbonz Midi komplekt\u0101 ietilpst:<\/strong><\/h3>\n<p>7 p\u0101ri nomain\u0101mu\/nomain\u0101mu 10 cm auklu: 3,0, 3,50, 4,0, 4,50, 5,0, 5,50 un 6,0 mm;<\/p>\n<p>4 rot\u0113jo\u0161\u0101s l\u012bnijas - 2 x 40 cm un 2 x 50 cm;<\/p>\n<p>8 sprauslas;<\/p>\n<p>4 tausti\u0146i.<\/p>\n<p>&nbsp;<\/p>","protected":false},"excerpt":{"rendered":"<p><strong>KnitPro Karbonz Midi<\/strong> - augstas kvalit\u0101tes ad\u012b\u0161anas komplekts ar 10 cm gariem main\u0101miem (pieskr\u016bv\u0113jamiem) oglek\u013ca \u0161\u0137iedras auklu p\u0101riem. Viegls, iztur\u012bgs un \u013coti \u0113rts, ar misi\u0146a neilona p\u0101rkl\u0101jumu un 360\u00b0 rot\u0113jo\u0161iem rull\u012b\u0161iem. Ide\u0101li piem\u0113rots maz\u0101kiem ad\u012b\u0161anas projektiem un ad\u012bt\u0101j\u0101m, kas augstu v\u0113rt\u0113 precizit\u0101ti.<\/p>","protected":false},"featured_media":32925,"comment_status":"open","ping_status":"closed","template":"","meta":{"_acf_changed":false},"product_brand":[557],"product_cat":[61,483,455,524,468,505,499,507],"product_tag":[306],"class_list":{"0":"post-32924","1":"product","2":"type-product","3":"status-publish","4":"has-post-thumbnail","6":"product_brand-knitpro","7":"product_cat-virbalai-vaseliai","8":"product_cat-dovanos","9":"product_cat-gamintojas-virbalai-vaseliai","10":"product_cat-karboniniai","11":"product_cat-knitpro-virbalai-vaseliai","12":"product_cat-rinkiniai","13":"product_cat-rusis","14":"product_cat-virbalu-rinkiniai","15":"product_tag-knitpro","16":"pa_dydis-4-mm","17":"pa_dydis-4-50-mm","18":"pa_dydis-5-mm","19":"pa_dydis-5-50-mm","20":"pa_dydis-6-mm","21":"pa_dydis-7-mm","22":"pa_dydis-8-mm","24":"first","25":"instock","26":"taxable","27":"shipping-taxable","28":"purchasable","29":"product-type-simple"},"acf":[],"_links":{"self":[{"href":"https:\/\/siulubangos.lt\/lv\/wp-json\/wp\/v2\/product\/32924","targetHints":{"allow":["GET"]}}],"collection":[{"href":"https:\/\/siulubangos.lt\/lv\/wp-json\/wp\/v2\/product"}],"about":[{"href":"https:\/\/siulubangos.lt\/lv\/wp-json\/wp\/v2\/types\/product"}],"replies":[{"embeddable":true,"href":"https:\/\/siulubangos.lt\/lv\/wp-json\/wp\/v2\/comments?post=32924"}],"version-history":[{"count":0,"href":"https:\/\/siulubangos.lt\/lv\/wp-json\/wp\/v2\/product\/32924\/revisions"}],"wp:featuredmedia":[{"embeddable":true,"href":"https:\/\/siulubangos.lt\/lv\/wp-json\/wp\/v2\/media\/32925"}],"wp:attachment":[{"href":"https:\/\/siulubangos.lt\/lv\/wp-json\/wp\/v2\/media?parent=32924"}],"wp:term":[{"taxonomy":"product_brand","embeddable":true,"href":"https:\/\/siulubangos.lt\/lv\/wp-json\/wp\/v2\/product_brand?post=32924"},{"taxonomy":"product_cat","embeddable":true,"href":"https:\/\/siulubangos.lt\/lv\/wp-json\/wp\/v2\/product_cat?post=32924"},{"taxonomy":"product_tag","embeddable":true,"href":"https:\/\/siulubangos.lt\/lv\/wp-json\/wp\/v2\/product_tag?post=32924"}],"curies":[{"name":"wp","href":"https:\/\/api.w.org\/{rel}","templated":true}]}}