{"id":32953,"date":"2025-11-03T17:28:25","date_gmt":"2025-11-03T17:28:25","guid":{"rendered":"https:\/\/siulubangos.lt\/?post_type=product&#038;p=32953"},"modified":"2026-04-01T01:05:46","modified_gmt":"2026-03-31T22:05:46","slug":"knitpro-red-wave-prisukamu-virbalu-rinkinys-13-cm-35-8-mm","status":"publish","type":"product","link":"https:\/\/siulubangos.lt\/lv\/parduotuve\/knitpro-red-wave-prisukamu-virbalu-rinkinys-13-cm-35-8-mm\/","title":{"rendered":"Ad\u0101madatas komplekts ar uzskr\u016bv\u0113jamu auklu (13 cm, 3,5-8 mm)"},"content":{"rendered":"<div class=\"product-description\">\n<h2>Ad\u0101madatas komplekts ar uzskr\u016bv\u0113jamu auklu (13 cm, 3,5-8 mm)<\/h2>\n<p data-start=\"240\" data-end=\"542\">KnitPro <strong data-start=\"248\" data-end=\"260\">Red Wave<\/strong> prisukam\u0173 virbal\u0173 rinkinys sukurtas mezg\u0117joms, ie\u0161kan\u010dioms ergonomi\u0161ko sprendimo ir auk\u0161\u010diausios kokyb\u0117s. Unikalios banguotos formos metaliniai virbalai prisitaiko prie nat\u016brali\u0173 rankos judesi\u0173, suma\u017eina pir\u0161t\u0173 ir rie\u0161\u0173 nuovarg\u012f bei u\u017etikrina tolyg\u0173 mezgim\u0105 net ilg\u0173 projekt\u0173 metu.<\/p>\n<p data-start=\"544\" data-end=\"817\">13 cm ilgio virbal\u0173 galiukai pagaminti i\u0161 auk\u0161tos kokyb\u0117s metalo, pasi\u017eymi skland\u017eiu si\u016bl\u0173 slydimu ir precizi\u0161kai suformuotu smailumu. Prisukama sistema leid\u017eia lengvai keisti virbal\u0173 dyd\u017eius ir val\u0173 ilgius pagal projekt\u0105, o tvirtas sujungimas garantuoja stabilum\u0105 mezgant.<\/p>\n<p data-start=\"819\" data-end=\"973\">Ry\u0161kus raudonos spalvos dizainas suteikia rinkiniui i\u0161skirtinumo, o komplekte esantys priedai leid\u017eia patogiai prisitaikyti prie \u012fvairi\u0173 mezgimo poreiki\u0173.<\/p>\n<h3><strong>Rinkin\u012f sudaro<\/strong>\u00a0<strong>:<\/strong><\/h3>\n<ul>\n<li>8 poros kei\u010diam\u0173 (prisukam\u0173)\u00a0 virbal\u0173 : 3,5, 4.0, 4.5, 5.0, 5.5, 6.0, 7.0 ir 8.0 mm<\/li>\n<li>4 juodi ner\u016bdijan\u010dio plieno su nailono danga 360 besisukantys valai: 60 cm,\u00a0 2 po 80cm , 100 cm<\/li>\n<li>8 antgaliai<\/li>\n<li>\u00a04 rakteliai virbalo ir valo u\u017etvirtinimui<\/li>\n<li>2 val\u0173 jungtys<\/li>\n<\/ul>\n<p>&nbsp;<\/p>\n<\/div>","protected":false},"excerpt":{"rendered":"<p>Virbal\u0173 galiukai pasi\u017eymi raudonu ir m\u0117lynu metaliniu blizgesiu, pagaminti i\u0161 lengvo ir tvirto aliuminio su lygiais pavir\u0161iais, u\u017etikrinan\u010diais patog\u0173 mezgim\u0105. Dydis i\u0161graviruotas lazeriu, o galiukai lengvai jungiasi prie ner\u016bdijan\u010dio plieno val\u0173, dengt\u0173 nailonu, naudojant patog\u0173 prisukam\u0105 val\u0105. Valai tvirti, lankst\u016bs ir skland\u017eiai slysta per akis.<\/p>","protected":false},"featured_media":32954,"comment_status":"open","ping_status":"closed","template":"","meta":{"_acf_changed":false},"product_brand":[557],"product_cat":[61,455,468,527,453,505,499,507],"product_tag":[306],"class_list":{"0":"post-32953","1":"product","2":"type-product","3":"status-publish","4":"has-post-thumbnail","6":"product_brand-knitpro","7":"product_cat-virbalai-vaseliai","8":"product_cat-gamintojas-virbalai-vaseliai","9":"product_cat-knitpro-virbalai-vaseliai","10":"product_cat-metaliniai","11":"product_cat-nuolaidos","12":"product_cat-rinkiniai","13":"product_cat-rusis","14":"product_cat-virbalu-rinkiniai","15":"product_tag-knitpro","16":"pa_dydis-4-mm","17":"pa_dydis-4-50-mm","18":"pa_dydis-5-mm","19":"pa_dydis-5-50-mm","20":"pa_dydis-6-mm","21":"pa_dydis-7-mm","22":"pa_dydis-8-mm","24":"first","25":"instock","26":"sale","27":"taxable","28":"shipping-taxable","29":"purchasable","30":"product-type-simple"},"acf":[],"_links":{"self":[{"href":"https:\/\/siulubangos.lt\/lv\/wp-json\/wp\/v2\/product\/32953","targetHints":{"allow":["GET"]}}],"collection":[{"href":"https:\/\/siulubangos.lt\/lv\/wp-json\/wp\/v2\/product"}],"about":[{"href":"https:\/\/siulubangos.lt\/lv\/wp-json\/wp\/v2\/types\/product"}],"replies":[{"embeddable":true,"href":"https:\/\/siulubangos.lt\/lv\/wp-json\/wp\/v2\/comments?post=32953"}],"version-history":[{"count":0,"href":"https:\/\/siulubangos.lt\/lv\/wp-json\/wp\/v2\/product\/32953\/revisions"}],"wp:featuredmedia":[{"embeddable":true,"href":"https:\/\/siulubangos.lt\/lv\/wp-json\/wp\/v2\/media\/32954"}],"wp:attachment":[{"href":"https:\/\/siulubangos.lt\/lv\/wp-json\/wp\/v2\/media?parent=32953"}],"wp:term":[{"taxonomy":"product_brand","embeddable":true,"href":"https:\/\/siulubangos.lt\/lv\/wp-json\/wp\/v2\/product_brand?post=32953"},{"taxonomy":"product_cat","embeddable":true,"href":"https:\/\/siulubangos.lt\/lv\/wp-json\/wp\/v2\/product_cat?post=32953"},{"taxonomy":"product_tag","embeddable":true,"href":"https:\/\/siulubangos.lt\/lv\/wp-json\/wp\/v2\/product_tag?post=32953"}],"curies":[{"name":"wp","href":"https:\/\/api.w.org\/{rel}","templated":true}]}}