{"id":32960,"date":"2025-11-03T18:29:06","date_gmt":"2025-11-03T18:29:06","guid":{"rendered":"https:\/\/siulubangos.lt\/?post_type=product&#038;p=32960"},"modified":"2026-03-09T22:33:06","modified_gmt":"2026-03-09T20:33:06","slug":"knitpro-nova-regal-prisukamu-virbalu-rinkinys-13-cm-3-8-mm","status":"publish","type":"product","link":"https:\/\/siulubangos.lt\/lv\/parduotuve\/knitpro-nova-regal-prisukamu-virbalu-rinkinys-13-cm-3-8-mm\/","title":{"rendered":"KnitPro NOVA Regal Uzskr\u016bv\u0113jamo spol\u012b\u0161u komplekts (13 cm, 3-8 mm)"},"content":{"rendered":"<div class=\"product-description\">\n<h2>KnitPro NOVA Regal Uzskr\u016bv\u0113jamo spol\u012b\u0161u komplekts (13 cm, 3-8 mm)<\/h2>\n<h3><strong>Rinkin\u012f sudaro\u00a0:<\/strong><\/h3>\n<ul>\n<li>11 por\u0173 prisukam\u0173 virbal\u0173: 3.0, 3.25, 3.50, 3.75, 4.0, 4.50, 5.0, 5.50, 6.0, 6.50 ir 8.0 mm.<\/li>\n<li>5 nefiksuoti juodi nailonu dengti ner\u016bdijan\u010dio plieno valai (2 x 60cm, 2 x 80cm ir 1 x 100cm; ilgis nurodytas su virbalais).<\/li>\n<li>8 val\u0173 antgaliai.<\/li>\n<li>4 priver\u017eimo rakteliai.<\/li>\n<li>1 valo jungtis.<\/li>\n<li>\u017eirklut\u0117s.<\/li>\n<li>matavimo juosta.<\/li>\n<li>2 adatos.<\/li>\n<li>10 vnt. u\u017esegam\u0173 mezginio aki\u0173 \u017eymekli\u0173.<\/li>\n<li>10 u\u017edar\u0173 mezginio aki\u0173 \u017eymekli\u0173.<\/li>\n<li>Rinkinys supakuotas patogiame d\u0117kle.<\/li>\n<\/ul>\n<p>Ideali dovana kiekvienai mezg\u0117jai! Patog\u016bs, eleganti\u0161ki virbalai gra\u017eiame d\u0117kle taps ne tik prakti\u0161ka priemone, bet ir stilinga dovana.<\/p>\n<\/div>","protected":false},"excerpt":{"rendered":"<p>KnitPro Nova Regal &#8211; prisukami metaliniai virbalai: lengvi, tvirti ir eleganti\u0161ki, puikiai tinka tiek smulkiems n\u0117riniams, tiek storiems \u017eieminiams mezginiams. Virbalai skland\u017eiai slysta per si\u016blus, o patogus m\u0117lynas d\u0117klas su avyt\u0117s motyvais u\u017etikrina tvarking\u0105 \u012franki\u0173 laikym\u0105 ir patog\u0173 naudojim\u0105 kelion\u0117je.<\/p>","protected":false},"featured_media":32962,"comment_status":"open","ping_status":"closed","template":"","meta":{"_acf_changed":false},"product_brand":[557],"product_cat":[61,483,455,468,527,505,499,507],"product_tag":[306],"class_list":{"0":"post-32960","1":"product","2":"type-product","3":"status-publish","4":"has-post-thumbnail","6":"product_brand-knitpro","7":"product_cat-virbalai-vaseliai","8":"product_cat-dovanos","9":"product_cat-gamintojas-virbalai-vaseliai","10":"product_cat-knitpro-virbalai-vaseliai","11":"product_cat-metaliniai","12":"product_cat-rinkiniai","13":"product_cat-rusis","14":"product_cat-virbalu-rinkiniai","15":"product_tag-knitpro","16":"pa_dydis-4-mm","17":"pa_dydis-4-50-mm","18":"pa_dydis-5-mm","19":"pa_dydis-5-50-mm","20":"pa_dydis-6-mm","21":"pa_dydis-7-mm","22":"pa_dydis-8-mm","24":"first","25":"instock","26":"taxable","27":"shipping-taxable","28":"purchasable","29":"product-type-simple"},"acf":[],"_links":{"self":[{"href":"https:\/\/siulubangos.lt\/lv\/wp-json\/wp\/v2\/product\/32960","targetHints":{"allow":["GET"]}}],"collection":[{"href":"https:\/\/siulubangos.lt\/lv\/wp-json\/wp\/v2\/product"}],"about":[{"href":"https:\/\/siulubangos.lt\/lv\/wp-json\/wp\/v2\/types\/product"}],"replies":[{"embeddable":true,"href":"https:\/\/siulubangos.lt\/lv\/wp-json\/wp\/v2\/comments?post=32960"}],"version-history":[{"count":0,"href":"https:\/\/siulubangos.lt\/lv\/wp-json\/wp\/v2\/product\/32960\/revisions"}],"wp:featuredmedia":[{"embeddable":true,"href":"https:\/\/siulubangos.lt\/lv\/wp-json\/wp\/v2\/media\/32962"}],"wp:attachment":[{"href":"https:\/\/siulubangos.lt\/lv\/wp-json\/wp\/v2\/media?parent=32960"}],"wp:term":[{"taxonomy":"product_brand","embeddable":true,"href":"https:\/\/siulubangos.lt\/lv\/wp-json\/wp\/v2\/product_brand?post=32960"},{"taxonomy":"product_cat","embeddable":true,"href":"https:\/\/siulubangos.lt\/lv\/wp-json\/wp\/v2\/product_cat?post=32960"},{"taxonomy":"product_tag","embeddable":true,"href":"https:\/\/siulubangos.lt\/lv\/wp-json\/wp\/v2\/product_tag?post=32960"}],"curies":[{"name":"wp","href":"https:\/\/api.w.org\/{rel}","templated":true}]}}