{"id":32970,"date":"2025-11-03T18:50:11","date_gmt":"2025-11-03T18:50:11","guid":{"rendered":"https:\/\/siulubangos.lt\/?post_type=product&#038;p=32970"},"modified":"2026-02-09T21:36:47","modified_gmt":"2026-02-09T19:36:47","slug":"knitpro-zing-regal-komplekts-13-cm-3-8-mm","status":"publish","type":"product","link":"https:\/\/siulubangos.lt\/lv\/parduotuve\/knitpro-zing-regal-prisukamu-virbalu-rinkinys-13-cm-3-8-mm\/","title":{"rendered":"KnitPro ZING Special Regal 10 cm uzskr\u016bv\u0113jamo auklu komplekts (3-8 mm)"},"content":{"rendered":"<div class=\"product-description\">\n<h2><strong>KnitPro ZING Special Regal 10 cm uzskr\u016bv\u0113jamo auklu komplekts (3-8 mm)<\/strong><\/h2>\n<h3><strong>Komplekt\u0101 ietilpst :<\/strong><\/h3>\n<ul>\n<li>11 p\u0101ri skr\u016bv\u0113jamu auklu: 3,00, 3,25, 3,50, 3,75, 4,00, 4,50, 5,00, 5,50, 6,00, 6,50 un 8,00 mm.<\/li>\n<li>5 nefiks\u0113ti melni, ar neilonu p\u0101rkl\u0101ti ner\u016bs\u0113jo\u0161\u0101 t\u0113rauda vadi (3 x 40 cm, 2 x 50 cm; ar aukl\u0101m).<\/li>\n<li>8 cilindru sprauslas.<\/li>\n<li>4 pievilk\u0161anas atsl\u0113gas.<\/li>\n<li>1 t\u012br\u012bt\u0101ja savienot\u0101js.<\/li>\n<li>\u0161\u0137\u0113res.<\/li>\n<li>m\u0113rlente.<\/li>\n<li>2 adatas.<\/li>\n<li>10 gab. aizdares ad\u0101madatu mar\u0137ieri.<\/li>\n<li>10 metamo valdzi\u0146u mar\u0137ieri.<\/li>\n<li>Komplekts ir ievietots \u0113rt\u0101 somi\u0146\u0101.<\/li>\n<\/ul>\n<p>Ide\u0101la d\u0101vana katram ad\u012bt\u0101jam! Paroc\u012bg\u0101s, elegant\u0101s auklas skaist\u0101 futr\u0101l\u012b b\u016bs ne tikai praktisks r\u012bks, bet ar\u012b stil\u012bga d\u0101vana.<\/p>\n<\/div>","protected":false},"excerpt":{"rendered":"<p>KnitPro ZING Special Regal - uzskr\u016bv\u0113jamas met\u0101la spol\u012btes - vieglas, iztur\u012bgas un elegantas, ide\u0101li piem\u0113rotas gan smalkiem me\u017e\u0123\u012b\u0146u, gan bieziem ziemas ad\u012bjumiem. Spoles gludi sl\u012bd cauri dzijai, un \u0113rtais roz\u0101 aitas rakstainais futr\u0101lis nodro\u0161ina k\u0101rt\u012bgu uzglab\u0101\u0161anu un \u0113rtu lieto\u0161anu ce\u013c\u0101.<\/p>","protected":false},"featured_media":32972,"comment_status":"open","ping_status":"closed","template":"","meta":{"_acf_changed":false},"product_brand":[557],"product_cat":[61,483,455,468,527,505,499,507],"product_tag":[306],"class_list":{"0":"post-32970","1":"product","2":"type-product","3":"status-publish","4":"has-post-thumbnail","6":"product_brand-knitpro","7":"product_cat-virbalai-vaseliai","8":"product_cat-dovanos","9":"product_cat-gamintojas-virbalai-vaseliai","10":"product_cat-knitpro-virbalai-vaseliai","11":"product_cat-metaliniai","12":"product_cat-rinkiniai","13":"product_cat-rusis","14":"product_cat-virbalu-rinkiniai","15":"product_tag-knitpro","16":"pa_dydis-4-mm","17":"pa_dydis-4-50-mm","18":"pa_dydis-5-mm","19":"pa_dydis-5-50-mm","20":"pa_dydis-6-mm","21":"pa_dydis-7-mm","22":"pa_dydis-8-mm","24":"first","25":"instock","26":"taxable","27":"shipping-taxable","28":"purchasable","29":"product-type-simple"},"acf":[],"_links":{"self":[{"href":"https:\/\/siulubangos.lt\/lv\/wp-json\/wp\/v2\/product\/32970","targetHints":{"allow":["GET"]}}],"collection":[{"href":"https:\/\/siulubangos.lt\/lv\/wp-json\/wp\/v2\/product"}],"about":[{"href":"https:\/\/siulubangos.lt\/lv\/wp-json\/wp\/v2\/types\/product"}],"replies":[{"embeddable":true,"href":"https:\/\/siulubangos.lt\/lv\/wp-json\/wp\/v2\/comments?post=32970"}],"version-history":[{"count":0,"href":"https:\/\/siulubangos.lt\/lv\/wp-json\/wp\/v2\/product\/32970\/revisions"}],"wp:featuredmedia":[{"embeddable":true,"href":"https:\/\/siulubangos.lt\/lv\/wp-json\/wp\/v2\/media\/32972"}],"wp:attachment":[{"href":"https:\/\/siulubangos.lt\/lv\/wp-json\/wp\/v2\/media?parent=32970"}],"wp:term":[{"taxonomy":"product_brand","embeddable":true,"href":"https:\/\/siulubangos.lt\/lv\/wp-json\/wp\/v2\/product_brand?post=32970"},{"taxonomy":"product_cat","embeddable":true,"href":"https:\/\/siulubangos.lt\/lv\/wp-json\/wp\/v2\/product_cat?post=32970"},{"taxonomy":"product_tag","embeddable":true,"href":"https:\/\/siulubangos.lt\/lv\/wp-json\/wp\/v2\/product_tag?post=32970"}],"curies":[{"name":"wp","href":"https:\/\/api.w.org\/{rel}","templated":true}]}}