{"id":32981,"date":"2025-11-03T19:52:24","date_gmt":"2025-11-03T19:52:24","guid":{"rendered":"https:\/\/siulubangos.lt\/?post_type=product&#038;p=32981"},"modified":"2026-03-11T22:51:04","modified_gmt":"2026-03-11T20:51:04","slug":"knitpro-grozamas-360-rotejosas-zelta-krasas-auklas-ar-uzgaliem","status":"publish","type":"product","link":"https:\/\/siulubangos.lt\/lv\/parduotuve\/knitpro-swivel-360-rotaciniai-auksiniais-galiukais-valai\/","title":{"rendered":"KnitPro rot\u0113jo\u0161\u0101 aukla ar zelt\u012btiem gali\u0146iem (40-150 cm)"},"content":{"rendered":"<h2>KnitPro rot\u0113jo\u0161\u0101 aukla ar zelt\u012btiem gali\u0146iem (40-150 cm)<\/h2>\n<p data-start=\"215\" data-end=\"503\">KnitPro rot\u0101cijas <strong data-start=\"243\" data-end=\"279\">l\u012bnijas ar zelt\u012btiem gali\u0146iem<\/strong> paredz\u0113ti \u0113rtai, gludai un bezsprieguma ad\u012b\u0161anai ar main\u0101m\u0101m aukl\u0101m. 360\u00b0 rot\u0113jo\u0161ais \u0161arn\u012brs \u013cauj vilnai br\u012bvi kust\u0113ties, t\u0101p\u0113c t\u0101 nesavijas, neizstiepj ad\u012bto audumu un nodro\u0161ina dabiskas roku kust\u012bbas.<\/p>\n<p data-start=\"505\" data-end=\"763\">Elast\u012bg\u0101, bet \u013coti iztur\u012bg\u0101 aukla saglab\u0101 formu, nesaliecas un \u0101tri atgrie\u017eas s\u0101kotn\u0113j\u0101 st\u0101vokl\u012b. Pul\u0113tie zelta uzga\u013ci nodro\u0161ina \u013coti vienm\u0113r\u012bgu p\u0101reju starp spol\u012bti un spol\u012bti, t\u0101p\u0113c dzija neaiz\u0137eras un valdzi\u0146\u0161 viegli izsl\u012bd pat tad, kad ad\u012bts ar smalku dziju.<\/p>\n<p data-start=\"765\" data-end=\"926\">Pla\u0161s <strong data-start=\"772\" data-end=\"791\">Garums 40-150 cm<\/strong> \u0160os valus var piel\u0101got da\u017e\u0101diem projektiem, s\u0101kot no cepur\u0113m un piedurkn\u0113m l\u012bdz lieliem d\u017eemperiem, \u0161all\u0113m vai seg\u0101m.<\/p>\n<p><strong>SVAR\u012aGI !<\/strong><\/p>\n<p>Nor\u0101d\u012btais garums nav pa\u0161as auklas garums, bet gan auklas garums, ieskaitot ieskr\u016bv\u0113t\u0101s auklas.<\/p>\n<p>- 40 cm l\u012bnija ir 20 cm gara, bet, pievienojot virves, kop\u0113jais garums k\u013c\u016bst 40 cm.<br \/>\n- 50 cm auklas garums ir 29 cm, bet, pievienojot virves, kop\u0113jais garums k\u013c\u016bst 50 cm.<br \/>\n- 60 cm gara l\u012bnija ir 35 cm gara, bet, pievienojot virves, t\u0101s kop\u0113jais garums k\u013c\u016bst 60 cm.<br \/>\n- 80 cm gara l\u012bnija ir 56 cm gara, bet, pievienojot virves, kop\u0113jais garums k\u013c\u016bst 80 cm.<br \/>\n- 100 cm l\u012bnija ir 76 cm gara, bet, pievienojot virves, kop\u0113jais garums k\u013c\u016bst 100 cm.<br \/>\n- 120 cm gara l\u012bnija ir 94 cm gara, bet, pievienojot virves, kop\u0113jais garums k\u013c\u016bst 120 cm.<br \/>\n- 150 cm l\u012bnija ir 126 cm gara, bet, pievienojot virves, kop\u0113jais garums k\u013c\u016bst 150 cm.<\/p>","protected":false},"excerpt":{"rendered":"<p>Iepakojum\u0101 ir cilindrs, uzgrie\u017e\u0146u atsl\u0113ga un 2 uzskr\u016bv\u0113jami uzga\u013ci. Rot\u0113jo\u0161ais veltnis at\u0161\u0137iras no parast\u0101 velt\u0146a ar to, ka tas grie\u017eas ap savu asi, t\u0101d\u0113j\u0101di v\u0113l vair\u0101k atvieglojot ad\u012b\u0161anas procesu.<\/p>\n<p>&nbsp;<\/p>","protected":false},"featured_media":32992,"comment_status":"open","ping_status":"closed","template":"","meta":{"_acf_changed":false},"product_brand":[557],"product_cat":[61,455,310,468,535,499,570],"product_tag":[306],"class_list":{"0":"post-32981","1":"product","2":"type-product","3":"status-publish","4":"has-post-thumbnail","6":"product_brand-knitpro","7":"product_cat-virbalai-vaseliai","8":"product_cat-gamintojas-virbalai-vaseliai","9":"product_cat-mezgimo-priemones","10":"product_cat-knitpro-virbalai-vaseliai","11":"product_cat-knitpro","12":"product_cat-rusis","13":"product_cat-valai-virbalams","14":"product_tag-knitpro","15":"pa_ilgis-100-cm","16":"pa_ilgis-120-cm","17":"pa_ilgis-150-cm","18":"pa_ilgis-40-cm","19":"pa_ilgis-50-cm","20":"pa_ilgis-60-cm","21":"pa_ilgis-80-cm","23":"first","24":"instock","25":"taxable","26":"shipping-taxable","27":"purchasable","28":"product-type-variable"},"acf":[],"_links":{"self":[{"href":"https:\/\/siulubangos.lt\/lv\/wp-json\/wp\/v2\/product\/32981","targetHints":{"allow":["GET"]}}],"collection":[{"href":"https:\/\/siulubangos.lt\/lv\/wp-json\/wp\/v2\/product"}],"about":[{"href":"https:\/\/siulubangos.lt\/lv\/wp-json\/wp\/v2\/types\/product"}],"replies":[{"embeddable":true,"href":"https:\/\/siulubangos.lt\/lv\/wp-json\/wp\/v2\/comments?post=32981"}],"version-history":[{"count":0,"href":"https:\/\/siulubangos.lt\/lv\/wp-json\/wp\/v2\/product\/32981\/revisions"}],"wp:featuredmedia":[{"embeddable":true,"href":"https:\/\/siulubangos.lt\/lv\/wp-json\/wp\/v2\/media\/32992"}],"wp:attachment":[{"href":"https:\/\/siulubangos.lt\/lv\/wp-json\/wp\/v2\/media?parent=32981"}],"wp:term":[{"taxonomy":"product_brand","embeddable":true,"href":"https:\/\/siulubangos.lt\/lv\/wp-json\/wp\/v2\/product_brand?post=32981"},{"taxonomy":"product_cat","embeddable":true,"href":"https:\/\/siulubangos.lt\/lv\/wp-json\/wp\/v2\/product_cat?post=32981"},{"taxonomy":"product_tag","embeddable":true,"href":"https:\/\/siulubangos.lt\/lv\/wp-json\/wp\/v2\/product_tag?post=32981"}],"curies":[{"name":"wp","href":"https:\/\/api.w.org\/{rel}","templated":true}]}}