{"id":33008,"date":"2025-11-03T20:24:47","date_gmt":"2025-11-03T20:24:47","guid":{"rendered":"https:\/\/siulubangos.lt\/?post_type=product&#038;p=33008"},"modified":"2026-03-11T22:49:02","modified_gmt":"2026-03-11T20:49:02","slug":"knitpro-rotejosas-auklas-ar-sudraba-galiem-40-150-cm","status":"publish","type":"product","link":"https:\/\/siulubangos.lt\/lv\/parduotuve\/knitpro-rotaciniai-sidabriniais-galiukais-valai-40-150-cm\/","title":{"rendered":"KnitPro rot\u0113jo\u0161\u0101 aukla ar sudraba uzga\u013ciem (40-150 cm)"},"content":{"rendered":"<h2>KnitPro rot\u0113jo\u0161\u0101 aukla ar sudraba uzga\u013ciem (40-150 cm)<\/h2>\n<p data-start=\"221\" data-end=\"509\">KnitPro rot\u0101cijas <strong data-start=\"249\" data-end=\"287\">ar sudraba uzga\u013ciem<\/strong> paredz\u0113ti maksim\u0101lam komfortam un uzticam\u012bbai, adot ar main\u0101m\u0101m aukl\u0101m. 360\u00b0 rot\u0113jo\u0161ais savienojums \u013cauj pavedienam br\u012bvi kust\u0113ties, t\u0101p\u0113c tas nesav\u0113rpj un neizstiepj ad\u012bto audumu - \u0161uves p\u0101rvietojas vienm\u0113r\u012bgi un netrauc\u0113ti.<\/p>\n<p data-start=\"511\" data-end=\"790\">Stipr\u0101, bet \u013coti lokan\u0101 aukla lieliski saglab\u0101 formu, neaizliecas un \u0101tri atgrie\u017eas s\u0101kotn\u0113j\u0101 st\u0101vokl\u012b. Glud\u0101 p\u0101reja starp auklu un spol\u012bti kop\u0101 ar pul\u0113tajiem sudraba uzga\u013ciem nov\u0113r\u0161 aiz\u0137er\u0161anos un nodro\u0161ina vienm\u0113r\u012bgu ad\u012b\u0161anas procesu pat ar smalkiem diegiem.<\/p>\n<p data-start=\"792\" data-end=\"942\">Pla\u0161a garumu izv\u0113le no <strong data-start=\"822\" data-end=\"839\">40 l\u012bdz 150 cm<\/strong> \u013cauj vilnu piel\u0101got visda\u017e\u0101d\u0101kajiem projektiem - no cepur\u0113m un piedurkn\u0113m l\u012bdz lieliem d\u017eemperiem vai \u0161all\u0113m.<\/p>\n<p><strong>SVAR\u012aGI !<\/strong><\/p>\n<p>Nor\u0101d\u012btais garums nav pa\u0161as auklas garums, bet gan auklas garums, ieskaitot ieskr\u016bv\u0113t\u0101s auklas.<\/p>\n<p>- 40 cm l\u012bnija ir 20 cm gara, bet, pievienojot virves, kop\u0113jais garums k\u013c\u016bst 40 cm.<br \/>\n- 50 cm auklas garums ir 29 cm, bet, pievienojot virves, kop\u0113jais garums k\u013c\u016bst 50 cm.<br \/>\n- 60 cm gara l\u012bnija ir 35 cm gara, bet, pievienojot virves, t\u0101s kop\u0113jais garums k\u013c\u016bst 60 cm.<br \/>\n- 80 cm gara l\u012bnija ir 56 cm gara, bet, pievienojot virves, kop\u0113jais garums k\u013c\u016bst 80 cm.<br \/>\n- 100 cm l\u012bnija ir 76 cm gara, bet, pievienojot virves, kop\u0113jais garums k\u013c\u016bst 100 cm.<br \/>\n- 120 cm gara l\u012bnija ir 94 cm gara, bet, pievienojot virves, kop\u0113jais garums k\u013c\u016bst 120 cm.<br \/>\n- 150 cm l\u012bnija ir 126 cm gara, bet, pievienojot virves, kop\u0113jais garums k\u013c\u016bst 150 cm.<\/p>","protected":false},"excerpt":{"rendered":"<p>Iepakojum\u0101 ir cilindrs, uzgrie\u017e\u0146u atsl\u0113ga un 2 uzskr\u016bv\u0113jami uzga\u013ci. Rot\u0113jo\u0161ais veltnis at\u0161\u0137iras no parast\u0101 velt\u0146a ar to, ka tas grie\u017eas ap savu asi, t\u0101d\u0113j\u0101di v\u0113l vair\u0101k atvieglojot ad\u012b\u0161anas procesu.<\/p>\n<p>&nbsp;<\/p>","protected":false},"featured_media":33010,"comment_status":"open","ping_status":"closed","template":"","meta":{"_acf_changed":false},"product_brand":[557],"product_cat":[570,455,310,468,535],"product_tag":[306],"class_list":{"0":"post-33008","1":"product","2":"type-product","3":"status-publish","4":"has-post-thumbnail","6":"product_brand-knitpro","7":"product_cat-valai-virbalams","8":"product_cat-gamintojas-virbalai-vaseliai","9":"product_cat-mezgimo-priemones","10":"product_cat-knitpro-virbalai-vaseliai","11":"product_cat-knitpro","12":"product_tag-knitpro","13":"pa_ilgis-100-cm","14":"pa_ilgis-120-cm","15":"pa_ilgis-150-cm","16":"pa_ilgis-40-cm","17":"pa_ilgis-50-cm","18":"pa_ilgis-60-cm","19":"pa_ilgis-80-cm","21":"first","22":"instock","23":"taxable","24":"shipping-taxable","25":"purchasable","26":"product-type-variable"},"acf":[],"_links":{"self":[{"href":"https:\/\/siulubangos.lt\/lv\/wp-json\/wp\/v2\/product\/33008","targetHints":{"allow":["GET"]}}],"collection":[{"href":"https:\/\/siulubangos.lt\/lv\/wp-json\/wp\/v2\/product"}],"about":[{"href":"https:\/\/siulubangos.lt\/lv\/wp-json\/wp\/v2\/types\/product"}],"replies":[{"embeddable":true,"href":"https:\/\/siulubangos.lt\/lv\/wp-json\/wp\/v2\/comments?post=33008"}],"version-history":[{"count":0,"href":"https:\/\/siulubangos.lt\/lv\/wp-json\/wp\/v2\/product\/33008\/revisions"}],"wp:featuredmedia":[{"embeddable":true,"href":"https:\/\/siulubangos.lt\/lv\/wp-json\/wp\/v2\/media\/33010"}],"wp:attachment":[{"href":"https:\/\/siulubangos.lt\/lv\/wp-json\/wp\/v2\/media?parent=33008"}],"wp:term":[{"taxonomy":"product_brand","embeddable":true,"href":"https:\/\/siulubangos.lt\/lv\/wp-json\/wp\/v2\/product_brand?post=33008"},{"taxonomy":"product_cat","embeddable":true,"href":"https:\/\/siulubangos.lt\/lv\/wp-json\/wp\/v2\/product_cat?post=33008"},{"taxonomy":"product_tag","embeddable":true,"href":"https:\/\/siulubangos.lt\/lv\/wp-json\/wp\/v2\/product_tag?post=33008"}],"curies":[{"name":"wp","href":"https:\/\/api.w.org\/{rel}","templated":true}]}}