{"id":33024,"date":"2025-11-03T20:55:32","date_gmt":"2025-11-03T20:55:32","guid":{"rendered":"https:\/\/siulubangos.lt\/?post_type=product&#038;p=33024"},"modified":"2026-03-27T23:04:07","modified_gmt":"2026-03-27T21:04:07","slug":"knitpro-mindful-swivel-360-rotaciniai-valai-40-100-cm","status":"publish","type":"product","link":"https:\/\/siulubangos.lt\/lv\/parduotuve\/knitpro-mindful-swivel-360-rotaciniai-valai-40-100-cm\/","title":{"rendered":"KnitPro Mindful rot\u0113jo\u0161\u0101 l\u012bnija (40-100 cm)"},"content":{"rendered":"<h2>KnitPro Mindful rot\u0113jo\u0161\u0101 l\u012bnija (40-100 cm)<\/h2>\n<p data-start=\"151\" data-end=\"462\">KnitPro Mindful rotaciniai valai sukurti tam, kad mezgimas b\u016bt\u0173 kuo patogesnis, ramesnis ir sklandesnis. Auk\u0161tos kokyb\u0117s, tvirtas, bet itin lankstus valas laisvai sukasi jungtyje, tod\u0117l nesusisuka ir netempia mezginio. Tai leid\u017eia rankoms dirbti nat\u016braliai ir suma\u017eina nuovarg\u012f net ilg\u0173 mezgimo sesij\u0173 metu.<\/p>\n<p data-start=\"464\" data-end=\"752\">Valai lengvai ir tvirtai prisukami prie KnitPro Mindful kei\u010diam\u0173 virbal\u0173, u\u017etikrindami stabil\u0173 sujungim\u0105 be si\u016bl\u0173 u\u017esikabinimo. Lygus pavir\u0161ius leid\u017eia akims tolygiai slysti, tod\u0117l valas puikiai tinka tiek smulkiems, tiek dideliems mezgimo projektams &#8211; nuo kepuri\u0173 iki megztini\u0173 ar skar\u0173.<\/p>\n<p><strong>SVAR\u012aGI !<\/strong><\/p>\n<p>Nurodytas ilgis n\u0117ra pa\u010dio valo ilgis, o valo ilgis kartu su prisukamais virbalais.<\/p>\n<p>&#8211; 40cm valas yra 20cm ilgio, ta\u010diau prijungus virbalus bendras ilgis tampa 40cm.<br \/>\n&#8211; 50cm\u00a0 valas yra 29cm ilgio, ta\u010diau prijungus virbalus bendras ilgis tampa 50cm.<br \/>\n&#8211; 60cm\u00a0 valas yra 35cm ilgio, ta\u010diau prijungus virbalus bendras ilgis tampa 60cm.<br \/>\n&#8211; 80cm\u00a0 valas yra 56cm ilgio, ta\u010diau prijungus virbalus bendras ilgis tampa 80cm.<br \/>\n&#8211; 100cm valas yra 76cm ilgio, ta\u010diau prijungus virbalus bendras ilgis tampa 100cm.<\/p>","protected":false},"excerpt":{"rendered":"<p>Pakuot\u0117je valas, raktas u\u017ever\u017eimui ir 2 prisukami antgaliai. Rotacinis valas skirias nuo paprasto savo funkcija suktis aplink savo a\u0161\u012f d\u0117l ko mezgimo procesas tampa dar paprastesnis.<\/p>\n<p>&nbsp;<\/p>","protected":false},"featured_media":33032,"comment_status":"open","ping_status":"closed","template":"","meta":{"_acf_changed":false},"product_brand":[557],"product_cat":[61,455,310,468,535,499,570],"product_tag":[306],"class_list":{"0":"post-33024","1":"product","2":"type-product","3":"status-publish","4":"has-post-thumbnail","6":"product_brand-knitpro","7":"product_cat-virbalai-vaseliai","8":"product_cat-gamintojas-virbalai-vaseliai","9":"product_cat-mezgimo-priemones","10":"product_cat-knitpro-virbalai-vaseliai","11":"product_cat-knitpro","12":"product_cat-rusis","13":"product_cat-valai-virbalams","14":"product_tag-knitpro","15":"pa_ilgis-100-cm","16":"pa_ilgis-40-cm","17":"pa_ilgis-50-cm","18":"pa_ilgis-60-cm","19":"pa_ilgis-80-cm","21":"first","22":"instock","23":"taxable","24":"shipping-taxable","25":"purchasable","26":"product-type-variable"},"acf":[],"_links":{"self":[{"href":"https:\/\/siulubangos.lt\/lv\/wp-json\/wp\/v2\/product\/33024","targetHints":{"allow":["GET"]}}],"collection":[{"href":"https:\/\/siulubangos.lt\/lv\/wp-json\/wp\/v2\/product"}],"about":[{"href":"https:\/\/siulubangos.lt\/lv\/wp-json\/wp\/v2\/types\/product"}],"replies":[{"embeddable":true,"href":"https:\/\/siulubangos.lt\/lv\/wp-json\/wp\/v2\/comments?post=33024"}],"version-history":[{"count":0,"href":"https:\/\/siulubangos.lt\/lv\/wp-json\/wp\/v2\/product\/33024\/revisions"}],"wp:featuredmedia":[{"embeddable":true,"href":"https:\/\/siulubangos.lt\/lv\/wp-json\/wp\/v2\/media\/33032"}],"wp:attachment":[{"href":"https:\/\/siulubangos.lt\/lv\/wp-json\/wp\/v2\/media?parent=33024"}],"wp:term":[{"taxonomy":"product_brand","embeddable":true,"href":"https:\/\/siulubangos.lt\/lv\/wp-json\/wp\/v2\/product_brand?post=33024"},{"taxonomy":"product_cat","embeddable":true,"href":"https:\/\/siulubangos.lt\/lv\/wp-json\/wp\/v2\/product_cat?post=33024"},{"taxonomy":"product_tag","embeddable":true,"href":"https:\/\/siulubangos.lt\/lv\/wp-json\/wp\/v2\/product_tag?post=33024"}],"curies":[{"name":"wp","href":"https:\/\/api.w.org\/{rel}","templated":true}]}}