{"id":33036,"date":"2025-11-03T21:20:39","date_gmt":"2025-11-03T21:20:39","guid":{"rendered":"https:\/\/siulubangos.lt\/?post_type=product&#038;p=33036"},"modified":"2026-03-31T10:34:13","modified_gmt":"2026-03-31T07:34:13","slug":"knitpro-mindful-pieskruvejamas-virves","status":"publish","type":"product","link":"https:\/\/siulubangos.lt\/lv\/parduotuve\/knitpro-mindful-prisukami-virbalai\/","title":{"rendered":"KnitPro Mindful t\u0113rauda skr\u016bv\u0113jam\u0101s 10 cm spol\u012btes (3-10 mm)"},"content":{"rendered":"<h3><strong>KnitPro Mindful t\u0113rauda skr\u016bv\u0113jam\u0101s 10 cm spol\u012btes (3-10 mm)<\/strong><\/h3>\n<p>\u0160\u012bs izcil\u0101s spol\u012btes ir izgatavotas no augst\u0101k\u0101s kvalit\u0101tes ner\u016bs\u0113jo\u0161\u0101 t\u0113rauda, kas nodro\u0161ina piln\u012bgi gludu un m\u012bkstu ad\u012b\u0161anas virsmu. Katra aukla ir ne tikai r\u012bks, bet ar\u012b iedvesmas avots: ar l\u0101zergrav\u0113ti v\u0101rdi \u201eImagine, Breathe, Believe, Focus\u201c (Iedom\u0101jies, elpo, tici, koncentr\u0113jies) atg\u0101dina, ka ad\u012b\u0161anas laik\u0101 j\u0101pal\u0113nina temps, j\u0101bauda rado\u0161ais process un j\u0101atrod iek\u0161\u0113jais miers. Smalkais dizains, perfektais l\u012bdzsvars un m\u012bkst\u0101 virsma rada viegluma un meditat\u012bvas harmonijas saj\u016btu, padarot katru ad\u012b\u0161anas mirkli \u012bpa\u0161u.<\/p>","protected":false},"excerpt":{"rendered":"<p>\u0160\u012bs spol\u012btes ir izgatavotas no augst\u0101k\u0101s kvalit\u0101tes ner\u016bs\u0113jo\u0161\u0101 t\u0113rauda, un to ad\u0101m\u0101 virsma ir \u013coti gluda. Uz katras no t\u0101m ar l\u0101zergrav\u0113jumu ir iegrav\u0113ti iedvesmojo\u0161i v\u0101rdi - Imagine, Breathe, Believe, Focus - kas ad\u012b\u0161an\u0101 rada miera, iedvesmas un prieka mirk\u013cus.<\/p>","protected":false},"featured_media":33038,"comment_status":"open","ping_status":"closed","template":"","meta":{"_acf_changed":false},"product_brand":[557],"product_cat":[61,513,455,468,527,500,502,499],"product_tag":[306],"class_list":{"0":"post-33036","1":"product","2":"type-product","3":"status-publish","4":"has-post-thumbnail","6":"product_brand-knitpro","7":"product_cat-virbalai-vaseliai","8":"product_cat-10-cm-prisukami-virbalai","9":"product_cat-gamintojas-virbalai-vaseliai","10":"product_cat-knitpro-virbalai-vaseliai","11":"product_cat-metaliniai","12":"product_cat-pluostas","13":"product_cat-prisukami-virbalai","14":"product_cat-rusis","15":"product_tag-knitpro","16":"pa_dydis-10-mm","17":"pa_dydis-12-mm","18":"pa_dydis-3-mm","19":"pa_dydis-3-25-mm","20":"pa_dydis-3-50-mm","21":"pa_dydis-3-75-mm","22":"pa_dydis-4-mm","23":"pa_dydis-4-50-mm","24":"pa_dydis-5-mm","25":"pa_dydis-5-50-mm","26":"pa_dydis-6-mm","27":"pa_dydis-6-50-mm","28":"pa_dydis-7-mm","29":"pa_dydis-8-mm","30":"pa_dydis-9-mm","32":"first","33":"instock","34":"taxable","35":"shipping-taxable","36":"purchasable","37":"product-type-variable"},"acf":[],"_links":{"self":[{"href":"https:\/\/siulubangos.lt\/lv\/wp-json\/wp\/v2\/product\/33036","targetHints":{"allow":["GET"]}}],"collection":[{"href":"https:\/\/siulubangos.lt\/lv\/wp-json\/wp\/v2\/product"}],"about":[{"href":"https:\/\/siulubangos.lt\/lv\/wp-json\/wp\/v2\/types\/product"}],"replies":[{"embeddable":true,"href":"https:\/\/siulubangos.lt\/lv\/wp-json\/wp\/v2\/comments?post=33036"}],"version-history":[{"count":0,"href":"https:\/\/siulubangos.lt\/lv\/wp-json\/wp\/v2\/product\/33036\/revisions"}],"wp:featuredmedia":[{"embeddable":true,"href":"https:\/\/siulubangos.lt\/lv\/wp-json\/wp\/v2\/media\/33038"}],"wp:attachment":[{"href":"https:\/\/siulubangos.lt\/lv\/wp-json\/wp\/v2\/media?parent=33036"}],"wp:term":[{"taxonomy":"product_brand","embeddable":true,"href":"https:\/\/siulubangos.lt\/lv\/wp-json\/wp\/v2\/product_brand?post=33036"},{"taxonomy":"product_cat","embeddable":true,"href":"https:\/\/siulubangos.lt\/lv\/wp-json\/wp\/v2\/product_cat?post=33036"},{"taxonomy":"product_tag","embeddable":true,"href":"https:\/\/siulubangos.lt\/lv\/wp-json\/wp\/v2\/product_tag?post=33036"}],"curies":[{"name":"wp","href":"https:\/\/api.w.org\/{rel}","templated":true}]}}