{"id":33080,"date":"2025-11-03T22:12:16","date_gmt":"2025-11-03T22:12:16","guid":{"rendered":"https:\/\/siulubangos.lt\/?post_type=product&#038;p=33080"},"modified":"2026-03-11T21:35:58","modified_gmt":"2026-03-11T19:35:58","slug":"knitpro-zing-zeku-virve-15-20-cm","status":"publish","type":"product","link":"https:\/\/siulubangos.lt\/lv\/parduotuve\/knitpro-zing-kojiniu-virbalai-15-20-cm\/","title":{"rendered":"KnitPro ZING ze\u0137u virve (15-20 cm)"},"content":{"rendered":"<h2>KnitPro ZING ze\u0137u virve (15-20 cm)<\/h2>\n<p data-start=\"192\" data-end=\"469\">KnitPro ZING ze\u0137u virve ir lieliska izv\u0113le ad\u012bt\u0101j\u0101m, kuras nov\u0113rt\u0113 vieglumu, spilgtu dizainu un gludu ad\u012b\u0161anu. \u0160\u012bs ze\u0137u auklas, kas izgatavotas no augstas kvalit\u0101tes viegla alum\u012bnija, nodro\u0161ina vienm\u0113r\u012bgu dzijas sl\u012bd\u0113\u0161anu un \u0113rtu lieto\u0161anu pat gar\u0101ku ad\u012b\u0161anas sesiju laik\u0101.<\/p>\n<p data-start=\"471\" data-end=\"802\">Katram auklas izm\u0113ram ir sava kr\u0101sa, t\u0101p\u0113c ir viegli uzreiz noteikt vajadz\u012bgo izm\u0113ru. Prec\u012bzas formas, vid\u0113ji smaili gali ir piem\u0113roti gan ies\u0101c\u0113j\u0101m, gan pieredz\u0113ju\u0161\u0101m ad\u012bt\u0101j\u0101m. 15-20 cm gar\u0101s ze\u0137u auklas ir ide\u0101li piem\u0113rotas ze\u0137u, cimdu, cepuru, piedurk\u0146u un citu mazu diametru izstr\u0101d\u0101jumu ad\u012b\u0161anai.<\/p>","protected":false},"excerpt":{"rendered":"<p>Atkl\u0101jiet KnitPro ZING - tas ir izgatavots no augst\u0101k\u0101s kvalit\u0101tes viegla alum\u012bnija, kas nodro\u0161ina \u012bpa\u0161u l\u012bdzsvaru starp iztur\u012bbu un vieglumu. \u0160\u012bs spol\u012btes caur dziju sl\u012bd perfekti gludi, padarot ad\u012b\u0161anu ne tikai par rado\u0161u, bet ar\u012b relaks\u0113jo\u0161u procesu. Tas ir ne tikai r\u012bks, bet ar\u012b patiess iedvesmas avots katram ad\u012b\u0161anas br\u012bdim.<\/p>","protected":false},"featured_media":33082,"comment_status":"open","ping_status":"closed","template":"","meta":{"_acf_changed":false},"product_brand":[557],"product_cat":[61,510,509,455,468,499,503],"product_tag":[306],"class_list":{"0":"post-33080","1":"product","2":"type-product","3":"status-publish","4":"has-post-thumbnail","6":"product_brand-knitpro","7":"product_cat-virbalai-vaseliai","8":"product_cat-15-cm","9":"product_cat-20-cm","10":"product_cat-gamintojas-virbalai-vaseliai","11":"product_cat-knitpro-virbalai-vaseliai","12":"product_cat-rusis","13":"product_cat-virbalai-kojinems-5-vnt","14":"product_tag-knitpro","15":"pa_dydis-2-mm","16":"pa_dydis-2-25-mm","17":"pa_dydis-2-50-mm","18":"pa_dydis-2-75-mm","19":"pa_dydis-3-mm","20":"pa_dydis-3-25-mm","21":"pa_dydis-3-50-mm","22":"pa_dydis-3-75-mm","23":"pa_dydis-4-mm","24":"pa_dydis-4-50-mm","25":"pa_dydis-5-mm","26":"pa_dydis-5-50-mm","27":"pa_ilgis-15-cm","28":"pa_ilgis-20-cm","30":"first","31":"instock","32":"taxable","33":"shipping-taxable","34":"purchasable","35":"product-type-variable","36":"has-default-attributes"},"acf":[],"_links":{"self":[{"href":"https:\/\/siulubangos.lt\/lv\/wp-json\/wp\/v2\/product\/33080","targetHints":{"allow":["GET"]}}],"collection":[{"href":"https:\/\/siulubangos.lt\/lv\/wp-json\/wp\/v2\/product"}],"about":[{"href":"https:\/\/siulubangos.lt\/lv\/wp-json\/wp\/v2\/types\/product"}],"replies":[{"embeddable":true,"href":"https:\/\/siulubangos.lt\/lv\/wp-json\/wp\/v2\/comments?post=33080"}],"version-history":[{"count":0,"href":"https:\/\/siulubangos.lt\/lv\/wp-json\/wp\/v2\/product\/33080\/revisions"}],"wp:featuredmedia":[{"embeddable":true,"href":"https:\/\/siulubangos.lt\/lv\/wp-json\/wp\/v2\/media\/33082"}],"wp:attachment":[{"href":"https:\/\/siulubangos.lt\/lv\/wp-json\/wp\/v2\/media?parent=33080"}],"wp:term":[{"taxonomy":"product_brand","embeddable":true,"href":"https:\/\/siulubangos.lt\/lv\/wp-json\/wp\/v2\/product_brand?post=33080"},{"taxonomy":"product_cat","embeddable":true,"href":"https:\/\/siulubangos.lt\/lv\/wp-json\/wp\/v2\/product_cat?post=33080"},{"taxonomy":"product_tag","embeddable":true,"href":"https:\/\/siulubangos.lt\/lv\/wp-json\/wp\/v2\/product_tag?post=33080"}],"curies":[{"name":"wp","href":"https:\/\/api.w.org\/{rel}","templated":true}]}}