{"id":33117,"date":"2025-11-03T22:35:10","date_gmt":"2025-11-03T22:35:10","guid":{"rendered":"https:\/\/siulubangos.lt\/?post_type=product&#038;p=33117"},"modified":"2026-03-08T17:57:23","modified_gmt":"2026-03-08T15:57:23","slug":"knitpro-karbonz-zeku-virve-15cm","status":"publish","type":"product","link":"https:\/\/siulubangos.lt\/lv\/parduotuve\/knitpro-karbonz-kojiniu-virbalai-15cm\/","title":{"rendered":"KnitPro Karbonz ze\u0137u virve (15 cm)"},"content":{"rendered":"<h2>KnitPro Karbonz ze\u0137u virve (15 cm)<\/h2>\n<p data-start=\"197\" data-end=\"514\"><strong data-start=\"205\" data-end=\"216\">Karbonz<\/strong> Ze\u0137u virve ir inovat\u012bva oglek\u013ca \u0161\u0137iedras un met\u0101la kombin\u0101cija, kas izstr\u0101d\u0101ta maksim\u0101lam komfortam un prec\u012bzai ad\u012b\u0161anai. Vieglais, bet \u013coti iztur\u012bgais oglek\u013ca \u0161\u0137iedras korpuss mazina roku nogurumu, savuk\u0101rt prec\u012bzi veidotie met\u0101la uzga\u013ci atvieglo darbu pat ar \u013coti smalkiem diegiem.<\/p>\n<p data-start=\"197\" data-end=\"514\">15 cm garums ir ide\u0101li piem\u0113rots ze\u0137u, cimdu, plaukstu, plaukstu loc\u012btavu, piedurk\u0146u un citu mazu diametru izstr\u0101d\u0101jumu ad\u012b\u0161anai. Virsma nodro\u0161ina optim\u0101lu diegu sl\u012bd\u0113\u0161anu - dzija nesl\u012bd p\u0101r\u0101k \u0101tri, bet gan p\u0101rvietojas vienm\u0113r\u012bgi un kontrol\u0113ti.<\/p>","protected":false},"excerpt":{"rendered":"<p>KnitPro Karbonz ze\u0137u virves ir \u013coti vieglas, iztur\u012bgas un prec\u012bzas, izgatavotas no augstas kvalit\u0101tes oglek\u013ca \u0161\u0137iedras ar pul\u0113ta met\u0101la uzga\u013ciem. T\u0101s ir gludas, iztur\u012bgas un ide\u0101li piem\u0113rotas gludiem ad\u012bjumiem bez piep\u016bles - ide\u0101la izv\u0113le gan maziem, gan sare\u017e\u0123\u012btiem projektiem.<\/p>","protected":false},"featured_media":33118,"comment_status":"open","ping_status":"closed","template":"","meta":{"_acf_changed":false},"product_brand":[557],"product_cat":[61,510,455,524,468,499,503],"product_tag":[306],"class_list":{"0":"post-33117","1":"product","2":"type-product","3":"status-publish","4":"has-post-thumbnail","6":"product_brand-knitpro","7":"product_cat-virbalai-vaseliai","8":"product_cat-15-cm","9":"product_cat-gamintojas-virbalai-vaseliai","10":"product_cat-karboniniai","11":"product_cat-knitpro-virbalai-vaseliai","12":"product_cat-rusis","13":"product_cat-virbalai-kojinems-5-vnt","14":"product_tag-knitpro","15":"pa_dydis-1-mm","16":"pa_dydis-1-25-mm","17":"pa_dydis-1-50-mm","18":"pa_dydis-1-75-mm","19":"pa_dydis-2-mm","20":"pa_dydis-2-25-mm","21":"pa_dydis-2-50-mm","22":"pa_dydis-2-75-mm","23":"pa_dydis-3-mm","24":"pa_dydis-3-25-mm","25":"pa_dydis-3-50-mm","26":"pa_dydis-3-75-mm","27":"pa_dydis-4-mm","29":"first","30":"instock","31":"taxable","32":"shipping-taxable","33":"purchasable","34":"product-type-variable"},"acf":[],"_links":{"self":[{"href":"https:\/\/siulubangos.lt\/lv\/wp-json\/wp\/v2\/product\/33117","targetHints":{"allow":["GET"]}}],"collection":[{"href":"https:\/\/siulubangos.lt\/lv\/wp-json\/wp\/v2\/product"}],"about":[{"href":"https:\/\/siulubangos.lt\/lv\/wp-json\/wp\/v2\/types\/product"}],"replies":[{"embeddable":true,"href":"https:\/\/siulubangos.lt\/lv\/wp-json\/wp\/v2\/comments?post=33117"}],"version-history":[{"count":0,"href":"https:\/\/siulubangos.lt\/lv\/wp-json\/wp\/v2\/product\/33117\/revisions"}],"wp:featuredmedia":[{"embeddable":true,"href":"https:\/\/siulubangos.lt\/lv\/wp-json\/wp\/v2\/media\/33118"}],"wp:attachment":[{"href":"https:\/\/siulubangos.lt\/lv\/wp-json\/wp\/v2\/media?parent=33117"}],"wp:term":[{"taxonomy":"product_brand","embeddable":true,"href":"https:\/\/siulubangos.lt\/lv\/wp-json\/wp\/v2\/product_brand?post=33117"},{"taxonomy":"product_cat","embeddable":true,"href":"https:\/\/siulubangos.lt\/lv\/wp-json\/wp\/v2\/product_cat?post=33117"},{"taxonomy":"product_tag","embeddable":true,"href":"https:\/\/siulubangos.lt\/lv\/wp-json\/wp\/v2\/product_tag?post=33117"}],"curies":[{"name":"wp","href":"https:\/\/api.w.org\/{rel}","templated":true}]}}