{"id":33176,"date":"2025-11-04T16:59:16","date_gmt":"2025-11-04T16:59:16","guid":{"rendered":"https:\/\/siulubangos.lt\/?post_type=product&#038;p=33176"},"modified":"2026-04-16T21:03:51","modified_gmt":"2026-04-16T18:03:51","slug":"knitpro-jadore-varpsta-ar-varpstu-80-cm-3-8-mm","status":"publish","type":"product","link":"https:\/\/siulubangos.lt\/lv\/parduotuve\/knitpro-jadore-virbalai-su-valu-80-cm-3-8-mm\/","title":{"rendered":"KnitPro J'Adore virve ar k\u0101tu (80 cm, 3-8 mm)"},"content":{"rendered":"<h2>KnitPro J'Adore virve ar k\u0101tu (80 cm, 3-8 mm)<\/h2>\n<p data-start=\"208\" data-end=\"479\">KnitPro <strong data-start=\"216\" data-end=\"227\">J'Adore<\/strong> S\u0113rija \"Whalebone\" ir paredz\u0113ta ad\u012bt\u0101j\u0101m, kuras nov\u0113rt\u0113 komfortu, eleganci un augstu kvalit\u0101ti. \u0160\u012bs spol\u012btes ir izgatavotas no augstas kvalit\u0101tes, viegla met\u0101la, un t\u0101m ir maigs sl\u012bd\u0113jums, padarot ad\u012b\u0161anu gludu un vieglu rok\u0101m, pat str\u0101d\u0101jot pie gariem projektiem.<\/p>\n<p data-start=\"481\" data-end=\"786\">Pies\u0101tin\u0101t\u0101 tum\u0161i violet\u0101 kr\u0101sa pie\u0161\u0137ir spol\u012btei izteiksm\u012bgu un greznu dizainu, savuk\u0101rt prec\u012bzi veidotie uzga\u013ci \u013cauj viegli ad\u012bt gan ar pl\u0101niem, gan biez\u0101kiem diegiem. Elast\u012bgais un iztur\u012bgais 80 cm garais kabelis ir ide\u0101li piem\u0113rots ap\u013cu, d\u017eemperu, \u0161alles, segu vai citu liel\u0101ku izstr\u0101d\u0101jumu ad\u012b\u0161anai.<\/p>\n<p>&nbsp;<\/p>","protected":false},"excerpt":{"rendered":"<p>Atkl\u0101jiet KnitPro J'Adore Cubics, ekskluz\u012bv\u0101s tamboradatas ar unik\u0101lu taisnst\u016bra formu, kas sniedz jums \u012bpa\u0161u komfortu un precizit\u0101ti katr\u0101 ad\u012b\u0161anas posm\u0101.<br \/>\nIzgatavoti no augstas kvalit\u0101tes pul\u0113ta koka, \u0161ie kabe\u013ci ir m\u012bksti piesk\u0101rienam, silti un viegli, t\u0101p\u0113c tie ir ide\u0101li piem\u0113roti gan pieredz\u0113ju\u0161\u0101m ad\u012bt\u0101j\u0101m, gan ies\u0101c\u0113j\u0101m.<\/p>","protected":false},"featured_media":33177,"comment_status":"open","ping_status":"closed","template":"","meta":{"_acf_changed":false},"product_brand":[557],"product_cat":[61,518,455,468,526,500,501],"product_tag":[306],"class_list":{"0":"post-33176","1":"product","2":"type-product","3":"status-publish","4":"has-post-thumbnail","6":"product_brand-knitpro","7":"product_cat-virbalai-vaseliai","8":"product_cat-80-cm","9":"product_cat-gamintojas-virbalai-vaseliai","10":"product_cat-knitpro-virbalai-vaseliai","11":"product_cat-mediniai","12":"product_cat-pluostas","13":"product_cat-virbalai-su-valu","14":"product_tag-knitpro","15":"pa_dydis-3-mm","16":"pa_dydis-3-25-mm","17":"pa_dydis-3-50-mm","18":"pa_dydis-3-75-mm","19":"pa_dydis-4-mm","20":"pa_dydis-4-50-mm","21":"pa_dydis-5-mm","22":"pa_dydis-5-50-mm","23":"pa_dydis-6-mm","24":"pa_dydis-6-50-mm","25":"pa_dydis-7-mm","26":"pa_dydis-8-mm","27":"pa_ilgis-80-cm","29":"first","30":"instock","31":"taxable","32":"shipping-taxable","33":"purchasable","34":"product-type-variable"},"acf":[],"_links":{"self":[{"href":"https:\/\/siulubangos.lt\/lv\/wp-json\/wp\/v2\/product\/33176","targetHints":{"allow":["GET"]}}],"collection":[{"href":"https:\/\/siulubangos.lt\/lv\/wp-json\/wp\/v2\/product"}],"about":[{"href":"https:\/\/siulubangos.lt\/lv\/wp-json\/wp\/v2\/types\/product"}],"replies":[{"embeddable":true,"href":"https:\/\/siulubangos.lt\/lv\/wp-json\/wp\/v2\/comments?post=33176"}],"version-history":[{"count":0,"href":"https:\/\/siulubangos.lt\/lv\/wp-json\/wp\/v2\/product\/33176\/revisions"}],"wp:featuredmedia":[{"embeddable":true,"href":"https:\/\/siulubangos.lt\/lv\/wp-json\/wp\/v2\/media\/33177"}],"wp:attachment":[{"href":"https:\/\/siulubangos.lt\/lv\/wp-json\/wp\/v2\/media?parent=33176"}],"wp:term":[{"taxonomy":"product_brand","embeddable":true,"href":"https:\/\/siulubangos.lt\/lv\/wp-json\/wp\/v2\/product_brand?post=33176"},{"taxonomy":"product_cat","embeddable":true,"href":"https:\/\/siulubangos.lt\/lv\/wp-json\/wp\/v2\/product_cat?post=33176"},{"taxonomy":"product_tag","embeddable":true,"href":"https:\/\/siulubangos.lt\/lv\/wp-json\/wp\/v2\/product_tag?post=33176"}],"curies":[{"name":"wp","href":"https:\/\/api.w.org\/{rel}","templated":true}]}}