{"id":33195,"date":"2025-11-04T17:22:32","date_gmt":"2025-11-04T17:22:32","guid":{"rendered":"https:\/\/siulubangos.lt\/?post_type=product&#038;p=33195"},"modified":"2026-03-08T17:51:27","modified_gmt":"2026-03-08T15:51:27","slug":"knitpro-basix-virve-ar-varpstu-80-cm","status":"publish","type":"product","link":"https:\/\/siulubangos.lt\/lv\/parduotuve\/knitpro-basix-virbalai-su-valu-80-cm\/","title":{"rendered":"KnitPro Basix Buka virve ar k\u0101tu (80 cm, 2-15 mm)"},"content":{"rendered":"<h2>KnitPro Basix Buka virve ar k\u0101tu (80 cm, 2-15 mm)<\/h2>\n<p>Kvalitat\u012bvas koka skr\u016bv\u0113jam\u0101s spol\u012btes \u0113rtai ad\u012b\u0161anai ar da\u017e\u0101da biezuma diegiem. 80 cm gar\u0101 aukla ir ide\u0101li piem\u0113rota d\u017eemperiem, \u0161all\u0113m vai cit\u0101m gar\u0101k\u0101m sloksn\u0113m. Dab\u012bg\u0101 koka virsma nodro\u0161ina pat\u012bkamu sl\u012bd\u0113\u0161anu pa dziju, un skr\u016bv\u0113jam\u0101 konstrukcija \u013cauj viegli main\u012bt izm\u0113rus. Auklas ir iztur\u012bgas, vieglas un ergonomiskas, padarot ad\u012b\u0161anu \u0113rtu ar\u012b gar\u0101ku ad\u012b\u0161anas sesiju laik\u0101. Ide\u0101li piem\u0113rots gan ies\u0101c\u0113j\u0101m, gan pieredz\u0113ju\u0161\u0101m ad\u012bt\u0101j\u0101m, kuras v\u0113las gl\u012btus un prec\u012bzus ad\u012bjumus.<\/p>","protected":false},"excerpt":{"rendered":"<p>Uzticamas, iztur\u012bgas KnitPro Basix ad\u0101madatas ar di\u017esk\u0101bar\u017ea k\u0101tu - izgatavotas no kvalitat\u012bva koka. To daudzpus\u012bgais 80 cm garums un elast\u012bgais k\u0101ts ir ide\u0101li piem\u0113rots da\u017e\u0101diem ad\u012b\u0161anas projektiem.<\/p>","protected":false},"featured_media":33196,"comment_status":"open","ping_status":"closed","template":"","meta":{"_acf_changed":false},"product_brand":[557],"product_cat":[61,518,455,468,499,501],"product_tag":[306],"class_list":{"0":"post-33195","1":"product","2":"type-product","3":"status-publish","4":"has-post-thumbnail","6":"product_brand-knitpro","7":"product_cat-virbalai-vaseliai","8":"product_cat-80-cm","9":"product_cat-gamintojas-virbalai-vaseliai","10":"product_cat-knitpro-virbalai-vaseliai","11":"product_cat-rusis","12":"product_cat-virbalai-su-valu","13":"product_tag-knitpro","14":"pa_dydis-10-mm","15":"pa_dydis-12-mm","16":"pa_dydis-15-mm","17":"pa_dydis-2-mm","18":"pa_dydis-2-50-mm","19":"pa_dydis-2-75-mm","20":"pa_dydis-3-mm","21":"pa_dydis-3-25-mm","22":"pa_dydis-3-50-mm","23":"pa_dydis-3-75-mm","24":"pa_dydis-4-mm","25":"pa_dydis-4-50-mm","26":"pa_dydis-5-mm","27":"pa_dydis-5-50-mm","28":"pa_dydis-6-mm","29":"pa_dydis-6-50-mm","30":"pa_dydis-7-mm","31":"pa_dydis-8-mm","32":"pa_dydis-9-mm","33":"pa_ilgis-80-cm","35":"first","36":"instock","37":"taxable","38":"shipping-taxable","39":"purchasable","40":"product-type-variable"},"acf":[],"_links":{"self":[{"href":"https:\/\/siulubangos.lt\/lv\/wp-json\/wp\/v2\/product\/33195","targetHints":{"allow":["GET"]}}],"collection":[{"href":"https:\/\/siulubangos.lt\/lv\/wp-json\/wp\/v2\/product"}],"about":[{"href":"https:\/\/siulubangos.lt\/lv\/wp-json\/wp\/v2\/types\/product"}],"replies":[{"embeddable":true,"href":"https:\/\/siulubangos.lt\/lv\/wp-json\/wp\/v2\/comments?post=33195"}],"version-history":[{"count":0,"href":"https:\/\/siulubangos.lt\/lv\/wp-json\/wp\/v2\/product\/33195\/revisions"}],"wp:featuredmedia":[{"embeddable":true,"href":"https:\/\/siulubangos.lt\/lv\/wp-json\/wp\/v2\/media\/33196"}],"wp:attachment":[{"href":"https:\/\/siulubangos.lt\/lv\/wp-json\/wp\/v2\/media?parent=33195"}],"wp:term":[{"taxonomy":"product_brand","embeddable":true,"href":"https:\/\/siulubangos.lt\/lv\/wp-json\/wp\/v2\/product_brand?post=33195"},{"taxonomy":"product_cat","embeddable":true,"href":"https:\/\/siulubangos.lt\/lv\/wp-json\/wp\/v2\/product_cat?post=33195"},{"taxonomy":"product_tag","embeddable":true,"href":"https:\/\/siulubangos.lt\/lv\/wp-json\/wp\/v2\/product_tag?post=33195"}],"curies":[{"name":"wp","href":"https:\/\/api.w.org\/{rel}","templated":true}]}}