{"id":33222,"date":"2025-11-04T17:34:18","date_gmt":"2025-11-04T17:34:18","guid":{"rendered":"https:\/\/siulubangos.lt\/?post_type=product&#038;p=33222"},"modified":"2026-03-31T10:34:13","modified_gmt":"2026-03-31T07:34:13","slug":"knitpro-nova-skruvejamas-10-cm-auklas-3-6-mm","status":"publish","type":"product","link":"https:\/\/siulubangos.lt\/lv\/parduotuve\/knitpro-nova-prisukami-10-cm-virbalai-3-6-mm\/","title":{"rendered":"KnitPro Nova 10 cm skr\u016bv\u0113jam\u0101s spol\u012btes (3-6 mm)"},"content":{"rendered":"<h2>KnitPro Nova 10 cm skr\u016bv\u0113jam\u0101s spol\u012btes (3-6 mm)<\/h2>\n<p>Kompaktas, augstas kvalit\u0101tes met\u0101la auklas \u0113rtai ze\u0137u, piedurk\u0146u vai citu mazu sloksn\u012b\u0161u ad\u012b\u0161anai. Uzskr\u016bv\u0113jam\u0101 konstrukcija \u013cauj tos viegli kombin\u0113t ar kabe\u013ciem, lai j\u016bs var\u0113tu veidot da\u017e\u0101da garuma projektus. Aukl\u0101m ir prec\u012bzs izm\u0113rs, gluda virsmas apdare un iztur\u012bba, kas nodro\u0161ina gl\u012btu ad\u012bjumu un pat\u012bkamu un prec\u012bzu ad\u012b\u0161anas pieredzi. Viegli kopjamas, iztur\u012bgas un viegli lietojamas gan ies\u0101c\u0113j\u0101m, gan pieredz\u0113ju\u0161\u0101m ad\u012bt\u0101j\u0101m.<\/p>","protected":false},"excerpt":{"rendered":"<p>KnitPro Nova uzskr\u016bv\u0113jam\u0101 spol\u012bte apvieno klasisku eleganci un modernu tehnolo\u0123iju. \u0160\u012bm augstas kvalit\u0101tes met\u0101la spol\u0113m ir \u012bpa\u0161i gluda, pul\u0113ta virsma, kas \u013cauj pavedienam viegli un vienm\u0113r\u012bgi sl\u012bd\u0113t.<\/p>","protected":false},"featured_media":33223,"comment_status":"open","ping_status":"closed","template":"","meta":{"_acf_changed":false},"product_brand":[557],"product_cat":[61,513,455,468,527,500,502,499],"product_tag":[306],"class_list":{"0":"post-33222","1":"product","2":"type-product","3":"status-publish","4":"has-post-thumbnail","6":"product_brand-knitpro","7":"product_cat-virbalai-vaseliai","8":"product_cat-10-cm-prisukami-virbalai","9":"product_cat-gamintojas-virbalai-vaseliai","10":"product_cat-knitpro-virbalai-vaseliai","11":"product_cat-metaliniai","12":"product_cat-pluostas","13":"product_cat-prisukami-virbalai","14":"product_cat-rusis","15":"product_tag-knitpro","16":"pa_dydis-3-mm","17":"pa_dydis-3-25-mm","18":"pa_dydis-3-50-mm","19":"pa_dydis-3-75-mm","20":"pa_dydis-4-mm","21":"pa_dydis-4-50-mm","22":"pa_dydis-5-mm","23":"pa_dydis-5-50-mm","24":"pa_dydis-6-mm","25":"pa_ilgis-10-cm","27":"first","28":"instock","29":"taxable","30":"shipping-taxable","31":"purchasable","32":"product-type-variable"},"acf":[],"_links":{"self":[{"href":"https:\/\/siulubangos.lt\/lv\/wp-json\/wp\/v2\/product\/33222","targetHints":{"allow":["GET"]}}],"collection":[{"href":"https:\/\/siulubangos.lt\/lv\/wp-json\/wp\/v2\/product"}],"about":[{"href":"https:\/\/siulubangos.lt\/lv\/wp-json\/wp\/v2\/types\/product"}],"replies":[{"embeddable":true,"href":"https:\/\/siulubangos.lt\/lv\/wp-json\/wp\/v2\/comments?post=33222"}],"version-history":[{"count":0,"href":"https:\/\/siulubangos.lt\/lv\/wp-json\/wp\/v2\/product\/33222\/revisions"}],"wp:featuredmedia":[{"embeddable":true,"href":"https:\/\/siulubangos.lt\/lv\/wp-json\/wp\/v2\/media\/33223"}],"wp:attachment":[{"href":"https:\/\/siulubangos.lt\/lv\/wp-json\/wp\/v2\/media?parent=33222"}],"wp:term":[{"taxonomy":"product_brand","embeddable":true,"href":"https:\/\/siulubangos.lt\/lv\/wp-json\/wp\/v2\/product_brand?post=33222"},{"taxonomy":"product_cat","embeddable":true,"href":"https:\/\/siulubangos.lt\/lv\/wp-json\/wp\/v2\/product_cat?post=33222"},{"taxonomy":"product_tag","embeddable":true,"href":"https:\/\/siulubangos.lt\/lv\/wp-json\/wp\/v2\/product_tag?post=33222"}],"curies":[{"name":"wp","href":"https:\/\/api.w.org\/{rel}","templated":true}]}}