{"id":33239,"date":"2025-11-04T18:03:28","date_gmt":"2025-11-04T18:03:28","guid":{"rendered":"https:\/\/siulubangos.lt\/?post_type=product&#038;p=33239"},"modified":"2026-04-16T15:04:35","modified_gmt":"2026-04-16T12:04:35","slug":"knitpro-aliumines-adatos-3-dydziu","status":"publish","type":"product","link":"https:\/\/siulubangos.lt\/lv\/parduotuve\/knitpro-aliumines-adatos-3-dydziu\/","title":{"rendered":"KnitPro alum\u012bnija adatas (3 izm\u0113ri)"},"content":{"rendered":"<h2>KnitPro alum\u012bnija adatas (3 izm\u0113ri)<\/h2>\n<p data-start=\"193\" data-end=\"492\">KnitPro aliumin\u0117s adatos &#8211; tai prakti\u0161kas ir patikimas \u012frankis mezg\u0117joms bei siuv\u0117joms, skirtas si\u016bl\u0173 galams tvarkingai prisi\u016bti arba smulkioms detal\u0117ms baigti. Pagamintos i\u0161 auk\u0161tos kokyb\u0117s aliuminio, adatos yra lengvos, atsparios korozijai ir patvarios, tod\u0117l patogiai naudojamos ilg\u0105 laik\u0105.<\/p>\n<p data-start=\"494\" data-end=\"719\">Rinkinyje yra <strong data-start=\"508\" data-end=\"537\">3 skirting\u0173 dyd\u017ei\u0173 adatos<\/strong>, leid\u017eian\u010dios pasirinkti tinkamiausi\u0105 pagal si\u016bl\u0173 stor\u012f ir projekt\u0105. Aliuminio pavir\u0161ius u\u017etikrina skland\u0173 si\u016bl\u0173 slydim\u0105 per adat\u0105, tod\u0117l darbas tampa greitas, tikslus ir malonus.<\/p>","protected":false},"excerpt":{"rendered":"<p>Pakuot\u0117je 3 dyd\u017ei\u0173 aliumin\u0117s, lengvos adatos skirting\u0173 spalv\u0173 j\u016bs\u0173 skland\u017eiam mezgini\u0173 susiuvimui.<\/p>\n<p>&nbsp;<\/p>","protected":false},"featured_media":33241,"comment_status":"open","ping_status":"closed","template":"","meta":{"_acf_changed":false},"product_brand":[557],"product_cat":[310,549,535],"product_tag":[306],"class_list":{"0":"post-33239","1":"product","2":"type-product","3":"status-publish","4":"has-post-thumbnail","6":"product_brand-knitpro","7":"product_cat-mezgimo-priemones","8":"product_cat-adatos","9":"product_cat-knitpro","10":"product_tag-knitpro","11":"pa_ilgis-100-cm","12":"pa_ilgis-120-cm","13":"pa_ilgis-150-cm","14":"pa_ilgis-40-cm","15":"pa_ilgis-50-cm","16":"pa_ilgis-60-cm","17":"pa_ilgis-80-cm","19":"first","20":"instock","21":"taxable","22":"shipping-taxable","23":"purchasable","24":"product-type-simple"},"acf":[],"_links":{"self":[{"href":"https:\/\/siulubangos.lt\/lv\/wp-json\/wp\/v2\/product\/33239","targetHints":{"allow":["GET"]}}],"collection":[{"href":"https:\/\/siulubangos.lt\/lv\/wp-json\/wp\/v2\/product"}],"about":[{"href":"https:\/\/siulubangos.lt\/lv\/wp-json\/wp\/v2\/types\/product"}],"replies":[{"embeddable":true,"href":"https:\/\/siulubangos.lt\/lv\/wp-json\/wp\/v2\/comments?post=33239"}],"version-history":[{"count":0,"href":"https:\/\/siulubangos.lt\/lv\/wp-json\/wp\/v2\/product\/33239\/revisions"}],"wp:featuredmedia":[{"embeddable":true,"href":"https:\/\/siulubangos.lt\/lv\/wp-json\/wp\/v2\/media\/33241"}],"wp:attachment":[{"href":"https:\/\/siulubangos.lt\/lv\/wp-json\/wp\/v2\/media?parent=33239"}],"wp:term":[{"taxonomy":"product_brand","embeddable":true,"href":"https:\/\/siulubangos.lt\/lv\/wp-json\/wp\/v2\/product_brand?post=33239"},{"taxonomy":"product_cat","embeddable":true,"href":"https:\/\/siulubangos.lt\/lv\/wp-json\/wp\/v2\/product_cat?post=33239"},{"taxonomy":"product_tag","embeddable":true,"href":"https:\/\/siulubangos.lt\/lv\/wp-json\/wp\/v2\/product_tag?post=33239"}],"curies":[{"name":"wp","href":"https:\/\/api.w.org\/{rel}","templated":true}]}}