{"id":33246,"date":"2025-11-04T18:15:17","date_gmt":"2025-11-04T18:15:17","guid":{"rendered":"https:\/\/siulubangos.lt\/?post_type=product&#038;p=33246"},"modified":"2026-01-12T16:21:06","modified_gmt":"2026-01-12T14:21:06","slug":"knitpro-val-savienotaji","status":"publish","type":"product","link":"https:\/\/siulubangos.lt\/lv\/parduotuve\/knitpro-valu-jungtys\/","title":{"rendered":"KnitPro velsie\u0161u savienot\u0101ji"},"content":{"rendered":"<h2>KnitPro velsie\u0161u savienot\u0101ji<\/h2>\n<p data-start=\"153\" data-end=\"453\">KnitPro vilnas savienot\u0101ji ir neaizst\u0101jams piederums ieskr\u016bv\u0113jamiem kabe\u013ciem, kas \u013cauj viegli savienot da\u017e\u0101da garuma vilnas gabalus un piel\u0101got tos jebkuram ad\u012b\u0161anas projektam. Ar vilnas savienot\u0101jiem varat \u0101tri un dro\u0161i main\u012bt vilnas garumu, nezaud\u0113jot stabilit\u0101ti un komfortu ad\u012b\u0161anas laik\u0101.<\/p>\n<p data-start=\"455\" data-end=\"714\">\u0160ie savienot\u0101ji ir izgatavoti no iztur\u012bga un iztur\u012bga materi\u0101la, un tie nodro\u0161ina, ka j\u016bsu siksnas paliek dro\u0161as un pavediens vienm\u0113r\u012bgi sl\u012bd caur savienot\u0101ju. Tie ir piem\u0113roti visda\u017e\u0101d\u0101kaj\u0101m uzskr\u016bv\u0113jam\u0101m aukl\u0101m, t\u0101p\u0113c tie ir neat\u0146emama katra ad\u012bt\u0101ja piederumu komplekta sast\u0101vda\u013ca.<\/p>","protected":false},"excerpt":{"rendered":"<p>Komplekt\u0101 ietilpst 3 cilindru savienot\u0101ji un atsl\u0113ga.<\/p>\n<p>&nbsp;<\/p>","protected":false},"featured_media":33247,"comment_status":"open","ping_status":"closed","template":"","meta":{"_acf_changed":false},"product_brand":[557],"product_cat":[310,535],"product_tag":[306],"class_list":{"0":"post-33246","1":"product","2":"type-product","3":"status-publish","4":"has-post-thumbnail","6":"product_brand-knitpro","7":"product_cat-mezgimo-priemones","8":"product_cat-knitpro","9":"product_tag-knitpro","10":"pa_ilgis-100-cm","11":"pa_ilgis-120-cm","12":"pa_ilgis-150-cm","13":"pa_ilgis-40-cm","14":"pa_ilgis-50-cm","15":"pa_ilgis-60-cm","16":"pa_ilgis-80-cm","18":"first","19":"instock","20":"taxable","21":"shipping-taxable","22":"purchasable","23":"product-type-simple"},"acf":[],"_links":{"self":[{"href":"https:\/\/siulubangos.lt\/lv\/wp-json\/wp\/v2\/product\/33246","targetHints":{"allow":["GET"]}}],"collection":[{"href":"https:\/\/siulubangos.lt\/lv\/wp-json\/wp\/v2\/product"}],"about":[{"href":"https:\/\/siulubangos.lt\/lv\/wp-json\/wp\/v2\/types\/product"}],"replies":[{"embeddable":true,"href":"https:\/\/siulubangos.lt\/lv\/wp-json\/wp\/v2\/comments?post=33246"}],"version-history":[{"count":0,"href":"https:\/\/siulubangos.lt\/lv\/wp-json\/wp\/v2\/product\/33246\/revisions"}],"wp:featuredmedia":[{"embeddable":true,"href":"https:\/\/siulubangos.lt\/lv\/wp-json\/wp\/v2\/media\/33247"}],"wp:attachment":[{"href":"https:\/\/siulubangos.lt\/lv\/wp-json\/wp\/v2\/media?parent=33246"}],"wp:term":[{"taxonomy":"product_brand","embeddable":true,"href":"https:\/\/siulubangos.lt\/lv\/wp-json\/wp\/v2\/product_brand?post=33246"},{"taxonomy":"product_cat","embeddable":true,"href":"https:\/\/siulubangos.lt\/lv\/wp-json\/wp\/v2\/product_cat?post=33246"},{"taxonomy":"product_tag","embeddable":true,"href":"https:\/\/siulubangos.lt\/lv\/wp-json\/wp\/v2\/product_tag?post=33246"}],"curies":[{"name":"wp","href":"https:\/\/api.w.org\/{rel}","templated":true}]}}