{"id":33252,"date":"2025-11-04T18:32:16","date_gmt":"2025-11-04T18:32:16","guid":{"rendered":"https:\/\/siulubangos.lt\/?post_type=product&#038;p=33252"},"modified":"2026-01-12T16:16:56","modified_gmt":"2026-01-12T14:16:56","slug":"knitpro-aqua-kojiniu-blokatoriai-38-41","status":"publish","type":"product","link":"https:\/\/siulubangos.lt\/lv\/parduotuve\/knitpro-aqua-kojiniu-blokatoriai-38-41\/","title":{"rendered":"KnitPro Aqua ze\u0137u blo\u0137\u0113t\u0101ji (38-41+)"},"content":{"rendered":"<h2>KnitPro Aqua ze\u0137u blo\u0137\u0113t\u0101ji (38-41+)<\/h2>\n<p data-start=\"195\" data-end=\"446\">KnitPro Aqua kojini\u0173 blokatoriai &#8211; tai prakti\u0161kas \u012frankis mezg\u0117joms, norin\u010dioms tiksliai formuoti ir u\u017efiksuoti rank\u0173 darbo kojines. Blokatori\u0173 naudojimas padeda i\u0161laikyti kojini\u0173 dyd\u012f, form\u0105 ir lyg\u0173 mezginio pavir\u0161i\u0173 po skalbimo bei d\u017eiovinimo.<\/p>\n<p data-start=\"448\" data-end=\"784\">Pagaminti i\u0161 tvirto, lengvo ir patvaraus plastiko, \u0161ie blokatoriai yra atspar\u016bs dr\u0117gmei, tod\u0117l idealiai tinka kojini\u0173 formavimui po skalbimo. Komforti\u0161ka forma ir lengvas naudojimas leid\u017eia patogiai pritvirtinti kojines, o ergonomi\u0161kas dizainas padeda i\u0161laikyti nat\u016brali\u0105 p\u0117dos form\u0105. \u0160ie blokatoriai tinka kojin\u0117ms <strong data-start=\"764\" data-end=\"781\">38-41+ dyd\u017eio<\/strong>.<\/p>","protected":false},"excerpt":{"rendered":"<p>Specialiai sukurti \u012frankiai kojini\u0173 formavimui (blokavimui) &#8211; skirti dr\u0117gnoms kojin\u0117ms i\u0161d\u017ei\u016bti ir \u012fgauti tobul\u0105 form\u0105.<br \/>\nPagaminti i\u0161 patvaraus, permatomo akrilo, tod\u0117l ne tik funkcional\u016bs, bet ir puikiai atrodo kaip dekoratyvinis akcentas.<br \/>\nIdealiai tinka rank\u0173 darbo kojin\u0117ms. Komplekte 2 vnt.<\/p>","protected":false},"featured_media":33253,"comment_status":"open","ping_status":"closed","template":"","meta":{"_acf_changed":false},"product_brand":[557],"product_cat":[310,542,535],"product_tag":[306],"class_list":{"0":"post-33252","1":"product","2":"type-product","3":"status-publish","4":"has-post-thumbnail","6":"product_brand-knitpro","7":"product_cat-mezgimo-priemones","8":"product_cat-blokavimo-priemones","9":"product_cat-knitpro","10":"product_tag-knitpro","11":"pa_dydis-38-40","12":"pa_dydis-1218","14":"first","15":"instock","16":"taxable","17":"shipping-taxable","18":"purchasable","19":"product-type-variable"},"acf":[],"_links":{"self":[{"href":"https:\/\/siulubangos.lt\/lv\/wp-json\/wp\/v2\/product\/33252","targetHints":{"allow":["GET"]}}],"collection":[{"href":"https:\/\/siulubangos.lt\/lv\/wp-json\/wp\/v2\/product"}],"about":[{"href":"https:\/\/siulubangos.lt\/lv\/wp-json\/wp\/v2\/types\/product"}],"replies":[{"embeddable":true,"href":"https:\/\/siulubangos.lt\/lv\/wp-json\/wp\/v2\/comments?post=33252"}],"version-history":[{"count":0,"href":"https:\/\/siulubangos.lt\/lv\/wp-json\/wp\/v2\/product\/33252\/revisions"}],"wp:featuredmedia":[{"embeddable":true,"href":"https:\/\/siulubangos.lt\/lv\/wp-json\/wp\/v2\/media\/33253"}],"wp:attachment":[{"href":"https:\/\/siulubangos.lt\/lv\/wp-json\/wp\/v2\/media?parent=33252"}],"wp:term":[{"taxonomy":"product_brand","embeddable":true,"href":"https:\/\/siulubangos.lt\/lv\/wp-json\/wp\/v2\/product_brand?post=33252"},{"taxonomy":"product_cat","embeddable":true,"href":"https:\/\/siulubangos.lt\/lv\/wp-json\/wp\/v2\/product_cat?post=33252"},{"taxonomy":"product_tag","embeddable":true,"href":"https:\/\/siulubangos.lt\/lv\/wp-json\/wp\/v2\/product_tag?post=33252"}],"curies":[{"name":"wp","href":"https:\/\/api.w.org\/{rel}","templated":true}]}}