{"id":33264,"date":"2025-11-04T20:06:19","date_gmt":"2025-11-04T20:06:19","guid":{"rendered":"https:\/\/siulubangos.lt\/?post_type=product&#038;p=33264"},"modified":"2026-03-08T18:28:08","modified_gmt":"2026-03-08T16:28:08","slug":"knitpro-nova-metala-gara-taisna-virve-2-7-mm","status":"publish","type":"product","link":"https:\/\/siulubangos.lt\/lv\/parduotuve\/knitpro-nova-metaliniai-ilgi-tiesus-virbalai-2-7-mm\/","title":{"rendered":"KnitPro Nova met\u0101la gar\u0101 taisn\u0101 spol\u012bte (35 cm, 2-7 mm)"},"content":{"rendered":"<h2>KnitPro Nova met\u0101la gar\u0101s taisn\u0101s spol\u012btes (2-7 mm)<\/h2>\n<p>Augstas kvalit\u0101tes met\u0101la spol\u012btes \u0113rtai ad\u012b\u0161anai gan ies\u0101c\u0113j\u0101m, gan pieredz\u0113ju\u0161\u0101m ad\u012bt\u0101j\u0101m. Izgatavotas no iztur\u012bga met\u0101la, t\u0101s perfekti sl\u012bd caur dziju, \u013caujot prec\u012bzi veidot valdzi\u0146u izm\u0113rus un veidot gludus, gl\u012btus ad\u012bjumus. Spoles ir ar skaidru izm\u0113ru mar\u0137\u0113jumu un ergonomisku garumu, t\u0101p\u0113c t\u0101s ir piem\u0113rotas d\u017eemperu, \u0161alles, cepuru vai citu ap\u0123\u0113rbu un aksesu\u0101ru ad\u012b\u0161anai. Iztur\u012bgas, viegli kopjamas un ilgm\u016b\u017e\u012bgas - lieliska izv\u0113le j\u016bsu ad\u0101madatu kolekcijai.<\/p>","protected":false},"excerpt":{"rendered":"<p>KnitPro Nova gar\u0101s spol\u012btes ir vieglas, iztur\u012bgas un \u013coti gludas. Pul\u0113t\u0101 met\u0101la virsma nodro\u0161ina diegu gludu sl\u012bd\u0113\u0161anu, un konusveida gali nodro\u0161ina katra d\u016briena precizit\u0101ti. Ide\u0101la izv\u0113le gan ies\u0101c\u0113j\u0101m, gan pieredz\u0113ju\u0161\u0101m ad\u012bt\u0101j\u0101m.<\/p>","protected":false},"featured_media":33265,"comment_status":"open","ping_status":"closed","template":"","meta":{"_acf_changed":false},"product_brand":[557],"product_cat":[61,455,504,468,527,499],"product_tag":[306],"class_list":{"0":"post-33264","1":"product","2":"type-product","3":"status-publish","4":"has-post-thumbnail","6":"product_brand-knitpro","7":"product_cat-virbalai-vaseliai","8":"product_cat-gamintojas-virbalai-vaseliai","9":"product_cat-ilgi-tiesus-virbalai","10":"product_cat-knitpro-virbalai-vaseliai","11":"product_cat-metaliniai","12":"product_cat-rusis","13":"product_tag-knitpro","14":"pa_dydis-2-mm","15":"pa_dydis-2-25-mm","16":"pa_dydis-2-50-mm","17":"pa_dydis-2-75-mm","18":"pa_dydis-3-mm","19":"pa_dydis-3-25-mm","20":"pa_dydis-3-50-mm","21":"pa_dydis-3-75-mm","22":"pa_dydis-4-mm","23":"pa_dydis-4-50-mm","24":"pa_dydis-5-mm","25":"pa_dydis-5-50-mm","26":"pa_dydis-6-mm","27":"pa_dydis-6-50-mm","28":"pa_dydis-7-mm","30":"first","31":"instock","32":"taxable","33":"shipping-taxable","34":"purchasable","35":"product-type-variable"},"acf":[],"_links":{"self":[{"href":"https:\/\/siulubangos.lt\/lv\/wp-json\/wp\/v2\/product\/33264","targetHints":{"allow":["GET"]}}],"collection":[{"href":"https:\/\/siulubangos.lt\/lv\/wp-json\/wp\/v2\/product"}],"about":[{"href":"https:\/\/siulubangos.lt\/lv\/wp-json\/wp\/v2\/types\/product"}],"replies":[{"embeddable":true,"href":"https:\/\/siulubangos.lt\/lv\/wp-json\/wp\/v2\/comments?post=33264"}],"version-history":[{"count":0,"href":"https:\/\/siulubangos.lt\/lv\/wp-json\/wp\/v2\/product\/33264\/revisions"}],"wp:featuredmedia":[{"embeddable":true,"href":"https:\/\/siulubangos.lt\/lv\/wp-json\/wp\/v2\/media\/33265"}],"wp:attachment":[{"href":"https:\/\/siulubangos.lt\/lv\/wp-json\/wp\/v2\/media?parent=33264"}],"wp:term":[{"taxonomy":"product_brand","embeddable":true,"href":"https:\/\/siulubangos.lt\/lv\/wp-json\/wp\/v2\/product_brand?post=33264"},{"taxonomy":"product_cat","embeddable":true,"href":"https:\/\/siulubangos.lt\/lv\/wp-json\/wp\/v2\/product_cat?post=33264"},{"taxonomy":"product_tag","embeddable":true,"href":"https:\/\/siulubangos.lt\/lv\/wp-json\/wp\/v2\/product_tag?post=33264"}],"curies":[{"name":"wp","href":"https:\/\/api.w.org\/{rel}","templated":true}]}}