{"id":33289,"date":"2025-11-04T20:55:17","date_gmt":"2025-11-04T20:55:17","guid":{"rendered":"https:\/\/siulubangos.lt\/?post_type=product&#038;p=33289"},"modified":"2026-01-09T16:19:31","modified_gmt":"2026-01-09T14:19:31","slug":"knitpro-clay-virbalu-ir-mezgimo-priedu-deklas","status":"publish","type":"product","link":"https:\/\/siulubangos.lt\/lv\/parduotuve\/knitpro-clay-virbalu-ir-mezgimo-priedu-deklas\/","title":{"rendered":"KnitPro CLAY futr\u0101lis kabe\u013ciem un ad\u012b\u0161anas piederumiem"},"content":{"rendered":"<h2>KnitPro CLAY futr\u0101lis kabe\u013ciem un ad\u012b\u0161anas piederumiem<\/h2>\n<p>Viduje rasite 22 patogias ki\u0161enes, tinkan\u010dias prisukamiems ir kojini\u0173 virbalams, valams bei \u012fvairiems mezgimo priedams.<br \/>\nYra ir u\u017esegami skyriai su u\u017etrauktukais, kuriuose saugiai laikysite smulkesnes detales.<\/p>\n<p>Puikus dydis: 25 \u00d7 18 \u00d7 2 cm &#8211; kompakti\u0161kas, bet talpus.<\/p>\n<p><strong>\u00a0Svar\u012bgi:<\/strong> d\u0117klas parduodamas be virbal\u0173.<\/p>","protected":false},"excerpt":{"rendered":"<p>KnitPro Clay virbal\u0173 ir mezgimo pried\u0173 d\u0117klas &#8211; tvarka ir stilius vienoje vietoje Pagamintas i\u0161 tvaraus, kokybi\u0161ko audinio, \u0161is d\u0117klas &#8211; puikus pasirinkimas kiekvienai mezg\u0117jai, vertinan\u010diai patogum\u0105 ir estetik\u0105.<br \/>\nStandus vir\u0161us su u\u017etrauktuku apsaugo turin\u012f ir u\u017etikrina, kad d\u0117klas i\u0161laikyt\u0173 form\u0105.<\/p>","protected":false},"featured_media":33290,"comment_status":"open","ping_status":"closed","template":"","meta":{"_acf_changed":false},"product_brand":[557],"product_cat":[568,483,468,499,61],"product_tag":[306],"class_list":{"0":"post-33289","1":"product","2":"type-product","3":"status-publish","4":"has-post-thumbnail","6":"product_brand-knitpro","7":"product_cat-deklai-virbalams","8":"product_cat-dovanos","9":"product_cat-knitpro-virbalai-vaseliai","10":"product_cat-rusis","11":"product_cat-virbalai-vaseliai","12":"product_tag-knitpro","13":"pa_dydis-38-40","14":"pa_dydis-1218","16":"first","17":"outofstock","18":"taxable","19":"shipping-taxable","20":"purchasable","21":"product-type-simple"},"acf":[],"_links":{"self":[{"href":"https:\/\/siulubangos.lt\/lv\/wp-json\/wp\/v2\/product\/33289","targetHints":{"allow":["GET"]}}],"collection":[{"href":"https:\/\/siulubangos.lt\/lv\/wp-json\/wp\/v2\/product"}],"about":[{"href":"https:\/\/siulubangos.lt\/lv\/wp-json\/wp\/v2\/types\/product"}],"replies":[{"embeddable":true,"href":"https:\/\/siulubangos.lt\/lv\/wp-json\/wp\/v2\/comments?post=33289"}],"version-history":[{"count":0,"href":"https:\/\/siulubangos.lt\/lv\/wp-json\/wp\/v2\/product\/33289\/revisions"}],"wp:featuredmedia":[{"embeddable":true,"href":"https:\/\/siulubangos.lt\/lv\/wp-json\/wp\/v2\/media\/33290"}],"wp:attachment":[{"href":"https:\/\/siulubangos.lt\/lv\/wp-json\/wp\/v2\/media?parent=33289"}],"wp:term":[{"taxonomy":"product_brand","embeddable":true,"href":"https:\/\/siulubangos.lt\/lv\/wp-json\/wp\/v2\/product_brand?post=33289"},{"taxonomy":"product_cat","embeddable":true,"href":"https:\/\/siulubangos.lt\/lv\/wp-json\/wp\/v2\/product_cat?post=33289"},{"taxonomy":"product_tag","embeddable":true,"href":"https:\/\/siulubangos.lt\/lv\/wp-json\/wp\/v2\/product_tag?post=33289"}],"curies":[{"name":"wp","href":"https:\/\/api.w.org\/{rel}","templated":true}]}}