{"id":33303,"date":"2025-11-04T21:19:16","date_gmt":"2025-11-04T21:19:16","guid":{"rendered":"https:\/\/siulubangos.lt\/?post_type=product&#038;p=33303"},"modified":"2026-01-09T16:10:44","modified_gmt":"2026-01-09T14:10:44","slug":"knitpro-mala-virve-ar-valu-segu-2","status":"publish","type":"product","link":"https:\/\/siulubangos.lt\/lv\/parduotuve\/knitpro-clay-virbalu-su-valu-deklas-2\/","title":{"rendered":"KnitPro CLAY auklas futr\u0101lis"},"content":{"rendered":"<h2>KnitPro CLAY auklas futr\u0101lis<\/h2>\n<p>Izgatavots no augstas kvalit\u0101tes, iztur\u012bgiem materi\u0101liem, futr\u0101lis saglab\u0101 formu un dro\u0161i aizsarg\u0101 j\u016bsu ad\u0101madatas.<br \/>\nT\u0101 kompaktais izm\u0113rs \u013cauj to \u0113rti pa\u0146emt l\u012bdzi ce\u013c\u0101 vai glab\u0101t ad\u012b\u0161anas som\u0101.<\/p>\n<p>Izm\u0113ri (sl\u0113gt\u0101 veid\u0101): 18 \u00d7 22,5 \u00d7 2 cm<\/p>\n<p><strong>Svar\u012bgi<\/strong>: korpuss tiek p\u0101rdots bez vadiem.<\/p>","protected":false},"excerpt":{"rendered":"<p>KnitPro CLAY spol\u012b\u0161u futr\u0101lis - b\u0113\u0161s, ietilp\u012bgs un \u0113rts futr\u0101lis vis\u0101m j\u016bsu spol\u012bt\u0113m - l\u012bdz 25 p\u0101riem!<br \/>\nKatram p\u0101rim papl\u0101t\u0113 ir atsevi\u0161\u0137a vieta, t\u0101p\u0113c viss vienm\u0113r ir gl\u012bti sak\u0101rtots un viegli atrodams.<\/p>","protected":false},"featured_media":33304,"comment_status":"open","ping_status":"closed","template":"","meta":{"_acf_changed":false},"product_brand":[557],"product_cat":[568,483,468,499,61],"product_tag":[306],"class_list":{"0":"post-33303","1":"product","2":"type-product","3":"status-publish","4":"has-post-thumbnail","6":"product_brand-knitpro","7":"product_cat-deklai-virbalams","8":"product_cat-dovanos","9":"product_cat-knitpro-virbalai-vaseliai","10":"product_cat-rusis","11":"product_cat-virbalai-vaseliai","12":"product_tag-knitpro","13":"pa_dydis-38-40","14":"pa_dydis-1218","16":"first","17":"instock","18":"taxable","19":"shipping-taxable","20":"purchasable","21":"product-type-simple"},"acf":[],"_links":{"self":[{"href":"https:\/\/siulubangos.lt\/lv\/wp-json\/wp\/v2\/product\/33303","targetHints":{"allow":["GET"]}}],"collection":[{"href":"https:\/\/siulubangos.lt\/lv\/wp-json\/wp\/v2\/product"}],"about":[{"href":"https:\/\/siulubangos.lt\/lv\/wp-json\/wp\/v2\/types\/product"}],"replies":[{"embeddable":true,"href":"https:\/\/siulubangos.lt\/lv\/wp-json\/wp\/v2\/comments?post=33303"}],"version-history":[{"count":0,"href":"https:\/\/siulubangos.lt\/lv\/wp-json\/wp\/v2\/product\/33303\/revisions"}],"wp:featuredmedia":[{"embeddable":true,"href":"https:\/\/siulubangos.lt\/lv\/wp-json\/wp\/v2\/media\/33304"}],"wp:attachment":[{"href":"https:\/\/siulubangos.lt\/lv\/wp-json\/wp\/v2\/media?parent=33303"}],"wp:term":[{"taxonomy":"product_brand","embeddable":true,"href":"https:\/\/siulubangos.lt\/lv\/wp-json\/wp\/v2\/product_brand?post=33303"},{"taxonomy":"product_cat","embeddable":true,"href":"https:\/\/siulubangos.lt\/lv\/wp-json\/wp\/v2\/product_cat?post=33303"},{"taxonomy":"product_tag","embeddable":true,"href":"https:\/\/siulubangos.lt\/lv\/wp-json\/wp\/v2\/product_tag?post=33303"}],"curies":[{"name":"wp","href":"https:\/\/api.w.org\/{rel}","templated":true}]}}