{"id":33307,"date":"2025-11-04T21:39:23","date_gmt":"2025-11-04T21:39:23","guid":{"rendered":"https:\/\/siulubangos.lt\/?post_type=product&#038;p=33307"},"modified":"2026-01-09T15:43:03","modified_gmt":"2026-01-09T13:43:03","slug":"knitpro-clay-kojiniu-virbalu-deklas","status":"publish","type":"product","link":"https:\/\/siulubangos.lt\/lv\/parduotuve\/knitpro-clay-kojiniu-virbalu-deklas\/","title":{"rendered":"KnitPro CLAY ze\u0137u auklas futr\u0101lis"},"content":{"rendered":"<h2>KnitPro CLAY ze\u0137u auklas futr\u0101lis<\/h2>\n<p>Izgatavots no augstas kvalit\u0101tes, iztur\u012bgiem materi\u0101liem, futr\u0101lis saglab\u0101 formu un dro\u0161i aizsarg\u0101 j\u016bsu ad\u0101madatas.<br \/>\nT\u0101 kompaktais izm\u0113rs \u013cauj to \u0113rti pa\u0146emt l\u012bdzi ce\u013c\u0101 vai glab\u0101t ad\u012b\u0161anas som\u0101.<\/p>\n<p>I\u0161matavimai (u\u017edarytas): 17,5 \u00d7 22 \u00d7 1,5 cm<\/p>\n<p><strong>Svar\u012bgi<\/strong>: korpuss tiek p\u0101rdots bez vadiem.<\/p>","protected":false},"excerpt":{"rendered":"<p>KnitPro Clay kojini\u0173 virbal\u0173 d\u0117klas\u00a0 &#8211; tvarka, elegancija ir patogumas. \u0160is i\u0161skirtinio dizaino d\u0117klas sukurtas tam, kad visi j\u016bs\u0173 kojini\u0173 virbalai b\u016bt\u0173 vienoje vietoje &#8211; tvarkingai sud\u0117ti ir visada po ranka. Viduje rasite vietos net 16 komplekt\u0173 virbal\u0173, tod\u0117l lengvai palaikysite tvark\u0105 ir i\u0161vengsite pasimetusi\u0173 por\u0173.<\/p>\n<p>SVARBU: d\u0117klas parduodamas tu\u0161\u010dias.<\/p>","protected":false},"featured_media":33308,"comment_status":"open","ping_status":"closed","template":"","meta":{"_acf_changed":false},"product_brand":[557],"product_cat":[568,483,468,499,61],"product_tag":[306],"class_list":{"0":"post-33307","1":"product","2":"type-product","3":"status-publish","4":"has-post-thumbnail","6":"product_brand-knitpro","7":"product_cat-deklai-virbalams","8":"product_cat-dovanos","9":"product_cat-knitpro-virbalai-vaseliai","10":"product_cat-rusis","11":"product_cat-virbalai-vaseliai","12":"product_tag-knitpro","13":"pa_dydis-38-40","14":"pa_dydis-1218","16":"first","17":"instock","18":"taxable","19":"shipping-taxable","20":"purchasable","21":"product-type-simple"},"acf":[],"_links":{"self":[{"href":"https:\/\/siulubangos.lt\/lv\/wp-json\/wp\/v2\/product\/33307","targetHints":{"allow":["GET"]}}],"collection":[{"href":"https:\/\/siulubangos.lt\/lv\/wp-json\/wp\/v2\/product"}],"about":[{"href":"https:\/\/siulubangos.lt\/lv\/wp-json\/wp\/v2\/types\/product"}],"replies":[{"embeddable":true,"href":"https:\/\/siulubangos.lt\/lv\/wp-json\/wp\/v2\/comments?post=33307"}],"version-history":[{"count":0,"href":"https:\/\/siulubangos.lt\/lv\/wp-json\/wp\/v2\/product\/33307\/revisions"}],"wp:featuredmedia":[{"embeddable":true,"href":"https:\/\/siulubangos.lt\/lv\/wp-json\/wp\/v2\/media\/33308"}],"wp:attachment":[{"href":"https:\/\/siulubangos.lt\/lv\/wp-json\/wp\/v2\/media?parent=33307"}],"wp:term":[{"taxonomy":"product_brand","embeddable":true,"href":"https:\/\/siulubangos.lt\/lv\/wp-json\/wp\/v2\/product_brand?post=33307"},{"taxonomy":"product_cat","embeddable":true,"href":"https:\/\/siulubangos.lt\/lv\/wp-json\/wp\/v2\/product_cat?post=33307"},{"taxonomy":"product_tag","embeddable":true,"href":"https:\/\/siulubangos.lt\/lv\/wp-json\/wp\/v2\/product_tag?post=33307"}],"curies":[{"name":"wp","href":"https:\/\/api.w.org\/{rel}","templated":true}]}}