{"id":33318,"date":"2025-11-04T21:52:14","date_gmt":"2025-11-04T21:52:14","guid":{"rendered":"https:\/\/siulubangos.lt\/?post_type=product&#038;p=33318"},"modified":"2026-02-10T20:50:47","modified_gmt":"2026-02-10T18:50:47","slug":"knitpro-mala-pieskruvejama-virves-sega","status":"publish","type":"product","link":"https:\/\/siulubangos.lt\/lv\/parduotuve\/knitpro-clay-prisukamu-virbalu-deklas\/","title":{"rendered":"KnitPro CLAY Uzskr\u016bv\u0113jams spol\u012btes futr\u0101lis"},"content":{"rendered":"<h2>KnitPro CLAY Uzskr\u016bv\u0113jams spol\u012btes futr\u0101lis<\/h2>\n<p>Izgatavots no augstas kvalit\u0101tes, iztur\u012bgiem materi\u0101liem, futr\u0101lis saglab\u0101 formu un dro\u0161i aizsarg\u0101 j\u016bsu ad\u0101madatas.<br \/>\nT\u0101 kompaktais izm\u0113rs \u013cauj to \u0113rti pa\u0146emt l\u012bdzi ce\u013c\u0101 vai glab\u0101t ad\u012b\u0161anas som\u0101.<\/p>\n<p>Izm\u0113ri (aizv\u0113rt\u0101 veid\u0101): 17,5 \u00d7 22 \u00d7 1,5 cm<\/p>\n<p><strong>Svar\u012bgi<\/strong>: korpuss tiek p\u0101rdots bez vadiem.<\/p>","protected":false},"excerpt":{"rendered":"<p>KnitPro Clay Uzskr\u016bv\u0113jams auklu futr\u0101lis - k\u0101rt\u012bba, elegance un \u0113rt\u012bbas \u0160is unik\u0101li izstr\u0101d\u0101tais futr\u0101lis ir paredz\u0113ts, lai visas ze\u0137u auklas glab\u0101tu vienuviet - gl\u012bti saliktas un vienm\u0113r pa rokai. Taj\u0101 ir vieta l\u012bdz pat 30 ze\u0137u p\u0101riem, t\u0101p\u0113c ir viegli uztur\u0113t k\u0101rt\u012bb\u0101 ze\u0137es un izvair\u012bties no nepareizi novietotiem p\u0101riem.<\/p>\n<p>Svar\u012bgi: futr\u0101lis tiek p\u0101rdots tuk\u0161s.<\/p>","protected":false},"featured_media":33319,"comment_status":"open","ping_status":"closed","template":"","meta":{"_acf_changed":false},"product_brand":[557],"product_cat":[568,483,468,499,61],"product_tag":[306],"class_list":{"0":"post-33318","1":"product","2":"type-product","3":"status-publish","4":"has-post-thumbnail","6":"product_brand-knitpro","7":"product_cat-deklai-virbalams","8":"product_cat-dovanos","9":"product_cat-knitpro-virbalai-vaseliai","10":"product_cat-rusis","11":"product_cat-virbalai-vaseliai","12":"product_tag-knitpro","13":"pa_dydis-38-40","14":"pa_dydis-1218","16":"first","17":"outofstock","18":"taxable","19":"shipping-taxable","20":"purchasable","21":"product-type-simple"},"acf":[],"_links":{"self":[{"href":"https:\/\/siulubangos.lt\/lv\/wp-json\/wp\/v2\/product\/33318","targetHints":{"allow":["GET"]}}],"collection":[{"href":"https:\/\/siulubangos.lt\/lv\/wp-json\/wp\/v2\/product"}],"about":[{"href":"https:\/\/siulubangos.lt\/lv\/wp-json\/wp\/v2\/types\/product"}],"replies":[{"embeddable":true,"href":"https:\/\/siulubangos.lt\/lv\/wp-json\/wp\/v2\/comments?post=33318"}],"version-history":[{"count":0,"href":"https:\/\/siulubangos.lt\/lv\/wp-json\/wp\/v2\/product\/33318\/revisions"}],"wp:featuredmedia":[{"embeddable":true,"href":"https:\/\/siulubangos.lt\/lv\/wp-json\/wp\/v2\/media\/33319"}],"wp:attachment":[{"href":"https:\/\/siulubangos.lt\/lv\/wp-json\/wp\/v2\/media?parent=33318"}],"wp:term":[{"taxonomy":"product_brand","embeddable":true,"href":"https:\/\/siulubangos.lt\/lv\/wp-json\/wp\/v2\/product_brand?post=33318"},{"taxonomy":"product_cat","embeddable":true,"href":"https:\/\/siulubangos.lt\/lv\/wp-json\/wp\/v2\/product_cat?post=33318"},{"taxonomy":"product_tag","embeddable":true,"href":"https:\/\/siulubangos.lt\/lv\/wp-json\/wp\/v2\/product_tag?post=33318"}],"curies":[{"name":"wp","href":"https:\/\/api.w.org\/{rel}","templated":true}]}}