{"id":33323,"date":"2025-11-04T22:02:54","date_gmt":"2025-11-04T22:02:54","guid":{"rendered":"https:\/\/siulubangos.lt\/?post_type=product&#038;p=33323"},"modified":"2026-02-02T15:45:36","modified_gmt":"2026-02-02T13:45:36","slug":"knitpro-coal-valu-ir-mezgimo-priemoniu-deklas","status":"publish","type":"product","link":"https:\/\/siulubangos.lt\/lv\/parduotuve\/knitpro-coal-valu-ir-mezgimo-priemoniu-deklas\/","title":{"rendered":"KnitPro COAL futr\u0101lis dzijai un ad\u012b\u0161anas r\u012bkiem"},"content":{"rendered":"<h2>KnitPro COAL futr\u0101lis dzijai un ad\u012b\u0161anas r\u012bkiem<\/h2>\n<p>Pagamintas i\u0161 auk\u0161tos kokyb\u0117s, tvaraus audinio, \u0161is d\u0117klas dvelkia subtilia elegancija ir apgalvotu funkcionalumu. Kompakti\u0161kas dydis leid\u017eia j\u012f lengvai pasiimti \u012f kelion\u0119 ar laikyti mezgimo krep\u0161yje.<\/p>\n<p>I\u0161matavimai (u\u017edarytas): 13 \u00d7 22.5 \u00d7 1.5 cm<br \/>\n<strong>Svar\u012bgi:<\/strong> d\u0117klas parduodamas be mezgimo reikmen\u0173.<\/p>\n<p>&nbsp;<\/p>","protected":false},"excerpt":{"rendered":"<p>KnitPro COAL val\u0173 ir mezgimo priemoni\u0173 d\u0117klas &#8211; tai i\u0161skirtinai Jums sukurtas d\u0117klas, kuriame viskas turi savo viet\u0105.<br \/>\n\u010cia patogiai tilps virbal\u0173 valai, pagalbiniai v\u0105\u0161eliai, u\u017ever\u017eimo rakteliai ir kiti smulk\u016bs mezgimo priedai &#8211; viskas tvarkingai ir saugiai sud\u0117ta vienoje vietoje.<\/p>\n<p>SVARBU: d\u0117klas parduodamas tu\u0161\u010dias.<\/p>","protected":false},"featured_media":33324,"comment_status":"open","ping_status":"closed","template":"","meta":{"_acf_changed":false},"product_brand":[557],"product_cat":[568,483,468,499,61],"product_tag":[306],"class_list":{"0":"post-33323","1":"product","2":"type-product","3":"status-publish","4":"has-post-thumbnail","6":"product_brand-knitpro","7":"product_cat-deklai-virbalams","8":"product_cat-dovanos","9":"product_cat-knitpro-virbalai-vaseliai","10":"product_cat-rusis","11":"product_cat-virbalai-vaseliai","12":"product_tag-knitpro","13":"pa_dydis-38-40","14":"pa_dydis-1218","16":"first","17":"instock","18":"taxable","19":"shipping-taxable","20":"purchasable","21":"product-type-simple"},"acf":[],"_links":{"self":[{"href":"https:\/\/siulubangos.lt\/lv\/wp-json\/wp\/v2\/product\/33323","targetHints":{"allow":["GET"]}}],"collection":[{"href":"https:\/\/siulubangos.lt\/lv\/wp-json\/wp\/v2\/product"}],"about":[{"href":"https:\/\/siulubangos.lt\/lv\/wp-json\/wp\/v2\/types\/product"}],"replies":[{"embeddable":true,"href":"https:\/\/siulubangos.lt\/lv\/wp-json\/wp\/v2\/comments?post=33323"}],"version-history":[{"count":0,"href":"https:\/\/siulubangos.lt\/lv\/wp-json\/wp\/v2\/product\/33323\/revisions"}],"wp:featuredmedia":[{"embeddable":true,"href":"https:\/\/siulubangos.lt\/lv\/wp-json\/wp\/v2\/media\/33324"}],"wp:attachment":[{"href":"https:\/\/siulubangos.lt\/lv\/wp-json\/wp\/v2\/media?parent=33323"}],"wp:term":[{"taxonomy":"product_brand","embeddable":true,"href":"https:\/\/siulubangos.lt\/lv\/wp-json\/wp\/v2\/product_brand?post=33323"},{"taxonomy":"product_cat","embeddable":true,"href":"https:\/\/siulubangos.lt\/lv\/wp-json\/wp\/v2\/product_cat?post=33323"},{"taxonomy":"product_tag","embeddable":true,"href":"https:\/\/siulubangos.lt\/lv\/wp-json\/wp\/v2\/product_tag?post=33323"}],"curies":[{"name":"wp","href":"https:\/\/api.w.org\/{rel}","templated":true}]}}