{"id":33332,"date":"2025-11-04T22:10:30","date_gmt":"2025-11-04T22:10:30","guid":{"rendered":"https:\/\/siulubangos.lt\/?post_type=product&#038;p=33332"},"modified":"2026-04-15T11:21:48","modified_gmt":"2026-04-15T08:21:48","slug":"knitpro-mala-valu-un-adamadatu-sega","status":"publish","type":"product","link":"https:\/\/siulubangos.lt\/lv\/parduotuve\/knitpro-clay-valu-ir-mezgimo-priemoniu-deklas\/","title":{"rendered":"KnitPro CLAY futr\u0101lis dzijai un ad\u012b\u0161anas piederumiem"},"content":{"rendered":"<h2>KnitPro CLAY futr\u0101lis dzijai un ad\u012b\u0161anas piederumiem<\/h2>\n<p>\u0160is futr\u0101lis ir izgatavots no augstas kvalit\u0101tes ilgtsp\u0113j\u012bga auduma, un tam piem\u012bt smalka elegance un p\u0101rdom\u0101ta funkcionalit\u0101te. T\u0101 kompaktais izm\u0113rs \u013cauj to \u0113rti pa\u0146emt l\u012bdzi ce\u013c\u0101 vai glab\u0101t ad\u012b\u0161anas som\u0101.<\/p>\n<p>Izm\u0113ri (aizv\u0113rt\u0101 veid\u0101): 13 \u00d7 22,5 \u00d7 1,5 cm<br \/>\n<strong>Svar\u012bgi:<\/strong> korpuss tiek p\u0101rdots bez ad\u012b\u0161anas piederumiem.<\/p>\n<p>&nbsp;<\/p>","protected":false},"excerpt":{"rendered":"<p>Tas ir tikai jums izstr\u0101d\u0101ts koferis, kur\u0101 visam ir sava vieta.<br \/>\nTaj\u0101 \u0113rti ievietojamas auklas adatas, spol\u012btes, krimp\u0113\u0161anas atsl\u0113gas un citi nelieli ad\u012b\u0161anas piederumi - viss gl\u012bti un dro\u0161i vienuviet.<\/p>\n<p>Svar\u012bgi: futr\u0101lis tiek p\u0101rdots tuk\u0161s.<\/p>","protected":false},"featured_media":33333,"comment_status":"open","ping_status":"closed","template":"","meta":{"_acf_changed":false},"product_brand":[557],"product_cat":[568,483,468,499,61],"product_tag":[306],"class_list":{"0":"post-33332","1":"product","2":"type-product","3":"status-publish","4":"has-post-thumbnail","6":"product_brand-knitpro","7":"product_cat-deklai-virbalams","8":"product_cat-dovanos","9":"product_cat-knitpro-virbalai-vaseliai","10":"product_cat-rusis","11":"product_cat-virbalai-vaseliai","12":"product_tag-knitpro","13":"pa_dydis-38-40","14":"pa_dydis-1218","16":"first","17":"outofstock","18":"taxable","19":"shipping-taxable","20":"purchasable","21":"product-type-simple"},"acf":[],"_links":{"self":[{"href":"https:\/\/siulubangos.lt\/lv\/wp-json\/wp\/v2\/product\/33332","targetHints":{"allow":["GET"]}}],"collection":[{"href":"https:\/\/siulubangos.lt\/lv\/wp-json\/wp\/v2\/product"}],"about":[{"href":"https:\/\/siulubangos.lt\/lv\/wp-json\/wp\/v2\/types\/product"}],"replies":[{"embeddable":true,"href":"https:\/\/siulubangos.lt\/lv\/wp-json\/wp\/v2\/comments?post=33332"}],"version-history":[{"count":0,"href":"https:\/\/siulubangos.lt\/lv\/wp-json\/wp\/v2\/product\/33332\/revisions"}],"wp:featuredmedia":[{"embeddable":true,"href":"https:\/\/siulubangos.lt\/lv\/wp-json\/wp\/v2\/media\/33333"}],"wp:attachment":[{"href":"https:\/\/siulubangos.lt\/lv\/wp-json\/wp\/v2\/media?parent=33332"}],"wp:term":[{"taxonomy":"product_brand","embeddable":true,"href":"https:\/\/siulubangos.lt\/lv\/wp-json\/wp\/v2\/product_brand?post=33332"},{"taxonomy":"product_cat","embeddable":true,"href":"https:\/\/siulubangos.lt\/lv\/wp-json\/wp\/v2\/product_cat?post=33332"},{"taxonomy":"product_tag","embeddable":true,"href":"https:\/\/siulubangos.lt\/lv\/wp-json\/wp\/v2\/product_tag?post=33332"}],"curies":[{"name":"wp","href":"https:\/\/api.w.org\/{rel}","templated":true}]}}