{"id":33383,"date":"2025-11-05T17:14:23","date_gmt":"2025-11-05T17:14:23","guid":{"rendered":"https:\/\/siulubangos.lt\/?post_type=product&#038;p=33383"},"modified":"2026-03-31T10:34:12","modified_gmt":"2026-03-31T07:34:12","slug":"knitpro-basix-beech-pieskruvejams-10-cm-3-6-mm","status":"publish","type":"product","link":"https:\/\/siulubangos.lt\/lv\/parduotuve\/knitpro-basix-beech-prisukami-10-cm-virbalai-3-6-mm\/","title":{"rendered":"KnitPro Basix Beech 10 cm uzskr\u016bv\u0113jam\u0101 spol\u012bte (3-6 mm)"},"content":{"rendered":"<h2><strong data-start=\"28\" data-end=\"70\">KnitPro Basix Beech 10 cm skr\u016bv\u0113jam\u0101 spol\u012bte<\/strong><\/h2>\n<p>\u0112rtas, iztur\u012bgas un iztur\u012bgas koka virves, kas izgatavotas no dab\u012bga b\u0113rza koka. T\u0101s ir piem\u0113rotas gan ies\u0101c\u0113j\u0101m, gan pieredz\u0113ju\u0161\u0101m ad\u012bt\u0101j\u0101m un nodro\u0161ina pat\u012bkamu dzijas sl\u012bd\u0113\u0161anu un prec\u012bzu ad\u012b\u0161anu. Skr\u016bvju sist\u0113ma \u013cauj \u0113rti main\u012bt valdzi\u0146us un bez p\u0101rtraukuma veidot da\u017e\u0101da izm\u0113ra ad\u012bjumus. Ide\u0101li piem\u0113rots d\u017eemperiem, \u0161all\u0113m, cepur\u0113m un citiem rokdarbiem, kur svar\u012bgs ir l\u012bdzsvars starp komfortu un kvalit\u0101ti.<\/p>","protected":false},"excerpt":{"rendered":"<p>Uzticamas, iztur\u012bgas KnitPro uzskr\u016bv\u0113jam\u0101s ad\u0101madatas, kas izgatavotas no kvalitat\u012bva koka. Ide\u0101li piem\u0113rotas da\u017e\u0101diem ad\u012b\u0161anas projektiem.<\/p>","protected":false},"featured_media":33384,"comment_status":"open","ping_status":"closed","template":"","meta":{"_acf_changed":false},"product_brand":[557],"product_cat":[61,513,455,468,526,500,502,499],"product_tag":[306],"class_list":{"0":"post-33383","1":"product","2":"type-product","3":"status-publish","4":"has-post-thumbnail","6":"product_brand-knitpro","7":"product_cat-virbalai-vaseliai","8":"product_cat-10-cm-prisukami-virbalai","9":"product_cat-gamintojas-virbalai-vaseliai","10":"product_cat-knitpro-virbalai-vaseliai","11":"product_cat-mediniai","12":"product_cat-pluostas","13":"product_cat-prisukami-virbalai","14":"product_cat-rusis","15":"product_tag-knitpro","16":"pa_dydis-3-mm","17":"pa_dydis-3-25-mm","18":"pa_dydis-3-50-mm","19":"pa_dydis-3-75-mm","20":"pa_dydis-4-mm","21":"pa_dydis-4-50-mm","22":"pa_dydis-5-mm","23":"pa_dydis-5-50-mm","24":"pa_dydis-6-mm","25":"pa_ilgis-10-cm","27":"first","28":"instock","29":"taxable","30":"shipping-taxable","31":"purchasable","32":"product-type-variable"},"acf":[],"_links":{"self":[{"href":"https:\/\/siulubangos.lt\/lv\/wp-json\/wp\/v2\/product\/33383","targetHints":{"allow":["GET"]}}],"collection":[{"href":"https:\/\/siulubangos.lt\/lv\/wp-json\/wp\/v2\/product"}],"about":[{"href":"https:\/\/siulubangos.lt\/lv\/wp-json\/wp\/v2\/types\/product"}],"replies":[{"embeddable":true,"href":"https:\/\/siulubangos.lt\/lv\/wp-json\/wp\/v2\/comments?post=33383"}],"version-history":[{"count":0,"href":"https:\/\/siulubangos.lt\/lv\/wp-json\/wp\/v2\/product\/33383\/revisions"}],"wp:featuredmedia":[{"embeddable":true,"href":"https:\/\/siulubangos.lt\/lv\/wp-json\/wp\/v2\/media\/33384"}],"wp:attachment":[{"href":"https:\/\/siulubangos.lt\/lv\/wp-json\/wp\/v2\/media?parent=33383"}],"wp:term":[{"taxonomy":"product_brand","embeddable":true,"href":"https:\/\/siulubangos.lt\/lv\/wp-json\/wp\/v2\/product_brand?post=33383"},{"taxonomy":"product_cat","embeddable":true,"href":"https:\/\/siulubangos.lt\/lv\/wp-json\/wp\/v2\/product_cat?post=33383"},{"taxonomy":"product_tag","embeddable":true,"href":"https:\/\/siulubangos.lt\/lv\/wp-json\/wp\/v2\/product_tag?post=33383"}],"curies":[{"name":"wp","href":"https:\/\/api.w.org\/{rel}","templated":true}]}}