{"id":33426,"date":"2025-11-05T18:43:25","date_gmt":"2025-11-05T18:43:25","guid":{"rendered":"https:\/\/siulubangos.lt\/?post_type=product&#038;p=33426"},"modified":"2026-02-23T09:56:09","modified_gmt":"2026-02-23T07:56:09","slug":"gutermann-tekstiles-klijai","status":"publish","type":"product","link":"https:\/\/siulubangos.lt\/lv\/parduotuve\/gutermann-tekstiles-klijai\/","title":{"rendered":"Gutermann tekstil\u0117s klijai"},"content":{"rendered":"<h2>Gutermann tekstil\u0117s klijai<\/h2>\n<p>Klijai d\u017ei\u016bsta skaidriai, i\u0161lieka elastingi ir tampa dar stipresni, kai klijuota vieta pailgai pa\u0161ildoma lygintuvu (10-15 min., pasirinkus audiniui tinkam\u0105 temperat\u016br\u0105).<br \/>\nPo sukiet\u0117jimo gamin\u012f galima skalbti net iki 95 laipsni\u0173 temperat\u016broje.<br \/>\nD\u017ei\u016bvimo laikas &#8211; apie 30 minu\u010di\u0173.<br \/>\nJei suklydote, \u0161vie\u017eiai u\u017eteptus klijus dar galima nuvalyti vandeniu.<\/p>\n<p>Pakuot\u0117 &#8211; 30 g t\u016bbel\u0117, patogi naudoti tiek m\u0117g\u0117jams, tiek profesionalams.<br \/>\nG\u00fctermann HT2 &#8211; vokie\u010di\u0173 kokyb\u0117, kuria pasitiki k\u016br\u0117jai visame pasaulyje.<\/p>","protected":false},"excerpt":{"rendered":"<p>Atraskite profesionalius Gutermann HT2 tekstil\u0117s klijus &#8211; patikim\u0105 sprendim\u0105 visiems j\u016bs\u0173 meno ir rankdarbi\u0173 projektams!<br \/>\n\u0160ie klijai skirti \u012fvairioms med\u017eiagoms: medvilnei, d\u017einsui, linui, veltiniui ir daugeliui kit\u0173 audini\u0173.<\/p>\n<p>&nbsp;<\/p>","protected":false},"featured_media":33427,"comment_status":"open","ping_status":"closed","template":"","meta":{"_acf_changed":false},"product_brand":[757],"product_cat":[310,1225,537],"product_tag":[1221],"class_list":{"0":"post-33426","1":"product","2":"type-product","3":"status-publish","4":"has-post-thumbnail","6":"product_brand-gutermann","7":"product_cat-mezgimo-priemones","8":"product_cat-gutermann","9":"product_cat-lateksas-klijai","10":"product_tag-gutermann","11":"pa_ilgis-100-cm","12":"pa_ilgis-120-cm","13":"pa_ilgis-150-cm","14":"pa_ilgis-40-cm","15":"pa_ilgis-50-cm","16":"pa_ilgis-60-cm","17":"pa_ilgis-80-cm","19":"first","20":"instock","21":"taxable","22":"shipping-taxable","23":"purchasable","24":"product-type-simple"},"acf":[],"_links":{"self":[{"href":"https:\/\/siulubangos.lt\/lv\/wp-json\/wp\/v2\/product\/33426","targetHints":{"allow":["GET"]}}],"collection":[{"href":"https:\/\/siulubangos.lt\/lv\/wp-json\/wp\/v2\/product"}],"about":[{"href":"https:\/\/siulubangos.lt\/lv\/wp-json\/wp\/v2\/types\/product"}],"replies":[{"embeddable":true,"href":"https:\/\/siulubangos.lt\/lv\/wp-json\/wp\/v2\/comments?post=33426"}],"version-history":[{"count":0,"href":"https:\/\/siulubangos.lt\/lv\/wp-json\/wp\/v2\/product\/33426\/revisions"}],"wp:featuredmedia":[{"embeddable":true,"href":"https:\/\/siulubangos.lt\/lv\/wp-json\/wp\/v2\/media\/33427"}],"wp:attachment":[{"href":"https:\/\/siulubangos.lt\/lv\/wp-json\/wp\/v2\/media?parent=33426"}],"wp:term":[{"taxonomy":"product_brand","embeddable":true,"href":"https:\/\/siulubangos.lt\/lv\/wp-json\/wp\/v2\/product_brand?post=33426"},{"taxonomy":"product_cat","embeddable":true,"href":"https:\/\/siulubangos.lt\/lv\/wp-json\/wp\/v2\/product_cat?post=33426"},{"taxonomy":"product_tag","embeddable":true,"href":"https:\/\/siulubangos.lt\/lv\/wp-json\/wp\/v2\/product_tag?post=33426"}],"curies":[{"name":"wp","href":"https:\/\/api.w.org\/{rel}","templated":true}]}}