{"id":33442,"date":"2025-11-05T20:03:45","date_gmt":"2025-11-05T20:03:45","guid":{"rendered":"https:\/\/siulubangos.lt\/?post_type=product&#038;p=33442"},"modified":"2026-03-08T19:16:04","modified_gmt":"2026-03-08T17:16:04","slug":"addi-sirdele-fiksacija-virbalams","status":"publish","type":"product","link":"https:\/\/siulubangos.lt\/lv\/parduotuve\/addi-sirdele-fiksacija-virbalams\/","title":{"rendered":"Addi \u0160IRDEL\u0116 fiks\u0101cija adatai"},"content":{"rendered":"","protected":false},"excerpt":{"rendered":"<p>\u012esimyl\u0117kite mezgim\u0105 i\u0161 naujo su \u017eavinga\u00a0 Addi\u00a0 \u0161irdel\u0117s formos virbal\u0173 fiksacija!\u00a0 Addi plastikin\u0117 \u0161irdel\u0117 suteikia mezgimui d\u017eiaugsmo, bet ir neleid\u017eia virbalams slysti ar i\u0161kristi i\u0161 mezginio, kai jo nenaudojate.<\/p>","protected":false},"featured_media":33443,"comment_status":"open","ping_status":"closed","template":"","meta":{"_acf_changed":false},"product_brand":[754],"product_cat":[310,1227,546,529,528],"product_tag":[1222],"class_list":{"0":"post-33442","1":"product","2":"type-product","3":"status-publish","4":"has-post-thumbnail","6":"product_brand-addi","7":"product_cat-mezgimo-priemones","8":"product_cat-addi","9":"product_cat-antgaliai-virbalams","10":"product_cat-gamintojas-kitos-priemones","11":"product_cat-priemones-tipas","12":"product_tag-addi","13":"pa_dydis-didele","14":"pa_dydis-maza","16":"first","17":"instock","18":"taxable","19":"shipping-taxable","20":"purchasable","21":"product-type-variable"},"acf":[],"_links":{"self":[{"href":"https:\/\/siulubangos.lt\/lv\/wp-json\/wp\/v2\/product\/33442","targetHints":{"allow":["GET"]}}],"collection":[{"href":"https:\/\/siulubangos.lt\/lv\/wp-json\/wp\/v2\/product"}],"about":[{"href":"https:\/\/siulubangos.lt\/lv\/wp-json\/wp\/v2\/types\/product"}],"replies":[{"embeddable":true,"href":"https:\/\/siulubangos.lt\/lv\/wp-json\/wp\/v2\/comments?post=33442"}],"version-history":[{"count":0,"href":"https:\/\/siulubangos.lt\/lv\/wp-json\/wp\/v2\/product\/33442\/revisions"}],"wp:featuredmedia":[{"embeddable":true,"href":"https:\/\/siulubangos.lt\/lv\/wp-json\/wp\/v2\/media\/33443"}],"wp:attachment":[{"href":"https:\/\/siulubangos.lt\/lv\/wp-json\/wp\/v2\/media?parent=33442"}],"wp:term":[{"taxonomy":"product_brand","embeddable":true,"href":"https:\/\/siulubangos.lt\/lv\/wp-json\/wp\/v2\/product_brand?post=33442"},{"taxonomy":"product_cat","embeddable":true,"href":"https:\/\/siulubangos.lt\/lv\/wp-json\/wp\/v2\/product_cat?post=33442"},{"taxonomy":"product_tag","embeddable":true,"href":"https:\/\/siulubangos.lt\/lv\/wp-json\/wp\/v2\/product_tag?post=33442"}],"curies":[{"name":"wp","href":"https:\/\/api.w.org\/{rel}","templated":true}]}}