{"id":33466,"date":"2025-11-05T22:59:40","date_gmt":"2025-11-05T20:59:40","guid":{"rendered":"https:\/\/siulubangos.lt\/?post_type=product&#038;p=33466"},"modified":"2026-03-09T14:49:10","modified_gmt":"2026-03-09T12:49:10","slug":"clover-soft-touch-vaseliai-su-rankenele","status":"publish","type":"product","link":"https:\/\/siulubangos.lt\/lv\/parduotuve\/clover-soft-touch-vaseliai-su-rankenele\/","title":{"rendered":"Clover Soft Touch tamboradatas ar rokturi (2\u20136 mm)"},"content":{"rendered":"<h2><strong>Clover Soft Touch tamboradatas ar rokturi (2\u20136 mm)<\/strong><\/h2>\n<ul>\n<li>\u0160ie v\u0105\u0161eliai ergonomi\u0161kai pritaikyti rankai, tod\u0117l galite m\u0117gautis valand\u0173 valandas trunkan\u010diu n\u0117rimu be nuovargio ar skausmo.<\/li>\n<li>Patogi rankena suteikia komfort\u0105 ir kontrol\u0119.<\/li>\n<li>Precizi\u0161kai pagamintas antgalis u\u017etikrina skland\u0173 si\u016blo slydim\u0105.<\/li>\n<li>Platus dyd\u017ei\u0173 pasirinkimas \u2013 idealiai tinka tiek smulkiems, tiek dideliems projektams.<\/li>\n<li>Soft Touch &#8211; tai kokyb\u0117, patogumas ir ilgaam\u017ei\u0161kumas, kur\u012f pajusite kiekviename n\u0117rimo judesyje.<\/li>\n<\/ul>","protected":false},"excerpt":{"rendered":"<p>Clover Soft Touch v\u0105\u0161eliai &#8211; ergonomika, stilius ir japon\u0173 meistryst\u0117. Auk\u0161\u010diausios kokyb\u0117s japon\u0173 gamybos \u012frankiai, skirti tiek pradedantiesiems, tiek profesionaliems k\u016br\u0117jams.<\/p>","protected":false},"featured_media":33467,"comment_status":"open","ping_status":"closed","template":"","meta":{"_acf_changed":false},"product_brand":[756],"product_cat":[61,1113,455,527,500,499,506],"product_tag":[1228],"class_list":{"0":"post-33466","1":"product","2":"type-product","3":"status-publish","4":"has-post-thumbnail","6":"product_brand-clover","7":"product_cat-virbalai-vaseliai","8":"product_cat-clover","9":"product_cat-gamintojas-virbalai-vaseliai","10":"product_cat-metaliniai","11":"product_cat-pluostas","12":"product_cat-rusis","13":"product_cat-vaseliai","14":"product_tag-clover","15":"pa_dydis-2-mm","16":"pa_dydis-2-25-mm","17":"pa_dydis-2-50-mm","18":"pa_dydis-2-75-mm","19":"pa_dydis-3-mm","20":"pa_dydis-3-25-mm","21":"pa_dydis-3-50-mm","22":"pa_dydis-3-75-mm","23":"pa_dydis-4-mm","24":"pa_dydis-4-50-mm","25":"pa_dydis-5-mm","26":"pa_dydis-5-50-mm","27":"pa_dydis-6-mm","29":"first","30":"instock","31":"taxable","32":"shipping-taxable","33":"purchasable","34":"product-type-variable"},"acf":[],"_links":{"self":[{"href":"https:\/\/siulubangos.lt\/lv\/wp-json\/wp\/v2\/product\/33466","targetHints":{"allow":["GET"]}}],"collection":[{"href":"https:\/\/siulubangos.lt\/lv\/wp-json\/wp\/v2\/product"}],"about":[{"href":"https:\/\/siulubangos.lt\/lv\/wp-json\/wp\/v2\/types\/product"}],"replies":[{"embeddable":true,"href":"https:\/\/siulubangos.lt\/lv\/wp-json\/wp\/v2\/comments?post=33466"}],"version-history":[{"count":0,"href":"https:\/\/siulubangos.lt\/lv\/wp-json\/wp\/v2\/product\/33466\/revisions"}],"wp:featuredmedia":[{"embeddable":true,"href":"https:\/\/siulubangos.lt\/lv\/wp-json\/wp\/v2\/media\/33467"}],"wp:attachment":[{"href":"https:\/\/siulubangos.lt\/lv\/wp-json\/wp\/v2\/media?parent=33466"}],"wp:term":[{"taxonomy":"product_brand","embeddable":true,"href":"https:\/\/siulubangos.lt\/lv\/wp-json\/wp\/v2\/product_brand?post=33466"},{"taxonomy":"product_cat","embeddable":true,"href":"https:\/\/siulubangos.lt\/lv\/wp-json\/wp\/v2\/product_cat?post=33466"},{"taxonomy":"product_tag","embeddable":true,"href":"https:\/\/siulubangos.lt\/lv\/wp-json\/wp\/v2\/product_tag?post=33466"}],"curies":[{"name":"wp","href":"https:\/\/api.w.org\/{rel}","templated":true}]}}