{"id":33491,"date":"2025-11-05T21:12:01","date_gmt":"2025-11-05T21:12:01","guid":{"rendered":"https:\/\/siulubangos.lt\/?post_type=product&#038;p=33491"},"modified":"2026-01-12T11:30:11","modified_gmt":"2026-01-12T09:30:11","slug":"clover-amour-vaseliu-rinkinys-2-6-mm","status":"publish","type":"product","link":"https:\/\/siulubangos.lt\/lv\/parduotuve\/clover-amour-vaseliu-rinkinys-2-6-mm\/","title":{"rendered":"Clover Amour tamboradatu komplekts (2\u20136 mm)"},"content":{"rendered":"<h2><strong>Clover Amour tamboradatu komplekts (2\u20136 mm)\u00a0<\/strong><\/h2>\n<ul>\n<li>Eleganti\u0161kos, spalvotos ergonomin\u0117s rankenos suteikia komfort\u0105 net ilgiems projektams.<\/li>\n<li>Precizi\u0161kai poliruoti antgaliai leid\u017eia si\u016blui slysti lengvai ir tolygiai.<\/li>\n<li>Gausus dyd\u017ei\u0173 pasirinkimas\u00a0 tinka tiek smulkiems, tiek dideliems k\u016briniams.<\/li>\n<li>Ilgaam\u017ei\u0161ka japon\u0173 kokyb\u0117 garantuoja patikimum\u0105 kiekviename judesyje.<\/li>\n<\/ul>","protected":false},"excerpt":{"rendered":"<p>Rinkinys suteikia visk\u0105, ko reikia, kad n\u0117rimas tapt\u0173 maloniu, lengvu ir k\u016brybi\u0161kai \u012fkvepian\u010diu procesu.<\/p>","protected":false},"featured_media":33492,"comment_status":"open","ping_status":"closed","template":"","meta":{"_acf_changed":false},"product_brand":[756],"product_cat":[455,1113,527,500,505,506,508],"product_tag":[1228],"class_list":{"0":"post-33491","1":"product","2":"type-product","3":"status-publish","4":"has-post-thumbnail","6":"product_brand-clover","7":"product_cat-gamintojas-virbalai-vaseliai","8":"product_cat-clover","9":"product_cat-metaliniai","10":"product_cat-pluostas","11":"product_cat-rinkiniai","12":"product_cat-vaseliai","13":"product_cat-vaseliu-rinkiniai","14":"product_tag-clover","15":"pa_dydis-didele","16":"pa_dydis-maza","18":"first","19":"instock","20":"taxable","21":"shipping-taxable","22":"purchasable","23":"product-type-simple"},"acf":[],"_links":{"self":[{"href":"https:\/\/siulubangos.lt\/lv\/wp-json\/wp\/v2\/product\/33491","targetHints":{"allow":["GET"]}}],"collection":[{"href":"https:\/\/siulubangos.lt\/lv\/wp-json\/wp\/v2\/product"}],"about":[{"href":"https:\/\/siulubangos.lt\/lv\/wp-json\/wp\/v2\/types\/product"}],"replies":[{"embeddable":true,"href":"https:\/\/siulubangos.lt\/lv\/wp-json\/wp\/v2\/comments?post=33491"}],"version-history":[{"count":0,"href":"https:\/\/siulubangos.lt\/lv\/wp-json\/wp\/v2\/product\/33491\/revisions"}],"wp:featuredmedia":[{"embeddable":true,"href":"https:\/\/siulubangos.lt\/lv\/wp-json\/wp\/v2\/media\/33492"}],"wp:attachment":[{"href":"https:\/\/siulubangos.lt\/lv\/wp-json\/wp\/v2\/media?parent=33491"}],"wp:term":[{"taxonomy":"product_brand","embeddable":true,"href":"https:\/\/siulubangos.lt\/lv\/wp-json\/wp\/v2\/product_brand?post=33491"},{"taxonomy":"product_cat","embeddable":true,"href":"https:\/\/siulubangos.lt\/lv\/wp-json\/wp\/v2\/product_cat?post=33491"},{"taxonomy":"product_tag","embeddable":true,"href":"https:\/\/siulubangos.lt\/lv\/wp-json\/wp\/v2\/product_tag?post=33491"}],"curies":[{"name":"wp","href":"https:\/\/api.w.org\/{rel}","templated":true}]}}