{"id":33512,"date":"2025-11-05T21:45:08","date_gmt":"2025-11-05T21:45:08","guid":{"rendered":"https:\/\/siulubangos.lt\/?post_type=product&#038;p=33512"},"modified":"2026-02-18T23:32:17","modified_gmt":"2026-02-18T21:32:17","slug":"tulpju-markieru-komplekts-ar-klipsiem","status":"publish","type":"product","link":"https:\/\/siulubangos.lt\/lv\/parduotuve\/tulip-uzsegamu-zymekliu-komplektas\/","title":{"rendered":"Tulpju mar\u0137ieru komplekts ar klip\u0161iem HEARTS"},"content":{"rendered":"<h2>Tulpju mar\u0137ieru komplekts ar klip\u0161iem HEARTS<\/h2>\n<p data-start=\"212\" data-end=\"502\">Tulip Hearts piestiprin\u0101mo mar\u0137ieru komplekts ir stil\u012bgs un funkcion\u0101ls komplekts valdzi\u0146u, rakstu vai ad\u012b\u0161anas sec\u012bbu apz\u012bm\u0113\u0161anai. Katram mar\u0137ierim ir simp\u0101tiska sirds formas galvi\u0146a, kas ne tikai izskat\u0101s dekorat\u012bvi, bet ar\u012b dro\u0161i turas uz dzijas un ad\u012b\u0161anas laik\u0101 nesl\u012bd.<\/p>\n<p data-start=\"504\" data-end=\"761\">Komplekt\u0101 ir daudzkr\u0101saini mar\u0137ieri, lai j\u016bs var\u0113tu viegli at\u0161\u0137irt da\u017e\u0101das raksta da\u013cas vai ad\u012b\u0161anas sec\u012bbas. Tie ir viegli aizdaremi un no\u0146emami, piem\u0113roti da\u017e\u0101diem dzijas biezumiem un ir lielisks pal\u012bgs gan ies\u0101c\u0113j\u0101m, gan pieredz\u0113ju\u0161\u0101m ad\u012bt\u0101j\u0101m.<\/p>","protected":false},"excerpt":{"rendered":"<p>Tulpju mar\u0137ieru komplekts - mazas deta\u013cas, kas rada lielu at\u0161\u0137ir\u012bbu. Ide\u0101la izv\u0113le gan ies\u0101c\u0113jiem, gan profesion\u0101liem dizaineriem. 15 gab. Mar\u0137ieri ir skaist\u0101, paroc\u012bg\u0101 kast\u012bt\u0113.<\/p>\n<div class=\"pointer-events-none h-px w-px\" aria-hidden=\"true\" data-edge=\"true\"><\/div>","protected":false},"featured_media":33514,"comment_status":"open","ping_status":"closed","template":"","meta":{"_acf_changed":false},"product_brand":[558],"product_cat":[310,529,528,532,548],"product_tag":[1229],"class_list":{"0":"post-33512","1":"product","2":"type-product","3":"status-publish","4":"has-post-thumbnail","6":"product_brand-tulip","7":"product_cat-mezgimo-priemones","8":"product_cat-gamintojas-kitos-priemones","9":"product_cat-priemones-tipas","10":"product_cat-tulip-gamintojas-kitos-priemones","11":"product_cat-zymekliai","12":"product_tag-tulip","14":"first","15":"instock","16":"taxable","17":"shipping-taxable","18":"purchasable","19":"product-type-simple"},"acf":[],"_links":{"self":[{"href":"https:\/\/siulubangos.lt\/lv\/wp-json\/wp\/v2\/product\/33512","targetHints":{"allow":["GET"]}}],"collection":[{"href":"https:\/\/siulubangos.lt\/lv\/wp-json\/wp\/v2\/product"}],"about":[{"href":"https:\/\/siulubangos.lt\/lv\/wp-json\/wp\/v2\/types\/product"}],"replies":[{"embeddable":true,"href":"https:\/\/siulubangos.lt\/lv\/wp-json\/wp\/v2\/comments?post=33512"}],"version-history":[{"count":0,"href":"https:\/\/siulubangos.lt\/lv\/wp-json\/wp\/v2\/product\/33512\/revisions"}],"wp:featuredmedia":[{"embeddable":true,"href":"https:\/\/siulubangos.lt\/lv\/wp-json\/wp\/v2\/media\/33514"}],"wp:attachment":[{"href":"https:\/\/siulubangos.lt\/lv\/wp-json\/wp\/v2\/media?parent=33512"}],"wp:term":[{"taxonomy":"product_brand","embeddable":true,"href":"https:\/\/siulubangos.lt\/lv\/wp-json\/wp\/v2\/product_brand?post=33512"},{"taxonomy":"product_cat","embeddable":true,"href":"https:\/\/siulubangos.lt\/lv\/wp-json\/wp\/v2\/product_cat?post=33512"},{"taxonomy":"product_tag","embeddable":true,"href":"https:\/\/siulubangos.lt\/lv\/wp-json\/wp\/v2\/product_tag?post=33512"}],"curies":[{"name":"wp","href":"https:\/\/api.w.org\/{rel}","templated":true}]}}