{"id":33519,"date":"2025-11-05T22:15:13","date_gmt":"2025-11-05T22:15:13","guid":{"rendered":"https:\/\/siulubangos.lt\/?post_type=product&#038;p=33519"},"modified":"2026-01-13T12:44:43","modified_gmt":"2026-01-13T10:44:43","slug":"prym-ziogelis","status":"publish","type":"product","link":"https:\/\/siulubangos.lt\/lv\/parduotuve\/prym-ziogelis\/","title":{"rendered":"PRYM tapa"},"content":{"rendered":"<p>Skirtas u\u017esegti \u012fvairius drabu\u017eius, bet puikiai gali tarnauti kaip mezginio aki\u0173 laikiklis, jei tai mezginys i\u0161 stor\u0173 si\u016bl\u0173.<\/p>","protected":false},"excerpt":{"rendered":"<p>Skirtas u\u017esegti \u012fvairius drabu\u017eius, bet puikiai gali tarnauti kaip mezginio aki\u0173 laikiklis, jei tai mezginys i\u0161 stor\u0173 si\u016bl\u0173.<\/p>","protected":false},"featured_media":33531,"comment_status":"open","ping_status":"closed","template":"","meta":{"_acf_changed":false},"product_brand":[761],"product_cat":[310,547,528,533,1233],"product_tag":[1232],"class_list":{"0":"post-33519","1":"product","2":"type-product","3":"status-publish","4":"has-post-thumbnail","6":"product_brand-prym","7":"product_cat-mezgimo-priemones","8":"product_cat-akiu-laikikliai","9":"product_cat-priemones-tipas","10":"product_cat-prym-gamintojas-kitos-priemones","11":"product_cat-ziogeliai-segtukai","12":"product_tag-prym","13":"pa_dydis-2-mm","14":"pa_dydis-2-25-mm","15":"pa_dydis-2-50-mm","16":"pa_dydis-2-75-mm","17":"pa_dydis-3-mm","18":"pa_dydis-3-25-mm","19":"pa_dydis-3-50-mm","20":"pa_dydis-3-75-mm","21":"pa_dydis-4-mm","22":"pa_dydis-4-50-mm","23":"pa_dydis-5-mm","24":"pa_dydis-5-50-mm","25":"pa_dydis-6-mm","27":"first","28":"instock","29":"taxable","30":"shipping-taxable","31":"purchasable","32":"product-type-simple"},"acf":[],"_links":{"self":[{"href":"https:\/\/siulubangos.lt\/lv\/wp-json\/wp\/v2\/product\/33519","targetHints":{"allow":["GET"]}}],"collection":[{"href":"https:\/\/siulubangos.lt\/lv\/wp-json\/wp\/v2\/product"}],"about":[{"href":"https:\/\/siulubangos.lt\/lv\/wp-json\/wp\/v2\/types\/product"}],"replies":[{"embeddable":true,"href":"https:\/\/siulubangos.lt\/lv\/wp-json\/wp\/v2\/comments?post=33519"}],"version-history":[{"count":0,"href":"https:\/\/siulubangos.lt\/lv\/wp-json\/wp\/v2\/product\/33519\/revisions"}],"wp:featuredmedia":[{"embeddable":true,"href":"https:\/\/siulubangos.lt\/lv\/wp-json\/wp\/v2\/media\/33531"}],"wp:attachment":[{"href":"https:\/\/siulubangos.lt\/lv\/wp-json\/wp\/v2\/media?parent=33519"}],"wp:term":[{"taxonomy":"product_brand","embeddable":true,"href":"https:\/\/siulubangos.lt\/lv\/wp-json\/wp\/v2\/product_brand?post=33519"},{"taxonomy":"product_cat","embeddable":true,"href":"https:\/\/siulubangos.lt\/lv\/wp-json\/wp\/v2\/product_cat?post=33519"},{"taxonomy":"product_tag","embeddable":true,"href":"https:\/\/siulubangos.lt\/lv\/wp-json\/wp\/v2\/product_tag?post=33519"}],"curies":[{"name":"wp","href":"https:\/\/api.w.org\/{rel}","templated":true}]}}