{"id":33534,"date":"2025-11-05T22:26:29","date_gmt":"2025-11-05T22:26:29","guid":{"rendered":"https:\/\/siulubangos.lt\/?post_type=product&#038;p=33534"},"modified":"2026-01-04T16:45:12","modified_gmt":"2026-01-04T14:45:12","slug":"prym-ziogeliai-50-mm-24-vnt","status":"publish","type":"product","link":"https:\/\/siulubangos.lt\/lv\/parduotuve\/prym-ziogeliai-50-mm-24-vnt\/","title":{"rendered":"PRYM tapas 50 mm (24 gab.)"},"content":{"rendered":"<p>Prym \u017eiogeliai &#8211; atspra\u016bs r\u016bdims, 24 vnt, 27-38-50 mm.<\/p>","protected":false},"excerpt":{"rendered":"<p>Sidabriniai \u017eiogeliai 27-38-50 mm, 24 vnt. J\u0173 visada reikia.<\/p>","protected":false},"featured_media":33535,"comment_status":"open","ping_status":"closed","template":"","meta":{"_acf_changed":false},"product_brand":[761],"product_cat":[310,528,533,1233],"product_tag":[1232],"class_list":{"0":"post-33534","1":"product","2":"type-product","3":"status-publish","4":"has-post-thumbnail","6":"product_brand-prym","7":"product_cat-mezgimo-priemones","8":"product_cat-priemones-tipas","9":"product_cat-prym-gamintojas-kitos-priemones","10":"product_cat-ziogeliai-segtukai","11":"product_tag-prym","12":"pa_dydis-2-mm","13":"pa_dydis-2-25-mm","14":"pa_dydis-2-50-mm","15":"pa_dydis-2-75-mm","16":"pa_dydis-3-mm","17":"pa_dydis-3-25-mm","18":"pa_dydis-3-50-mm","19":"pa_dydis-3-75-mm","20":"pa_dydis-4-mm","21":"pa_dydis-4-50-mm","22":"pa_dydis-5-mm","23":"pa_dydis-5-50-mm","24":"pa_dydis-6-mm","26":"first","27":"instock","28":"taxable","29":"shipping-taxable","30":"purchasable","31":"product-type-simple"},"acf":[],"_links":{"self":[{"href":"https:\/\/siulubangos.lt\/lv\/wp-json\/wp\/v2\/product\/33534","targetHints":{"allow":["GET"]}}],"collection":[{"href":"https:\/\/siulubangos.lt\/lv\/wp-json\/wp\/v2\/product"}],"about":[{"href":"https:\/\/siulubangos.lt\/lv\/wp-json\/wp\/v2\/types\/product"}],"replies":[{"embeddable":true,"href":"https:\/\/siulubangos.lt\/lv\/wp-json\/wp\/v2\/comments?post=33534"}],"version-history":[{"count":0,"href":"https:\/\/siulubangos.lt\/lv\/wp-json\/wp\/v2\/product\/33534\/revisions"}],"wp:featuredmedia":[{"embeddable":true,"href":"https:\/\/siulubangos.lt\/lv\/wp-json\/wp\/v2\/media\/33535"}],"wp:attachment":[{"href":"https:\/\/siulubangos.lt\/lv\/wp-json\/wp\/v2\/media?parent=33534"}],"wp:term":[{"taxonomy":"product_brand","embeddable":true,"href":"https:\/\/siulubangos.lt\/lv\/wp-json\/wp\/v2\/product_brand?post=33534"},{"taxonomy":"product_cat","embeddable":true,"href":"https:\/\/siulubangos.lt\/lv\/wp-json\/wp\/v2\/product_cat?post=33534"},{"taxonomy":"product_tag","embeddable":true,"href":"https:\/\/siulubangos.lt\/lv\/wp-json\/wp\/v2\/product_tag?post=33534"}],"curies":[{"name":"wp","href":"https:\/\/api.w.org\/{rel}","templated":true}]}}