{"id":33540,"date":"2025-11-05T22:37:58","date_gmt":"2025-11-05T22:37:58","guid":{"rendered":"https:\/\/siulubangos.lt\/?post_type=product&#038;p=33540"},"modified":"2026-04-13T16:04:44","modified_gmt":"2026-04-13T13:04:44","slug":"prym-adatu-komplekts-30-gab","status":"publish","type":"product","link":"https:\/\/siulubangos.lt\/lv\/parduotuve\/prym-adatu-rinkinys-30-vnt\/","title":{"rendered":"PRYM adatu komplekts (30 gab.)"},"content":{"rendered":"","protected":false},"excerpt":{"rendered":"<p>Sudraba kr\u0101sas, 30 gabalu \u0161ujamo adatu komplekts \u0113rt\u0101, caursp\u012bd\u012bg\u0101, apa\u013c\u0101 iepakojum\u0101.<\/p>","protected":false},"featured_media":33544,"comment_status":"open","ping_status":"closed","template":"","meta":{"_acf_changed":false},"product_brand":[761],"product_cat":[310,549,528,533],"product_tag":[1232],"class_list":{"0":"post-33540","1":"product","2":"type-product","3":"status-publish","4":"has-post-thumbnail","6":"product_brand-prym","7":"product_cat-mezgimo-priemones","8":"product_cat-adatos","9":"product_cat-priemones-tipas","10":"product_cat-prym-gamintojas-kitos-priemones","11":"product_tag-prym","12":"pa_dydis-2-mm","13":"pa_dydis-2-25-mm","14":"pa_dydis-2-50-mm","15":"pa_dydis-2-75-mm","16":"pa_dydis-3-mm","17":"pa_dydis-3-25-mm","18":"pa_dydis-3-50-mm","19":"pa_dydis-3-75-mm","20":"pa_dydis-4-mm","21":"pa_dydis-4-50-mm","22":"pa_dydis-5-mm","23":"pa_dydis-5-50-mm","24":"pa_dydis-6-mm","26":"first","27":"instock","28":"taxable","29":"shipping-taxable","30":"purchasable","31":"product-type-simple"},"acf":[],"_links":{"self":[{"href":"https:\/\/siulubangos.lt\/lv\/wp-json\/wp\/v2\/product\/33540","targetHints":{"allow":["GET"]}}],"collection":[{"href":"https:\/\/siulubangos.lt\/lv\/wp-json\/wp\/v2\/product"}],"about":[{"href":"https:\/\/siulubangos.lt\/lv\/wp-json\/wp\/v2\/types\/product"}],"replies":[{"embeddable":true,"href":"https:\/\/siulubangos.lt\/lv\/wp-json\/wp\/v2\/comments?post=33540"}],"version-history":[{"count":0,"href":"https:\/\/siulubangos.lt\/lv\/wp-json\/wp\/v2\/product\/33540\/revisions"}],"wp:featuredmedia":[{"embeddable":true,"href":"https:\/\/siulubangos.lt\/lv\/wp-json\/wp\/v2\/media\/33544"}],"wp:attachment":[{"href":"https:\/\/siulubangos.lt\/lv\/wp-json\/wp\/v2\/media?parent=33540"}],"wp:term":[{"taxonomy":"product_brand","embeddable":true,"href":"https:\/\/siulubangos.lt\/lv\/wp-json\/wp\/v2\/product_brand?post=33540"},{"taxonomy":"product_cat","embeddable":true,"href":"https:\/\/siulubangos.lt\/lv\/wp-json\/wp\/v2\/product_cat?post=33540"},{"taxonomy":"product_tag","embeddable":true,"href":"https:\/\/siulubangos.lt\/lv\/wp-json\/wp\/v2\/product_tag?post=33540"}],"curies":[{"name":"wp","href":"https:\/\/api.w.org\/{rel}","templated":true}]}}