{"id":33554,"date":"2025-11-05T23:08:49","date_gmt":"2025-11-05T23:08:49","guid":{"rendered":"https:\/\/siulubangos.lt\/?post_type=product&#038;p=33554"},"modified":"2026-02-26T15:14:41","modified_gmt":"2026-02-26T13:14:41","slug":"prym-moheros-sepetelis","status":"publish","type":"product","link":"https:\/\/siulubangos.lt\/lv\/parduotuve\/prym-moheros-sepetelis\/","title":{"rendered":"PRYM moheros \u0161epet\u0117lis"},"content":{"rendered":"","protected":false},"excerpt":{"rendered":"<p>Prym Mohair \u0161epet\u0117lis\u00a0 gali b\u016bti naudojamas p\u016bkuot\u0173 verpal\u0173 drabu\u017eiams ir mohair audiniams atnaujinti, ta\u010diau jis tinka ir daugeliui kit\u0173 paskir\u010di\u0173. \u0160epetys turi plastikin\u0119 ranken\u0105, o jo sintetiniai \u0161ereliai apsaugo audinio pluo\u0161tus.<\/p>","protected":false},"featured_media":33555,"comment_status":"open","ping_status":"closed","template":"","meta":{"_acf_changed":false},"product_brand":[761],"product_cat":[310,538,528,533],"product_tag":[1232],"class_list":{"0":"post-33554","1":"product","2":"type-product","3":"status-publish","4":"has-post-thumbnail","6":"product_brand-prym","7":"product_cat-mezgimo-priemones","8":"product_cat-mezginiu-prieziura","9":"product_cat-priemones-tipas","10":"product_cat-prym-gamintojas-kitos-priemones","11":"product_tag-prym","12":"pa_dydis-2-mm","13":"pa_dydis-2-25-mm","14":"pa_dydis-2-50-mm","15":"pa_dydis-2-75-mm","16":"pa_dydis-3-mm","17":"pa_dydis-3-25-mm","18":"pa_dydis-3-50-mm","19":"pa_dydis-3-75-mm","20":"pa_dydis-4-mm","21":"pa_dydis-4-50-mm","22":"pa_dydis-5-mm","23":"pa_dydis-5-50-mm","24":"pa_dydis-6-mm","26":"first","27":"instock","28":"taxable","29":"shipping-taxable","30":"purchasable","31":"product-type-simple"},"acf":[],"_links":{"self":[{"href":"https:\/\/siulubangos.lt\/lv\/wp-json\/wp\/v2\/product\/33554","targetHints":{"allow":["GET"]}}],"collection":[{"href":"https:\/\/siulubangos.lt\/lv\/wp-json\/wp\/v2\/product"}],"about":[{"href":"https:\/\/siulubangos.lt\/lv\/wp-json\/wp\/v2\/types\/product"}],"replies":[{"embeddable":true,"href":"https:\/\/siulubangos.lt\/lv\/wp-json\/wp\/v2\/comments?post=33554"}],"version-history":[{"count":0,"href":"https:\/\/siulubangos.lt\/lv\/wp-json\/wp\/v2\/product\/33554\/revisions"}],"wp:featuredmedia":[{"embeddable":true,"href":"https:\/\/siulubangos.lt\/lv\/wp-json\/wp\/v2\/media\/33555"}],"wp:attachment":[{"href":"https:\/\/siulubangos.lt\/lv\/wp-json\/wp\/v2\/media?parent=33554"}],"wp:term":[{"taxonomy":"product_brand","embeddable":true,"href":"https:\/\/siulubangos.lt\/lv\/wp-json\/wp\/v2\/product_brand?post=33554"},{"taxonomy":"product_cat","embeddable":true,"href":"https:\/\/siulubangos.lt\/lv\/wp-json\/wp\/v2\/product_cat?post=33554"},{"taxonomy":"product_tag","embeddable":true,"href":"https:\/\/siulubangos.lt\/lv\/wp-json\/wp\/v2\/product_tag?post=33554"}],"curies":[{"name":"wp","href":"https:\/\/api.w.org\/{rel}","templated":true}]}}