{"id":33572,"date":"2025-11-06T14:37:57","date_gmt":"2025-11-06T14:37:57","guid":{"rendered":"https:\/\/siulubangos.lt\/?post_type=product&#038;p=33572"},"modified":"2026-04-13T16:04:44","modified_gmt":"2026-04-13T13:04:44","slug":"prim-adisanas-padomi","status":"publish","type":"product","link":"https:\/\/siulubangos.lt\/lv\/parduotuve\/prym-mezgimo-antpirstis\/","title":{"rendered":"PRYM uzpirkstenis ad\u012b\u0161anai (2 dzijas)"},"content":{"rendered":"","protected":false},"excerpt":{"rendered":"<p>\u0160is Prym ad\u0101madatas uzpirkstenis ir ide\u0101ls aksesu\u0101rs ad\u012b\u0161anas projektiem ar div\u0101m kr\u0101s\u0101m. Uzpirkstenis pal\u012bdz nov\u0113rst dzijas sap\u012b\u0161anos ad\u012b\u0161anas laik\u0101. Spir\u0101lveida gredzens, kas izgatavots bez as\u0101m mal\u0101m, \u0113rti piegu\u013c pie pirksta un nodro\u0161ina stingru satv\u0113rienu. Divas pret\u0113j\u0101s diegu ejas atvieglo divu da\u017e\u0101du vilnas diegu paral\u0113lu vad\u012b\u0161anu. Uzpirkstenis ir izgatavots no ner\u016bs\u0113jo\u0161\u0101 t\u0113rauda.<\/p>","protected":false},"featured_media":33573,"comment_status":"open","ping_status":"closed","template":"","meta":{"_acf_changed":false},"product_brand":[761],"product_cat":[310,529,547,528,533],"product_tag":[1232],"class_list":{"0":"post-33572","1":"product","2":"type-product","3":"status-publish","4":"has-post-thumbnail","6":"product_brand-prym","7":"product_cat-mezgimo-priemones","8":"product_cat-gamintojas-kitos-priemones","9":"product_cat-akiu-laikikliai","10":"product_cat-priemones-tipas","11":"product_cat-prym-gamintojas-kitos-priemones","12":"product_tag-prym","13":"pa_dydis-2-mm","14":"pa_dydis-2-25-mm","15":"pa_dydis-2-50-mm","16":"pa_dydis-2-75-mm","17":"pa_dydis-3-mm","18":"pa_dydis-3-25-mm","19":"pa_dydis-3-50-mm","20":"pa_dydis-3-75-mm","21":"pa_dydis-4-mm","22":"pa_dydis-4-50-mm","23":"pa_dydis-5-mm","24":"pa_dydis-5-50-mm","25":"pa_dydis-6-mm","27":"first","28":"instock","29":"taxable","30":"shipping-taxable","31":"purchasable","32":"product-type-simple"},"acf":[],"_links":{"self":[{"href":"https:\/\/siulubangos.lt\/lv\/wp-json\/wp\/v2\/product\/33572","targetHints":{"allow":["GET"]}}],"collection":[{"href":"https:\/\/siulubangos.lt\/lv\/wp-json\/wp\/v2\/product"}],"about":[{"href":"https:\/\/siulubangos.lt\/lv\/wp-json\/wp\/v2\/types\/product"}],"replies":[{"embeddable":true,"href":"https:\/\/siulubangos.lt\/lv\/wp-json\/wp\/v2\/comments?post=33572"}],"version-history":[{"count":0,"href":"https:\/\/siulubangos.lt\/lv\/wp-json\/wp\/v2\/product\/33572\/revisions"}],"wp:featuredmedia":[{"embeddable":true,"href":"https:\/\/siulubangos.lt\/lv\/wp-json\/wp\/v2\/media\/33573"}],"wp:attachment":[{"href":"https:\/\/siulubangos.lt\/lv\/wp-json\/wp\/v2\/media?parent=33572"}],"wp:term":[{"taxonomy":"product_brand","embeddable":true,"href":"https:\/\/siulubangos.lt\/lv\/wp-json\/wp\/v2\/product_brand?post=33572"},{"taxonomy":"product_cat","embeddable":true,"href":"https:\/\/siulubangos.lt\/lv\/wp-json\/wp\/v2\/product_cat?post=33572"},{"taxonomy":"product_tag","embeddable":true,"href":"https:\/\/siulubangos.lt\/lv\/wp-json\/wp\/v2\/product_tag?post=33572"}],"curies":[{"name":"wp","href":"https:\/\/api.w.org\/{rel}","templated":true}]}}