{"id":33589,"date":"2025-11-06T15:22:16","date_gmt":"2025-11-06T15:22:16","guid":{"rendered":"https:\/\/siulubangos.lt\/?post_type=product&#038;p=33589"},"modified":"2026-02-13T12:32:16","modified_gmt":"2026-02-13T10:32:16","slug":"prym-ergonomisko-virvju-komplekts-3-4-mm","status":"publish","type":"product","link":"https:\/\/siulubangos.lt\/lv\/parduotuve\/prym-ergonomisku-virbalu-su-valu-komplektas-3-4-mm\/","title":{"rendered":"PRYM Ergonomisko virvju komplekts ar v\u0101rpstu (3-4 mm)"},"content":{"rendered":"<h2>PRYM Ergonomisko virvju komplekts ar v\u0101rpstu (3-4 mm)<\/h2>\n<p data-start=\"214\" data-end=\"488\">PRYM ergonomiskais ad\u0101madatu komplekts ar v\u0101rpstu ir paredz\u0113ts ad\u012bt\u0101j\u0101m, kuras nov\u0113rt\u0113 komfortu, precizit\u0101ti un modernu dizainu. Unik\u0101l\u0101 tr\u012bsst\u016brveida auklu forma dabiski piel\u0101gojas pirkstiem, uzlabo satv\u0113rienu un pal\u012bdz mazin\u0101t roku un plaukstu sasprindzin\u0101jumu pat garu ad\u012b\u0161anas sesiju laik\u0101.<\/p>\n<p data-start=\"490\" data-end=\"752\">Bungas ir izgatavotas no augstas kvalit\u0101tes, viegla sint\u0113tiska materi\u0101la, t\u0101p\u0113c t\u0101s ir \u013coti vieglas un pat\u012bkamas tur\u0113\u0161anai. Glud\u0101 p\u0101reja starp auklu un spol\u012bti \u013cauj ac\u012bm br\u012bvi sl\u012bd\u0113t, savuk\u0101rt elast\u012bg\u0101, iztur\u012bg\u0101 spol\u012bte nesv\u012bst un nodro\u0161ina raitu ad\u012b\u0161anas procesu.<\/p>\n<p data-start=\"754\" data-end=\"914\">\u0160is komplekts ar <strong data-start=\"772\" data-end=\"795\">Izm\u0113ri 3 - 4 mm<\/strong> Tamboradata ir ide\u0101li piem\u0113rota smalk\u0101ka vai vid\u0113ja izm\u0113ra ad\u012bjumiem - cepur\u0113m, \u0161all\u0113m, d\u017eemperiem vai aksesu\u0101riem.<\/p>","protected":false},"excerpt":{"rendered":"<p>Prym Ergonomics ad\u0101madatas ir augstas kvalit\u0101tes, ergonomiskas, vieglas un elast\u012bgas adatas, kas padara ad\u012b\u0161anu par \u012bstu prieku. To dizains ietver pilienveida auklas galus, kas atvieglo valdzi\u0146u uztver\u0161anu un diegu ievilk\u0161anu, k\u0101 ar\u012b tr\u012bsst\u016brveida k\u0101ta formu dro\u0161ai un \u0113rtai satv\u0113rienai. Ad\u0101madatas auklas ir izgatavotas no t\u0113rauda ar pl\u0101nu plastmasas p\u0101rkl\u0101jumu, un izm\u0113ri ir skaidri mar\u0137\u0113ti \u0113rt\u012bbai.<\/p>\n<p>\u0160is komplekts sast\u0101v no 80 cm gar\u0101m 3,0, 3,50 un 4,0 mm izm\u0113ra v\u0101rpst\u0101m.<\/p>","protected":false},"featured_media":33590,"comment_status":"open","ping_status":"closed","template":"","meta":{"_acf_changed":false},"product_brand":[761],"product_cat":[61,455,498,505,499,507],"product_tag":[1232],"class_list":{"0":"post-33589","1":"product","2":"type-product","3":"status-publish","4":"has-post-thumbnail","6":"product_brand-prym","7":"product_cat-virbalai-vaseliai","8":"product_cat-gamintojas-virbalai-vaseliai","9":"product_cat-prym-virbalai-vaseliai","10":"product_cat-rinkiniai","11":"product_cat-rusis","12":"product_cat-virbalu-rinkiniai","13":"product_tag-prym","14":"pa_spalva-skaidrus-baltas","15":"pa_spalva-skaidrus-juodas","17":"first","18":"instock","19":"taxable","20":"shipping-taxable","21":"purchasable","22":"product-type-simple"},"acf":[],"_links":{"self":[{"href":"https:\/\/siulubangos.lt\/lv\/wp-json\/wp\/v2\/product\/33589","targetHints":{"allow":["GET"]}}],"collection":[{"href":"https:\/\/siulubangos.lt\/lv\/wp-json\/wp\/v2\/product"}],"about":[{"href":"https:\/\/siulubangos.lt\/lv\/wp-json\/wp\/v2\/types\/product"}],"replies":[{"embeddable":true,"href":"https:\/\/siulubangos.lt\/lv\/wp-json\/wp\/v2\/comments?post=33589"}],"version-history":[{"count":0,"href":"https:\/\/siulubangos.lt\/lv\/wp-json\/wp\/v2\/product\/33589\/revisions"}],"wp:featuredmedia":[{"embeddable":true,"href":"https:\/\/siulubangos.lt\/lv\/wp-json\/wp\/v2\/media\/33590"}],"wp:attachment":[{"href":"https:\/\/siulubangos.lt\/lv\/wp-json\/wp\/v2\/media?parent=33589"}],"wp:term":[{"taxonomy":"product_brand","embeddable":true,"href":"https:\/\/siulubangos.lt\/lv\/wp-json\/wp\/v2\/product_brand?post=33589"},{"taxonomy":"product_cat","embeddable":true,"href":"https:\/\/siulubangos.lt\/lv\/wp-json\/wp\/v2\/product_cat?post=33589"},{"taxonomy":"product_tag","embeddable":true,"href":"https:\/\/siulubangos.lt\/lv\/wp-json\/wp\/v2\/product_tag?post=33589"}],"curies":[{"name":"wp","href":"https:\/\/api.w.org\/{rel}","templated":true}]}}