{"id":33606,"date":"2025-11-06T15:53:11","date_gmt":"2025-11-06T15:53:11","guid":{"rendered":"https:\/\/siulubangos.lt\/?post_type=product&#038;p=33606"},"modified":"2026-04-16T15:04:35","modified_gmt":"2026-04-16T12:04:35","slug":"prym-diegu-asinatajs-2-gab","status":"publish","type":"product","link":"https:\/\/siulubangos.lt\/lv\/parduotuve\/prym-siulu-iveriklis-2-vnt\/","title":{"rendered":"PRYM v\u012btnes ieliktnis (2 gab.)"},"content":{"rendered":"","protected":false},"excerpt":{"rendered":"<p>Alum\u012bnija pl\u0101ksn\u012bte nodro\u0161ina stingru satv\u0113rienu v\u012bt\u0146o\u0161anai, un tai ir skaists, nostal\u0123isks dizains. \u0160is Prym diegu v\u012bt\u0146ot\u0101js ir piem\u0113rots smalkiem diegiem un rokas \u0161ujamaj\u0101m adat\u0101m ar mazu acti\u0146u.<\/p>","protected":false},"featured_media":33607,"comment_status":"open","ping_status":"closed","template":"","meta":{"_acf_changed":false},"product_brand":[761],"product_cat":[533,310,547,528],"product_tag":[1232],"class_list":{"0":"post-33606","1":"product","2":"type-product","3":"status-publish","4":"has-post-thumbnail","6":"product_brand-prym","7":"product_cat-prym-gamintojas-kitos-priemones","8":"product_cat-mezgimo-priemones","9":"product_cat-akiu-laikikliai","10":"product_cat-priemones-tipas","11":"product_tag-prym","12":"pa_spalva-skaidrus-baltas","13":"pa_spalva-skaidrus-juodas","15":"first","16":"instock","17":"taxable","18":"shipping-taxable","19":"purchasable","20":"product-type-simple"},"acf":[],"_links":{"self":[{"href":"https:\/\/siulubangos.lt\/lv\/wp-json\/wp\/v2\/product\/33606","targetHints":{"allow":["GET"]}}],"collection":[{"href":"https:\/\/siulubangos.lt\/lv\/wp-json\/wp\/v2\/product"}],"about":[{"href":"https:\/\/siulubangos.lt\/lv\/wp-json\/wp\/v2\/types\/product"}],"replies":[{"embeddable":true,"href":"https:\/\/siulubangos.lt\/lv\/wp-json\/wp\/v2\/comments?post=33606"}],"version-history":[{"count":0,"href":"https:\/\/siulubangos.lt\/lv\/wp-json\/wp\/v2\/product\/33606\/revisions"}],"wp:featuredmedia":[{"embeddable":true,"href":"https:\/\/siulubangos.lt\/lv\/wp-json\/wp\/v2\/media\/33607"}],"wp:attachment":[{"href":"https:\/\/siulubangos.lt\/lv\/wp-json\/wp\/v2\/media?parent=33606"}],"wp:term":[{"taxonomy":"product_brand","embeddable":true,"href":"https:\/\/siulubangos.lt\/lv\/wp-json\/wp\/v2\/product_brand?post=33606"},{"taxonomy":"product_cat","embeddable":true,"href":"https:\/\/siulubangos.lt\/lv\/wp-json\/wp\/v2\/product_cat?post=33606"},{"taxonomy":"product_tag","embeddable":true,"href":"https:\/\/siulubangos.lt\/lv\/wp-json\/wp\/v2\/product_tag?post=33606"}],"curies":[{"name":"wp","href":"https:\/\/api.w.org\/{rel}","templated":true}]}}