{"id":33616,"date":"2025-11-06T16:23:50","date_gmt":"2025-11-06T16:23:50","guid":{"rendered":"https:\/\/siulubangos.lt\/?post_type=product&#038;p=33616"},"modified":"2026-01-12T16:34:29","modified_gmt":"2026-01-12T14:34:29","slug":"tulip-uzsegami-zymekliai-sirdeles-iv-spalvu","status":"publish","type":"product","link":"https:\/\/siulubangos.lt\/lv\/parduotuve\/tulip-uzsegami-zymekliai-sirdeles-iv-spalvu\/","title":{"rendered":"Tulip u\u017esegami \u017eymekliai \u0160IRDEL\u0116S (\u012fv. spalv\u0173)"},"content":{"rendered":"<h2>Tulip u\u017esegami \u017eymekliai \u0160IRDEL\u0116S (\u012fv. spalv\u0173)<\/h2>\n<p data-start=\"220\" data-end=\"488\">Tulip <strong data-start=\"226\" data-end=\"259\">u\u017esegami \u017eymekliai \u201e\u0160irdel\u0117s\u201c<\/strong> \u2013 tai prakti\u0161kas ir mielas \u012frankis, skirtas \u017eym\u0117ti akis, ra\u0161tus ar mezgimo sekas. Kiekvienas \u017eymeklis turi \u0161irdel\u0117s formos galvut\u0119, kuri ne tik atrodo dekoratyviai, bet ir patikimai laikosi ant si\u016blo, neslidin\u0117ja mezgimo metu.<\/p>\n<p data-start=\"490\" data-end=\"716\">\u017dymekliai yra <strong data-start=\"504\" data-end=\"522\">\u012fvairi\u0173 spalv\u0173<\/strong>, tod\u0117l galite lengvai atskirti skirtingas ra\u0161to dalis ar mezgimo sekas. Lengvai u\u017esegami ir nuimami, jie tinka \u012fvairaus storio si\u016blams ir tinka tiek pradedan\u010dioms, tiek patyrusioms mezg\u0117joms.<\/p>","protected":false},"excerpt":{"rendered":"<p>Tulip \u017eymekliai &#8211; ma\u017eos detal\u0117s, kurios daro didel\u012f skirtum\u0105. Tobulas pasirinkimas tiek pradedantiesiems, tiek profesionaliems k\u016br\u0117jams. Komplekte 7 vnt. Tvirti, patikimi palydovai mezgimo procese.<\/p>\n<div class=\"pointer-events-none h-px w-px\" aria-hidden=\"true\" data-edge=\"true\"><\/div>","protected":false},"featured_media":33617,"comment_status":"open","ping_status":"closed","template":"","meta":{"_acf_changed":false},"product_brand":[558],"product_cat":[310,529,528,532,548],"product_tag":[1229],"class_list":{"0":"post-33616","1":"product","2":"type-product","3":"status-publish","4":"has-post-thumbnail","6":"product_brand-tulip","7":"product_cat-mezgimo-priemones","8":"product_cat-gamintojas-kitos-priemones","9":"product_cat-priemones-tipas","10":"product_cat-tulip-gamintojas-kitos-priemones","11":"product_cat-zymekliai","12":"product_tag-tulip","13":"pa_spalva-melva","14":"pa_spalva-rozine","15":"pa_spalva-zalia","17":"first","18":"instock","19":"taxable","20":"shipping-taxable","21":"purchasable","22":"product-type-variable"},"acf":[],"_links":{"self":[{"href":"https:\/\/siulubangos.lt\/lv\/wp-json\/wp\/v2\/product\/33616","targetHints":{"allow":["GET"]}}],"collection":[{"href":"https:\/\/siulubangos.lt\/lv\/wp-json\/wp\/v2\/product"}],"about":[{"href":"https:\/\/siulubangos.lt\/lv\/wp-json\/wp\/v2\/types\/product"}],"replies":[{"embeddable":true,"href":"https:\/\/siulubangos.lt\/lv\/wp-json\/wp\/v2\/comments?post=33616"}],"version-history":[{"count":0,"href":"https:\/\/siulubangos.lt\/lv\/wp-json\/wp\/v2\/product\/33616\/revisions"}],"wp:featuredmedia":[{"embeddable":true,"href":"https:\/\/siulubangos.lt\/lv\/wp-json\/wp\/v2\/media\/33617"}],"wp:attachment":[{"href":"https:\/\/siulubangos.lt\/lv\/wp-json\/wp\/v2\/media?parent=33616"}],"wp:term":[{"taxonomy":"product_brand","embeddable":true,"href":"https:\/\/siulubangos.lt\/lv\/wp-json\/wp\/v2\/product_brand?post=33616"},{"taxonomy":"product_cat","embeddable":true,"href":"https:\/\/siulubangos.lt\/lv\/wp-json\/wp\/v2\/product_cat?post=33616"},{"taxonomy":"product_tag","embeddable":true,"href":"https:\/\/siulubangos.lt\/lv\/wp-json\/wp\/v2\/product_tag?post=33616"}],"curies":[{"name":"wp","href":"https:\/\/api.w.org\/{rel}","templated":true}]}}