{"id":33624,"date":"2025-11-06T16:34:22","date_gmt":"2025-11-06T16:34:22","guid":{"rendered":"https:\/\/siulubangos.lt\/?post_type=product&#038;p=33624"},"modified":"2026-03-09T11:09:33","modified_gmt":"2026-03-09T09:09:33","slug":"milward-elastinis-siulas-200-m","status":"publish","type":"product","link":"https:\/\/siulubangos.lt\/lv\/parduotuve\/milward-elastinis-siulas-200-m\/","title":{"rendered":"MILWARD elastinis si\u016blas (200 m)"},"content":{"rendered":"","protected":false},"excerpt":{"rendered":"<p>\u0160is patogus si\u016blomas elastikas Milward tinka tiek mezgimui, tiek v\u0105\u0161eliavimui su j\u016bs\u0173 pasirinktu si\u016blu. \u012etraukdami plon\u0105 skaidr\u0173 elastik\u0105 \u012f savo darb\u0105, pavyzd\u017eiui, kojini\u0173 arba rankovi\u0173 kra\u0161teliuose, suteikiate papildomo tamprumo.<\/p>","protected":false},"featured_media":33625,"comment_status":"open","ping_status":"closed","template":"","meta":{"_acf_changed":false},"product_brand":[766],"product_cat":[310,529,2064,528,1260],"product_tag":[1242],"class_list":{"0":"post-33624","1":"product","2":"type-product","3":"status-publish","4":"has-post-thumbnail","6":"product_brand-milward","7":"product_cat-mezgimo-priemones","8":"product_cat-gamintojas-kitos-priemones","9":"product_cat-milward","10":"product_cat-priemones-tipas","11":"product_cat-siuvimo-siulai","12":"product_tag-milward","14":"first","15":"instock","16":"taxable","17":"shipping-taxable","18":"purchasable","19":"product-type-simple"},"acf":[],"_links":{"self":[{"href":"https:\/\/siulubangos.lt\/lv\/wp-json\/wp\/v2\/product\/33624","targetHints":{"allow":["GET"]}}],"collection":[{"href":"https:\/\/siulubangos.lt\/lv\/wp-json\/wp\/v2\/product"}],"about":[{"href":"https:\/\/siulubangos.lt\/lv\/wp-json\/wp\/v2\/types\/product"}],"replies":[{"embeddable":true,"href":"https:\/\/siulubangos.lt\/lv\/wp-json\/wp\/v2\/comments?post=33624"}],"version-history":[{"count":0,"href":"https:\/\/siulubangos.lt\/lv\/wp-json\/wp\/v2\/product\/33624\/revisions"}],"wp:featuredmedia":[{"embeddable":true,"href":"https:\/\/siulubangos.lt\/lv\/wp-json\/wp\/v2\/media\/33625"}],"wp:attachment":[{"href":"https:\/\/siulubangos.lt\/lv\/wp-json\/wp\/v2\/media?parent=33624"}],"wp:term":[{"taxonomy":"product_brand","embeddable":true,"href":"https:\/\/siulubangos.lt\/lv\/wp-json\/wp\/v2\/product_brand?post=33624"},{"taxonomy":"product_cat","embeddable":true,"href":"https:\/\/siulubangos.lt\/lv\/wp-json\/wp\/v2\/product_cat?post=33624"},{"taxonomy":"product_tag","embeddable":true,"href":"https:\/\/siulubangos.lt\/lv\/wp-json\/wp\/v2\/product_tag?post=33624"}],"curies":[{"name":"wp","href":"https:\/\/api.w.org\/{rel}","templated":true}]}}